{"id":3443,"date":"2024-06-29T16:02:21","date_gmt":"2024-06-29T14:02:21","guid":{"rendered":"https:\/\/artfloral-boutique.com\/?page_id=3443"},"modified":"2024-07-01T18:40:27","modified_gmt":"2024-07-01T16:40:27","slug":"cote-vermeille-port-vendres-yacht-florist-flowers-delivery-service","status":"publish","type":"page","link":"https:\/\/artfloral-boutique.com\/?page_id=3443","title":{"rendered":"C\u00f4te Vermeille &#8211; Port Vendres &#8211; Yacht florist &#8211; flowers delivery service"},"content":{"rendered":"<p>C\u00f4te Vermeille &#8211; Port Vendres &#8211; Artisan Fleuriste pour Yachts.<\/p>\n<p>Artisan fleuriste \u00e0 Argel\u00e8s sur mer depuis trois g\u00e9n\u00e9ration, non loin du port de PORT VENDRES (Pyr\u00e9n\u00e9es Orientales &#8211; 66), nous avons de nombreuses ann\u00e9es d&rsquo;exp\u00e9rience pour la pr\u00e9paration de d\u00e9corations florales. Si vous \u00eates en charge de la d\u00e9coration florale d&rsquo;un yacht amarr\u00e9 \u00e0 Port Vendres, vous pouvez nous contacter via whats&rsquo;app +336.17.32.15.12 pour nous communiquer vos besoins en terme de fleurs, avec vos instructions (dimension, int\u00e9rieur ou ext\u00e9rieur), couleurs, style et nous envoyer vos photos. Nous pouvons vous livrer sur place et vous envoyer la facture.<\/p>\n<p>&nbsp;<\/p>\n<p>C\u00f4te Vermeille &#8211; Port Vendres &#8211; Yacht florist &#8211; flowers delivery service.<\/p>\n<p>&nbsp;<\/p>\n<p>Artisan florist in Argel\u00e8s sur mer for three generations, not far from the port of PORT VENDRES (Pyr\u00e9n\u00e9es Orientales &#8211; 66), we have many years of experience in the preparation of floral decorations. If you are in charge of the floral decoration of a yacht moored in Port Vendres, you can contact us via whats&rsquo;app +336.17.32.15.12 to communicate your needs in terms of flowers, with your instructions (dimension, interior or exterior), colors, style and send us your photos. We are able to deliver to you on site and send you the invoice.<\/p>\n\n\n<figure class=\"wp-block-image size-large\"><img fetchpriority=\"high\" decoding=\"async\" width=\"1024\" height=\"768\" src=\"https:\/\/artfloral-boutique.com\/wp-content\/uploads\/2024\/07\/IMG_20220106_102631-1024x768.jpg\" alt=\"\" class=\"wp-image-3452\" srcset=\"https:\/\/artfloral-boutique.com\/wp-content\/uploads\/2024\/07\/IMG_20220106_102631-1024x768.jpg 1024w, https:\/\/artfloral-boutique.com\/wp-content\/uploads\/2024\/07\/IMG_20220106_102631-300x225.jpg 300w, https:\/\/artfloral-boutique.com\/wp-content\/uploads\/2024\/07\/IMG_20220106_102631-768x576.jpg 768w, https:\/\/artfloral-boutique.com\/wp-content\/uploads\/2024\/07\/IMG_20220106_102631-1536x1152.jpg 1536w, https:\/\/artfloral-boutique.com\/wp-content\/uploads\/2024\/07\/IMG_20220106_102631-2048x1536.jpg 2048w, https:\/\/artfloral-boutique.com\/wp-content\/uploads\/2024\/07\/IMG_20220106_102631-80x60.jpg 80w, https:\/\/artfloral-boutique.com\/wp-content\/uploads\/2024\/07\/IMG_20220106_102631-600x450.jpg 600w, https:\/\/artfloral-boutique.com\/wp-content\/uploads\/2024\/07\/IMG_20220106_102631-120x90.jpg 120w\" sizes=\"(max-width: 1024px) 100vw, 1024px\" \/><\/figure>\n","protected":false},"excerpt":{"rendered":"<p>C\u00f4te Vermeille &#8211; Port Vendres &#8211; Artisan Fleuriste pour Yachts. Artisan fleuriste \u00e0 Argel\u00e8s sur mer depuis trois g\u00e9n\u00e9ration, non loin du port de PORT VENDRES (Pyr\u00e9n\u00e9es Orientales &#8211; 66), nous avons de nombreuses ann\u00e9es d&rsquo;exp\u00e9rience pour la pr\u00e9paration de d\u00e9corations florales. Si vous \u00eates en charge de la d\u00e9coration florale d&rsquo;un yacht amarr\u00e9 \u00e0 &hellip; <\/p>\n","protected":false},"author":1,"featured_media":0,"parent":0,"menu_order":0,"comment_status":"closed","ping_status":"closed","template":"","meta":{"footnotes":""},"class_list":["post-3443","page","type-page","status-publish","hentry","latest_post"],"_links":{"self":[{"href":"https:\/\/artfloral-boutique.com\/index.php?rest_route=\/wp\/v2\/pages\/3443","targetHints":{"allow":["GET"]}}],"collection":[{"href":"https:\/\/artfloral-boutique.com\/index.php?rest_route=\/wp\/v2\/pages"}],"about":[{"href":"https:\/\/artfloral-boutique.com\/index.php?rest_route=\/wp\/v2\/types\/page"}],"author":[{"embeddable":true,"href":"https:\/\/artfloral-boutique.com\/index.php?rest_route=\/wp\/v2\/users\/1"}],"replies":[{"embeddable":true,"href":"https:\/\/artfloral-boutique.com\/index.php?rest_route=%2Fwp%2Fv2%2Fcomments&post=3443"}],"version-history":[{"count":2,"href":"https:\/\/artfloral-boutique.com\/index.php?rest_route=\/wp\/v2\/pages\/3443\/revisions"}],"predecessor-version":[{"id":3453,"href":"https:\/\/artfloral-boutique.com\/index.php?rest_route=\/wp\/v2\/pages\/3443\/revisions\/3453"}],"wp:attachment":[{"href":"https:\/\/artfloral-boutique.com\/index.php?rest_route=%2Fwp%2Fv2%2Fmedia&parent=3443"}],"curies":[{"name":"wp","href":"https:\/\/api.w.org\/{rel}","templated":true}]}}