{"id":4855,"date":"2026-05-16T15:36:30","date_gmt":"2026-05-16T13:36:30","guid":{"rendered":"https:\/\/artfloral-boutique.com\/?page_id=4855"},"modified":"2026-05-16T16:10:02","modified_gmt":"2026-05-16T14:10:02","slug":"nos-partenaires","status":"publish","type":"page","link":"https:\/\/artfloral-boutique.com\/?page_id=4855","title":{"rendered":"Nos Partenaires"},"content":{"rendered":"\t\t<div data-elementor-type=\"wp-page\" data-elementor-id=\"4855\" class=\"elementor elementor-4855\">\n\t\t\t\t\t\t<section class=\"elementor-section elementor-top-section elementor-element elementor-element-13c7be2 elementor-section-boxed elementor-section-height-default elementor-section-height-default\" data-id=\"13c7be2\" data-element_type=\"section\" data-e-type=\"section\">\n\t\t\t\t\t\t<div class=\"elementor-container elementor-column-gap-default\">\n\t\t\t\t\t<div class=\"elementor-column elementor-col-100 elementor-top-column elementor-element elementor-element-3fa4c60\" data-id=\"3fa4c60\" data-element_type=\"column\" data-e-type=\"column\">\n\t\t\t<div class=\"elementor-widget-wrap elementor-element-populated\">\n\t\t\t\t\t\t<div class=\"elementor-element elementor-element-5fdcb55 elementor-widget elementor-widget-text-editor\" data-id=\"5fdcb55\" data-element_type=\"widget\" data-e-type=\"widget\" data-widget_type=\"text-editor.default\">\n\t\t\t\t<div class=\"elementor-widget-container\">\n\t\t\t\t\t\t\t\t\t<p>Pr\u00e9sent \u00e0 Argel\u00e8s depuis plusieurs d\u00e9cennies, notre maison travaille en collaboration avec les meilleurs \u00e9tablissements de la c\u00f4te Vermeille. Ils nous font confiance et nous voulions vous les pr\u00e9senter.<\/p>\t\t\t\t\t\t\t\t<\/div>\n\t\t\t\t<\/div>\n\t\t\t\t\t<\/div>\n\t\t<\/div>\n\t\t\t\t\t<\/div>\n\t\t<\/section>\n\t\t\t\t<section class=\"elementor-section elementor-top-section elementor-element elementor-element-b75a4a1 elementor-section-boxed elementor-section-height-default elementor-section-height-default\" data-id=\"b75a4a1\" data-element_type=\"section\" data-e-type=\"section\">\n\t\t\t\t\t\t<div class=\"elementor-container elementor-column-gap-default\">\n\t\t\t\t\t<div class=\"elementor-column elementor-col-100 elementor-top-column elementor-element elementor-element-07725bc\" data-id=\"07725bc\" data-element_type=\"column\" data-e-type=\"column\">\n\t\t\t<div class=\"elementor-widget-wrap elementor-element-populated\">\n\t\t\t\t\t\t<div class=\"elementor-element elementor-element-2fe7f85 elementor-widget elementor-widget-heading\" data-id=\"2fe7f85\" data-element_type=\"widget\" data-e-type=\"widget\" data-widget_type=\"heading.default\">\n\t\t\t\t<div class=\"elementor-widget-container\">\n\t\t\t\t\t<h2 class=\"elementor-heading-title elementor-size-default\">Le Grand H\u00f4tel du Lido****<\/h2>\t\t\t\t<\/div>\n\t\t\t\t<\/div>\n\t\t\t\t\t<\/div>\n\t\t<\/div>\n\t\t\t\t\t<\/div>\n\t\t<\/section>\n\t\t\t\t<section class=\"elementor-section elementor-top-section elementor-element elementor-element-f944a6b elementor-section-boxed elementor-section-height-default elementor-section-height-default\" data-id=\"f944a6b\" data-element_type=\"section\" data-e-type=\"section\">\n\t\t\t\t\t\t<div class=\"elementor-container elementor-column-gap-default\">\n\t\t\t\t\t<div class=\"elementor-column elementor-col-50 elementor-top-column elementor-element elementor-element-3e575b3\" data-id=\"3e575b3\" data-element_type=\"column\" data-e-type=\"column\">\n\t\t\t<div class=\"elementor-widget-wrap elementor-element-populated\">\n\t\t\t\t\t\t<div class=\"elementor-element elementor-element-973e7d3 elementor-widget__width-initial elementor-widget elementor-widget-image\" data-id=\"973e7d3\" data-element_type=\"widget\" data-e-type=\"widget\" data-widget_type=\"image.default\">\n\t\t\t\t<div class=\"elementor-widget-container\">\n\t\t\t\t\t\t\t\t\t\t\t\t\t\t\t<img fetchpriority=\"high\" decoding=\"async\" width=\"683\" height=\"1024\" src=\"https:\/\/artfloral-boutique.com\/wp-content\/uploads\/2026\/05\/exterieur-1-lido-683x1024.webp\" class=\"attachment-large size-large wp-image-4856\" alt=\"\" srcset=\"https:\/\/artfloral-boutique.com\/wp-content\/uploads\/2026\/05\/exterieur-1-lido-683x1024.webp 683w, https:\/\/artfloral-boutique.com\/wp-content\/uploads\/2026\/05\/exterieur-1-lido-200x300.webp 200w, https:\/\/artfloral-boutique.com\/wp-content\/uploads\/2026\/05\/exterieur-1-lido-768x1152.webp 768w, https:\/\/artfloral-boutique.com\/wp-content\/uploads\/2026\/05\/exterieur-1-lido-1024x1536.webp 1024w, https:\/\/artfloral-boutique.com\/wp-content\/uploads\/2026\/05\/exterieur-1-lido-1365x2048.webp 1365w, https:\/\/artfloral-boutique.com\/wp-content\/uploads\/2026\/05\/exterieur-1-lido-40x60.webp 40w, https:\/\/artfloral-boutique.com\/wp-content\/uploads\/2026\/05\/exterieur-1-lido-600x900.webp 600w, https:\/\/artfloral-boutique.com\/wp-content\/uploads\/2026\/05\/exterieur-1-lido-scaled.webp 1707w\" sizes=\"(max-width: 683px) 100vw, 683px\" \/>\t\t\t\t\t\t\t\t\t\t\t\t\t\t\t<\/div>\n\t\t\t\t<\/div>\n\t\t\t\t\t<\/div>\n\t\t<\/div>\n\t\t\t\t<div class=\"elementor-column elementor-col-50 elementor-top-column elementor-element elementor-element-d1a4dda\" data-id=\"d1a4dda\" data-element_type=\"column\" data-e-type=\"column\">\n\t\t\t<div class=\"elementor-widget-wrap elementor-element-populated\">\n\t\t\t\t\t\t<div class=\"elementor-element elementor-element-7fc1b51 elementor-widget elementor-widget-text-editor\" data-id=\"7fc1b51\" data-element_type=\"widget\" data-e-type=\"widget\" data-widget_type=\"text-editor.default\">\n\t\t\t\t<div class=\"elementor-widget-container\">\n\t\t\t\t\t\t\t\t\t<h2>L&rsquo;ESPRIT LIDO, UN H\u00d4TEL 4 \u00c9TOILES<\/h2><h3>Les pieds dans le sable \u00e0 Argel\u00e8s-sur-Mer<\/h3><div><p>N\u00e9 dans les ann\u00e9es 60, Le Lido est le premier h\u00f4tel \u00e0 s\u2019installer sur le <strong>front de mer<\/strong>. \u00a0Aujourd\u2019hui encore, il reste une adresse mythique avec acc\u00e8s direct \u00e0 la plage, vue imprenable, piscine ext\u00e9rieure et ambiance familiale. Entre M\u00e9diterran\u00e9e et pin\u00e8de, profitez d\u2019un emplacement exceptionnel berc\u00e9 par le calme et \u00e0 deux pas du c\u0153ur d\u2019Argel\u00e8s-sur-Mer. Ici, chaque lever de soleil nous rappelle que certaines histoires ne vieillissent jamais\u2026<\/p><\/div>\t\t\t\t\t\t\t\t<\/div>\n\t\t\t\t<\/div>\n\t\t\t\t\t<\/div>\n\t\t<\/div>\n\t\t\t\t\t<\/div>\n\t\t<\/section>\n\t\t\t\t<section class=\"elementor-section elementor-top-section elementor-element elementor-element-4ef6168 elementor-section-boxed elementor-section-height-default elementor-section-height-default\" data-id=\"4ef6168\" data-element_type=\"section\" data-e-type=\"section\">\n\t\t\t\t\t\t<div class=\"elementor-container elementor-column-gap-default\">\n\t\t\t\t\t<div class=\"elementor-column elementor-col-100 elementor-top-column elementor-element elementor-element-e320d52\" data-id=\"e320d52\" data-element_type=\"column\" data-e-type=\"column\">\n\t\t\t<div class=\"elementor-widget-wrap elementor-element-populated\">\n\t\t\t\t\t\t<div class=\"elementor-element elementor-element-f32d04e elementor-align-center elementor-widget elementor-widget-button\" data-id=\"f32d04e\" data-element_type=\"widget\" data-e-type=\"widget\" data-widget_type=\"button.default\">\n\t\t\t\t<div class=\"elementor-widget-container\">\n\t\t\t\t\t\t\t\t\t<div class=\"elementor-button-wrapper\">\n\t\t\t\t\t<a class=\"elementor-button elementor-button-link elementor-size-sm\" href=\"https:\/\/www.hotel-le-lido.com\/\">\n\t\t\t\t\t\t<span class=\"elementor-button-content-wrapper\">\n\t\t\t\t\t\t\t\t\t<span class=\"elementor-button-text\">Cliquez ici - visitez le site de notre partenaire<\/span>\n\t\t\t\t\t<\/span>\n\t\t\t\t\t<\/a>\n\t\t\t\t<\/div>\n\t\t\t\t\t\t\t\t<\/div>\n\t\t\t\t<\/div>\n\t\t\t\t\t<\/div>\n\t\t<\/div>\n\t\t\t\t\t<\/div>\n\t\t<\/section>\n\t\t\t\t<section class=\"elementor-section elementor-top-section elementor-element elementor-element-4fe98f6 elementor-section-boxed elementor-section-height-default elementor-section-height-default\" data-id=\"4fe98f6\" data-element_type=\"section\" data-e-type=\"section\">\n\t\t\t\t\t\t<div class=\"elementor-container elementor-column-gap-default\">\n\t\t\t\t\t<div class=\"elementor-column elementor-col-100 elementor-top-column elementor-element elementor-element-063812f\" data-id=\"063812f\" data-element_type=\"column\" data-e-type=\"column\">\n\t\t\t<div class=\"elementor-widget-wrap elementor-element-populated\">\n\t\t\t\t\t\t<div class=\"elementor-element elementor-element-3e31c1b elementor-widget-divider--view-line elementor-widget elementor-widget-divider\" data-id=\"3e31c1b\" data-element_type=\"widget\" data-e-type=\"widget\" data-widget_type=\"divider.default\">\n\t\t\t\t<div class=\"elementor-widget-container\">\n\t\t\t\t\t\t\t<div class=\"elementor-divider\">\n\t\t\t<span class=\"elementor-divider-separator\">\n\t\t\t\t\t\t<\/span>\n\t\t<\/div>\n\t\t\t\t\t\t<\/div>\n\t\t\t\t<\/div>\n\t\t\t\t\t<\/div>\n\t\t<\/div>\n\t\t\t\t\t<\/div>\n\t\t<\/section>\n\t\t\t\t<section class=\"elementor-section elementor-top-section elementor-element elementor-element-0a27960 elementor-section-boxed elementor-section-height-default elementor-section-height-default\" data-id=\"0a27960\" data-element_type=\"section\" data-e-type=\"section\">\n\t\t\t\t\t\t<div class=\"elementor-container elementor-column-gap-default\">\n\t\t\t\t\t<div class=\"elementor-column elementor-col-100 elementor-top-column elementor-element elementor-element-77987c2\" data-id=\"77987c2\" data-element_type=\"column\" data-e-type=\"column\">\n\t\t\t<div class=\"elementor-widget-wrap elementor-element-populated\">\n\t\t\t\t\t\t<div class=\"elementor-element elementor-element-981587e elementor-widget elementor-widget-heading\" data-id=\"981587e\" data-element_type=\"widget\" data-e-type=\"widget\" data-widget_type=\"heading.default\">\n\t\t\t\t<div class=\"elementor-widget-container\">\n\t\t\t\t\t<h2 class=\"elementor-heading-title elementor-size-default\">Le Grand H\u00f4tel du Golfe****<\/h2>\t\t\t\t<\/div>\n\t\t\t\t<\/div>\n\t\t\t\t\t<\/div>\n\t\t<\/div>\n\t\t\t\t\t<\/div>\n\t\t<\/section>\n\t\t\t\t<section class=\"elementor-section elementor-top-section elementor-element elementor-element-1d5aa72 elementor-section-boxed elementor-section-height-default elementor-section-height-default\" data-id=\"1d5aa72\" data-element_type=\"section\" data-e-type=\"section\">\n\t\t\t\t\t\t<div class=\"elementor-container elementor-column-gap-default\">\n\t\t\t\t\t<div class=\"elementor-column elementor-col-50 elementor-top-column elementor-element elementor-element-808542e\" data-id=\"808542e\" data-element_type=\"column\" data-e-type=\"column\">\n\t\t\t<div class=\"elementor-widget-wrap elementor-element-populated\">\n\t\t\t\t\t\t<div class=\"elementor-element elementor-element-87851a4 elementor-widget__width-initial elementor-widget elementor-widget-image\" data-id=\"87851a4\" data-element_type=\"widget\" data-e-type=\"widget\" data-widget_type=\"image.default\">\n\t\t\t\t<div class=\"elementor-widget-container\">\n\t\t\t\t\t\t\t\t\t\t\t\t\t\t\t<img decoding=\"async\" width=\"1024\" height=\"683\" src=\"https:\/\/artfloral-boutique.com\/wp-content\/uploads\/2026\/05\/GHG-1024x683.webp\" class=\"attachment-large size-large wp-image-4862\" alt=\"\" srcset=\"https:\/\/artfloral-boutique.com\/wp-content\/uploads\/2026\/05\/GHG-1024x683.webp 1024w, https:\/\/artfloral-boutique.com\/wp-content\/uploads\/2026\/05\/GHG-300x200.webp 300w, https:\/\/artfloral-boutique.com\/wp-content\/uploads\/2026\/05\/GHG-768x512.webp 768w, https:\/\/artfloral-boutique.com\/wp-content\/uploads\/2026\/05\/GHG-90x60.webp 90w, https:\/\/artfloral-boutique.com\/wp-content\/uploads\/2026\/05\/GHG-374x249.webp 374w, https:\/\/artfloral-boutique.com\/wp-content\/uploads\/2026\/05\/GHG-600x400.webp 600w, https:\/\/artfloral-boutique.com\/wp-content\/uploads\/2026\/05\/GHG.webp 1440w\" sizes=\"(max-width: 1024px) 100vw, 1024px\" \/>\t\t\t\t\t\t\t\t\t\t\t\t\t\t\t<\/div>\n\t\t\t\t<\/div>\n\t\t\t\t<div class=\"elementor-element elementor-element-441bfed elementor-align-center elementor-widget elementor-widget-button\" data-id=\"441bfed\" data-element_type=\"widget\" data-e-type=\"widget\" data-widget_type=\"button.default\">\n\t\t\t\t<div class=\"elementor-widget-container\">\n\t\t\t\t\t\t\t\t\t<div class=\"elementor-button-wrapper\">\n\t\t\t\t\t<a class=\"elementor-button elementor-button-link elementor-size-sm\" href=\"https:\/\/www.grandhoteldugolfe.com\/fr\/\">\n\t\t\t\t\t\t<span class=\"elementor-button-content-wrapper\">\n\t\t\t\t\t\t\t\t\t<span class=\"elementor-button-text\">Cliquez ici - visitez le site de notre partenaire<\/span>\n\t\t\t\t\t<\/span>\n\t\t\t\t\t<\/a>\n\t\t\t\t<\/div>\n\t\t\t\t\t\t\t\t<\/div>\n\t\t\t\t<\/div>\n\t\t\t\t\t<\/div>\n\t\t<\/div>\n\t\t\t\t<div class=\"elementor-column elementor-col-50 elementor-top-column elementor-element elementor-element-d620a30\" data-id=\"d620a30\" data-element_type=\"column\" data-e-type=\"column\">\n\t\t\t<div class=\"elementor-widget-wrap elementor-element-populated\">\n\t\t\t\t\t\t<div class=\"elementor-element elementor-element-0ee3614 elementor-widget elementor-widget-text-editor\" data-id=\"0ee3614\" data-element_type=\"widget\" data-e-type=\"widget\" data-widget_type=\"text-editor.default\">\n\t\t\t\t<div class=\"elementor-widget-container\">\n\t\t\t\t\t\t\t\t\t<h2 id=\"4189\" class=\"title is-design-secondary is-color-primary block-title\" data-v-20bc167f=\"\" data-v-db825089=\"\"><span class=\"main-line\" data-v-db825089=\"\" data-animated=\"\" data-animating=\"\">Bulle de d\u00e9connexion<\/span><br data-v-db825089=\"\" \/><span class=\"second-line is-highlighted\" data-v-db825089=\"\" data-animated=\"\" data-animating=\"\">sur la C\u00f4te Vermeille<\/span><\/h2><div class=\"textual-content-rich\" data-v-20bc167f=\"\" data-v-9bddf901=\"\"><div class=\"textual-content-simple\" data-v-9bddf901=\"\" data-v-a6f75783=\"\"><div class=\"texts\" data-v-a6f75783=\"\" data-v-b3cbbc7d=\"\" data-animated=\"\" data-animating=\"\"><p>Sur la corniche reliant Argel\u00e8s-sur-Mer \u00e0 Collioure, le Grand H\u00f4tel du Golfe vous invite \u00e0\u00a0<strong>une parenth\u00e8se d\u2019exception dans un jardin m\u00e9diterran\u00e9en face \u00e0 la mer<\/strong>. Ici, la douceur de vivre est une \u00e9vidence : 36 chambres et suites ouvertes sur les criques secr\u00e8tes de Porteils,\u00a0<strong>un restaurant bistronomique entre terre et mer, un spa confidentiel, des espaces de r\u00e9ception sur mesure<\/strong>\u00a0et, \u00e0 proximit\u00e9,\u00a0<strong>notre domaine viticole familial \u00ab Terre Jaume \u00bb<\/strong>. Chaque lieu a \u00e9t\u00e9 pens\u00e9 pour offrir confort, s\u00e9r\u00e9nit\u00e9 et authenticit\u00e9.<\/p><\/div><\/div><\/div>\t\t\t\t\t\t\t\t<\/div>\n\t\t\t\t<\/div>\n\t\t\t\t\t<\/div>\n\t\t<\/div>\n\t\t\t\t\t<\/div>\n\t\t<\/section>\n\t\t\t\t<section class=\"elementor-section elementor-top-section elementor-element elementor-element-4f40f4d elementor-section-boxed elementor-section-height-default elementor-section-height-default\" data-id=\"4f40f4d\" data-element_type=\"section\" data-e-type=\"section\">\n\t\t\t\t\t\t<div class=\"elementor-container elementor-column-gap-default\">\n\t\t\t\t\t<div class=\"elementor-column elementor-col-100 elementor-top-column elementor-element elementor-element-ba2ec3e\" data-id=\"ba2ec3e\" data-element_type=\"column\" data-e-type=\"column\">\n\t\t\t<div class=\"elementor-widget-wrap elementor-element-populated\">\n\t\t\t\t\t\t<div class=\"elementor-element elementor-element-bc15d9e elementor-widget-divider--view-line elementor-widget elementor-widget-divider\" data-id=\"bc15d9e\" data-element_type=\"widget\" data-e-type=\"widget\" data-widget_type=\"divider.default\">\n\t\t\t\t<div class=\"elementor-widget-container\">\n\t\t\t\t\t\t\t<div class=\"elementor-divider\">\n\t\t\t<span class=\"elementor-divider-separator\">\n\t\t\t\t\t\t<\/span>\n\t\t<\/div>\n\t\t\t\t\t\t<\/div>\n\t\t\t\t<\/div>\n\t\t\t\t\t<\/div>\n\t\t<\/div>\n\t\t\t\t\t<\/div>\n\t\t<\/section>\n\t\t\t\t<section class=\"elementor-section elementor-top-section elementor-element elementor-element-530002e elementor-section-boxed elementor-section-height-default elementor-section-height-default\" data-id=\"530002e\" data-element_type=\"section\" data-e-type=\"section\">\n\t\t\t\t\t\t<div class=\"elementor-container elementor-column-gap-default\">\n\t\t\t\t\t<div class=\"elementor-column elementor-col-100 elementor-top-column elementor-element elementor-element-d633a5c\" data-id=\"d633a5c\" data-element_type=\"column\" data-e-type=\"column\">\n\t\t\t<div class=\"elementor-widget-wrap elementor-element-populated\">\n\t\t\t\t\t\t<div class=\"elementor-element elementor-element-ffd0ed7 elementor-widget elementor-widget-heading\" data-id=\"ffd0ed7\" data-element_type=\"widget\" data-e-type=\"widget\" data-widget_type=\"heading.default\">\n\t\t\t\t<div class=\"elementor-widget-container\">\n\t\t\t\t\t<h2 class=\"elementor-heading-title elementor-size-default\">l\u2019H\u00f4tel le Cottage****<\/h2>\t\t\t\t<\/div>\n\t\t\t\t<\/div>\n\t\t\t\t\t<\/div>\n\t\t<\/div>\n\t\t\t\t\t<\/div>\n\t\t<\/section>\n\t\t\t\t<section class=\"elementor-section elementor-top-section elementor-element elementor-element-f1554fd elementor-section-boxed elementor-section-height-default elementor-section-height-default\" data-id=\"f1554fd\" data-element_type=\"section\" data-e-type=\"section\">\n\t\t\t\t\t\t<div class=\"elementor-container elementor-column-gap-default\">\n\t\t\t\t\t<div class=\"elementor-column elementor-col-50 elementor-top-column elementor-element elementor-element-584f5a9\" data-id=\"584f5a9\" data-element_type=\"column\" data-e-type=\"column\">\n\t\t\t<div class=\"elementor-widget-wrap elementor-element-populated\">\n\t\t\t\t\t\t<div class=\"elementor-element elementor-element-5681682 elementor-widget elementor-widget-image\" data-id=\"5681682\" data-element_type=\"widget\" data-e-type=\"widget\" data-widget_type=\"image.default\">\n\t\t\t\t<div class=\"elementor-widget-container\">\n\t\t\t\t\t\t\t\t\t\t\t\t\t\t\t<img decoding=\"async\" width=\"1024\" height=\"679\" src=\"https:\/\/artfloral-boutique.com\/wp-content\/uploads\/2026\/05\/hotel-le-cottage-1024x679.jpg\" class=\"attachment-large size-large wp-image-4863\" alt=\"\" srcset=\"https:\/\/artfloral-boutique.com\/wp-content\/uploads\/2026\/05\/hotel-le-cottage-1024x679.jpg 1024w, https:\/\/artfloral-boutique.com\/wp-content\/uploads\/2026\/05\/hotel-le-cottage-300x199.jpg 300w, https:\/\/artfloral-boutique.com\/wp-content\/uploads\/2026\/05\/hotel-le-cottage-768x509.jpg 768w, https:\/\/artfloral-boutique.com\/wp-content\/uploads\/2026\/05\/hotel-le-cottage-91x60.jpg 91w, https:\/\/artfloral-boutique.com\/wp-content\/uploads\/2026\/05\/hotel-le-cottage-374x249.jpg 374w, https:\/\/artfloral-boutique.com\/wp-content\/uploads\/2026\/05\/hotel-le-cottage-600x398.jpg 600w, https:\/\/artfloral-boutique.com\/wp-content\/uploads\/2026\/05\/hotel-le-cottage.jpg 1400w\" sizes=\"(max-width: 1024px) 100vw, 1024px\" \/>\t\t\t\t\t\t\t\t\t\t\t\t\t\t\t<\/div>\n\t\t\t\t<\/div>\n\t\t\t\t<div class=\"elementor-element elementor-element-85fc03f elementor-align-center elementor-widget elementor-widget-button\" data-id=\"85fc03f\" data-element_type=\"widget\" data-e-type=\"widget\" data-widget_type=\"button.default\">\n\t\t\t\t<div class=\"elementor-widget-container\">\n\t\t\t\t\t\t\t\t\t<div class=\"elementor-button-wrapper\">\n\t\t\t\t\t<a class=\"elementor-button elementor-button-link elementor-size-sm\" href=\"https:\/\/www.hotel-lecottage.com\/\">\n\t\t\t\t\t\t<span class=\"elementor-button-content-wrapper\">\n\t\t\t\t\t\t\t\t\t<span class=\"elementor-button-text\">Cliquez ici - visitez le site de notre partenaire<\/span>\n\t\t\t\t\t<\/span>\n\t\t\t\t\t<\/a>\n\t\t\t\t<\/div>\n\t\t\t\t\t\t\t\t<\/div>\n\t\t\t\t<\/div>\n\t\t\t\t\t<\/div>\n\t\t<\/div>\n\t\t\t\t<div class=\"elementor-column elementor-col-50 elementor-top-column elementor-element elementor-element-29e8d83\" data-id=\"29e8d83\" data-element_type=\"column\" data-e-type=\"column\">\n\t\t\t<div class=\"elementor-widget-wrap elementor-element-populated\">\n\t\t\t\t\t\t<div class=\"elementor-element elementor-element-a040de5 elementor-widget elementor-widget-text-editor\" data-id=\"a040de5\" data-element_type=\"widget\" data-e-type=\"widget\" data-widget_type=\"text-editor.default\">\n\t\t\t\t<div class=\"elementor-widget-container\">\n\t\t\t\t\t\t\t\t\t<h3><span class=\"frame-title\">H\u00f4tel de charme \u00e0 Argel\u00e8s sur Mer<\/span><\/h3><div class=\"frame-text-content\"><p>Bienvenue \u00e0 l\u2019H\u00f4tel le Cottage,<strong>\u00a0h\u00f4tel \u00e0 Argel\u00e8s-sur-Mer<\/strong>\u00a0! Pour vos\u00a0<strong>vacances en famille<\/strong>, vos\u00a0<strong>week-ends romantiques<\/strong>\u00a0ou vos\u00a0<strong>voyages touristiques entre amis<\/strong>\u00a0\u00e0 Argel\u00e8s sur Mer, pr\u00e9f\u00e9rez le\u00a0<strong>confort des chambres<\/strong>\u00a0et la\u00a0<strong>qualit\u00e9 des prestations<\/strong> de l\u2019H\u00f4tel Le Cottage. Dans notre <strong>h\u00f4tel de charme<\/strong>\u00a0\u00e0 Argel\u00e8s-sur-Mer, tout a \u00e9t\u00e9 pens\u00e9 pour votre confort :\u00a0<strong>espace spa<\/strong>,\u00a0<strong>salle fitness<\/strong>,<strong>\u00a0petit d\u00e9jeuner savoureux<\/strong>,\u00a0<strong>parking\u00a0<\/strong>et\u00a0<strong>chambres confortables<\/strong>. Laissez-vous tenter par un\u00a0<strong>s\u00e9jour d\u2019exception \u00e0 Argel\u00e8s-sur-Mer<\/strong>\u00a0!<\/p><\/div>\t\t\t\t\t\t\t\t<\/div>\n\t\t\t\t<\/div>\n\t\t\t\t\t<\/div>\n\t\t<\/div>\n\t\t\t\t\t<\/div>\n\t\t<\/section>\n\t\t\t\t<section class=\"elementor-section elementor-top-section elementor-element elementor-element-4b47322 elementor-section-boxed elementor-section-height-default elementor-section-height-default\" data-id=\"4b47322\" data-element_type=\"section\" data-e-type=\"section\">\n\t\t\t\t\t\t<div class=\"elementor-container elementor-column-gap-default\">\n\t\t\t\t\t<div class=\"elementor-column elementor-col-100 elementor-top-column elementor-element elementor-element-618c5b4\" data-id=\"618c5b4\" data-element_type=\"column\" data-e-type=\"column\">\n\t\t\t<div class=\"elementor-widget-wrap\">\n\t\t\t\t\t\t\t<\/div>\n\t\t<\/div>\n\t\t\t\t\t<\/div>\n\t\t<\/section>\n\t\t\t\t<section class=\"elementor-section elementor-top-section elementor-element elementor-element-82933a0 elementor-section-boxed elementor-section-height-default elementor-section-height-default\" data-id=\"82933a0\" data-element_type=\"section\" data-e-type=\"section\">\n\t\t\t\t\t\t<div class=\"elementor-container elementor-column-gap-default\">\n\t\t\t\t\t<div class=\"elementor-column elementor-col-100 elementor-top-column elementor-element elementor-element-cd50f42\" data-id=\"cd50f42\" data-element_type=\"column\" data-e-type=\"column\">\n\t\t\t<div class=\"elementor-widget-wrap\">\n\t\t\t\t\t\t\t<\/div>\n\t\t<\/div>\n\t\t\t\t\t<\/div>\n\t\t<\/section>\n\t\t\t\t<\/div>\n\t\t","protected":false},"excerpt":{"rendered":"<p>Pr\u00e9sent \u00e0 Argel\u00e8s depuis plusieurs d\u00e9cennies, notre maison travaille en collaboration avec les meilleurs \u00e9tablissements de la c\u00f4te Vermeille. Ils nous font confiance et nous voulions vous les pr\u00e9senter. Le Grand H\u00f4tel du Lido**** L&rsquo;ESPRIT LIDO, UN H\u00d4TEL 4 \u00c9TOILES Les pieds dans le sable \u00e0 Argel\u00e8s-sur-Mer N\u00e9 dans les ann\u00e9es 60, Le Lido est &hellip; <\/p>\n","protected":false},"author":1,"featured_media":0,"parent":0,"menu_order":0,"comment_status":"closed","ping_status":"closed","template":"","meta":{"footnotes":""},"class_list":["post-4855","page","type-page","status-publish","hentry","latest_post"],"_links":{"self":[{"href":"https:\/\/artfloral-boutique.com\/index.php?rest_route=\/wp\/v2\/pages\/4855","targetHints":{"allow":["GET"]}}],"collection":[{"href":"https:\/\/artfloral-boutique.com\/index.php?rest_route=\/wp\/v2\/pages"}],"about":[{"href":"https:\/\/artfloral-boutique.com\/index.php?rest_route=\/wp\/v2\/types\/page"}],"author":[{"embeddable":true,"href":"https:\/\/artfloral-boutique.com\/index.php?rest_route=\/wp\/v2\/users\/1"}],"replies":[{"embeddable":true,"href":"https:\/\/artfloral-boutique.com\/index.php?rest_route=%2Fwp%2Fv2%2Fcomments&post=4855"}],"version-history":[{"count":9,"href":"https:\/\/artfloral-boutique.com\/index.php?rest_route=\/wp\/v2\/pages\/4855\/revisions"}],"predecessor-version":[{"id":4869,"href":"https:\/\/artfloral-boutique.com\/index.php?rest_route=\/wp\/v2\/pages\/4855\/revisions\/4869"}],"wp:attachment":[{"href":"https:\/\/artfloral-boutique.com\/index.php?rest_route=%2Fwp%2Fv2%2Fmedia&parent=4855"}],"curies":[{"name":"wp","href":"https:\/\/api.w.org\/{rel}","templated":true}]}}