{"id":6,"date":"2020-07-24T08:33:34","date_gmt":"2020-07-24T06:33:34","guid":{"rendered":"https:\/\/artfloral-boutique.com\/?page_id=6"},"modified":"2025-01-22T10:31:11","modified_gmt":"2025-01-22T09:31:11","slug":"art-floral-fleuriste-a-argeles-sur-mer","status":"publish","type":"page","link":"https:\/\/artfloral-boutique.com\/?page_id=6","title":{"rendered":"Art Floral Fleuriste \u00e0 Argel\u00e8s sur mer"},"content":{"rendered":"<h3 style=\"text-align: center;\">Comment nous trouver ?<\/h3>\n<p style=\"text-align: center;\">La boutique de votre fleuriste Art Floral est situ\u00e9e au centre d&rsquo;Argel\u00e8s village, sur la route principale traversant le village, au niveau des feux tricolores, au croisement entre la route nationale, l&rsquo;avenue de la Gare et la rue pi\u00e9tonne avenue de la lib\u00e9ration.<\/p>\n<p><img fetchpriority=\"high\" decoding=\"async\" class=\"size-medium wp-image-3720 aligncenter\" src=\"https:\/\/artfloral-boutique.com\/wp-content\/uploads\/2025\/01\/IMG_20250122_100811-256x300.jpg\" alt=\"\" width=\"256\" height=\"300\" srcset=\"https:\/\/artfloral-boutique.com\/wp-content\/uploads\/2025\/01\/IMG_20250122_100811-256x300.jpg 256w, https:\/\/artfloral-boutique.com\/wp-content\/uploads\/2025\/01\/IMG_20250122_100811-875x1024.jpg 875w, https:\/\/artfloral-boutique.com\/wp-content\/uploads\/2025\/01\/IMG_20250122_100811-768x899.jpg 768w, https:\/\/artfloral-boutique.com\/wp-content\/uploads\/2025\/01\/IMG_20250122_100811-51x60.jpg 51w, https:\/\/artfloral-boutique.com\/wp-content\/uploads\/2025\/01\/IMG_20250122_100811-43x50.jpg 43w, https:\/\/artfloral-boutique.com\/wp-content\/uploads\/2025\/01\/IMG_20250122_100811-85x100.jpg 85w, https:\/\/artfloral-boutique.com\/wp-content\/uploads\/2025\/01\/IMG_20250122_100811-600x702.jpg 600w, https:\/\/artfloral-boutique.com\/wp-content\/uploads\/2025\/01\/IMG_20250122_100811-77x90.jpg 77w, https:\/\/artfloral-boutique.com\/wp-content\/uploads\/2025\/01\/IMG_20250122_100811.jpg 1054w\" sizes=\"(max-width: 256px) 100vw, 256px\" \/><\/p>\n<h4 style=\"text-align: center;\">Art Floral<br \/>\n32 Route Nationale<br \/>\n66700 Argel\u00e8s sur mer<\/h4>\n<h4 style=\"text-align: center;\"><em><span style=\"color: #ff006a;\">South of France \/ Pyr\u00e9n\u00e9es Orientales \/ FRANCE<\/span><\/em><\/h4>\n<p style=\"text-align: center;\"><iframe title=\"art floral macabiau gineste\" src=\"https:\/\/maps.google.com\/maps?q=art%20floral%20macabiau%20gineste&amp;t=m&amp;z=10&amp;output=embed&amp;iwloc=near\" frameborder=\"0\" marginwidth=\"0\" marginheight=\"0\" scrolling=\"no\" aria-label=\"art floral macabiau gineste\"><\/iframe><\/p>\n<h3 style=\"text-align: center;\">Comment nous contacter ?<\/h3>\n<h4 style=\"text-align: center;\"><strong>Par t\u00e9l\u00e9phone au 04 68 81 06 89<\/strong><\/h4>\n<h4 style=\"text-align: center;\"><a href=\"https:\/\/wa.me\/33617321512?text=nous%contacter\"><img decoding=\"async\" class=\"wp-image-3525 aligncenter\" src=\"https:\/\/artfloral-boutique.com\/wp-content\/uploads\/2024\/08\/WhatsAppButtonGreenSmall-300x68.png\" alt=\"\" width=\"216\" height=\"49\" srcset=\"https:\/\/artfloral-boutique.com\/wp-content\/uploads\/2024\/08\/WhatsAppButtonGreenSmall-300x68.png 300w, https:\/\/artfloral-boutique.com\/wp-content\/uploads\/2024\/08\/WhatsAppButtonGreenSmall-267x60.png 267w, https:\/\/artfloral-boutique.com\/wp-content\/uploads\/2024\/08\/WhatsAppButtonGreenSmall-50x11.png 50w, https:\/\/artfloral-boutique.com\/wp-content\/uploads\/2024\/08\/WhatsAppButtonGreenSmall-100x23.png 100w, https:\/\/artfloral-boutique.com\/wp-content\/uploads\/2024\/08\/WhatsAppButtonGreenSmall-190x43.png 190w, https:\/\/artfloral-boutique.com\/wp-content\/uploads\/2024\/08\/WhatsAppButtonGreenSmall.png 320w\" sizes=\"(max-width: 216px) 100vw, 216px\" \/><\/a><\/h4>\n<p style=\"text-align: center;\">e-mail : <a href=\"mailto:artfloral.argeles@gmail.com\">artfloral.argeles@gmail.com<\/a><\/p>\n<p style=\"text-align: center;\"><a href=\"https:\/\/www.instagram.com\/artfloral.argeles\/\"><img decoding=\"async\" class=\"wp-image-3532 aligncenter\" src=\"https:\/\/artfloral-boutique.com\/wp-content\/uploads\/2024\/08\/Instagram_icon-300x300.png\" alt=\"\" width=\"81\" height=\"81\" srcset=\"https:\/\/artfloral-boutique.com\/wp-content\/uploads\/2024\/08\/Instagram_icon-300x300.png 300w, https:\/\/artfloral-boutique.com\/wp-content\/uploads\/2024\/08\/Instagram_icon-150x150.png 150w, https:\/\/artfloral-boutique.com\/wp-content\/uploads\/2024\/08\/Instagram_icon-768x768.png 768w, https:\/\/artfloral-boutique.com\/wp-content\/uploads\/2024\/08\/Instagram_icon-60x60.png 60w, https:\/\/artfloral-boutique.com\/wp-content\/uploads\/2024\/08\/Instagram_icon-50x50.png 50w, https:\/\/artfloral-boutique.com\/wp-content\/uploads\/2024\/08\/Instagram_icon-100x100.png 100w, https:\/\/artfloral-boutique.com\/wp-content\/uploads\/2024\/08\/Instagram_icon-600x600.png 600w, https:\/\/artfloral-boutique.com\/wp-content\/uploads\/2024\/08\/Instagram_icon-90x90.png 90w, https:\/\/artfloral-boutique.com\/wp-content\/uploads\/2024\/08\/Instagram_icon.png 900w\" sizes=\"(max-width: 81px) 100vw, 81px\" \/><\/a><a href=\"https:\/\/www.instagram.com\/artfloral.argeles\/\"><em><strong>artfloral.argeles\u00a0<\/strong><\/em><\/a><\/p>\n<p style=\"text-align: center;\"><a href=\"https:\/\/www.facebook.com\/share\/7XBHtQs21aRCNntM\/\"> <img loading=\"lazy\" decoding=\"async\" class=\"wp-image-3536\" src=\"https:\/\/artfloral-boutique.com\/wp-content\/uploads\/2024\/08\/Facebook_logo_square-300x300.png\" alt=\"\" width=\"83\" height=\"83\" srcset=\"https:\/\/artfloral-boutique.com\/wp-content\/uploads\/2024\/08\/Facebook_logo_square-300x300.png 300w, https:\/\/artfloral-boutique.com\/wp-content\/uploads\/2024\/08\/Facebook_logo_square-150x150.png 150w, https:\/\/artfloral-boutique.com\/wp-content\/uploads\/2024\/08\/Facebook_logo_square-768x768.png 768w, https:\/\/artfloral-boutique.com\/wp-content\/uploads\/2024\/08\/Facebook_logo_square-60x60.png 60w, https:\/\/artfloral-boutique.com\/wp-content\/uploads\/2024\/08\/Facebook_logo_square-50x50.png 50w, https:\/\/artfloral-boutique.com\/wp-content\/uploads\/2024\/08\/Facebook_logo_square-100x100.png 100w, https:\/\/artfloral-boutique.com\/wp-content\/uploads\/2024\/08\/Facebook_logo_square-600x600.png 600w, https:\/\/artfloral-boutique.com\/wp-content\/uploads\/2024\/08\/Facebook_logo_square-90x90.png 90w, https:\/\/artfloral-boutique.com\/wp-content\/uploads\/2024\/08\/Facebook_logo_square.png 900w\" sizes=\"(max-width: 83px) 100vw, 83px\" \/><\/a><br \/>\n<a href=\"https:\/\/www.facebook.com\/share\/7XBHtQs21aRCNntM\/\"><em><strong>Galdric Macabiau (Art Floral)<\/strong><\/em><\/a><\/p>\n<h3 style=\"text-align: center;\">Nos Horaires habituels<\/h3>\n<p style=\"text-align: center;\"><strong>lundi :<\/strong> ferm\u00e9<\/p>\n<p style=\"text-align: center;\"><strong>mardi au samedi :<\/strong><\/p>\n<p style=\"text-align: center;\">9h00-12h30 et 15h00-19h30<\/p>\n<p style=\"text-align: center;\"><strong>dimanche et jours f\u00e9ri\u00e9s :<\/strong><\/p>\n<p style=\"text-align: center;\">10h00-12h30<\/p>\n<h3 style=\"text-align: center;\">Nos prestations de livraison de fleurs<\/h3>\n<p style=\"text-align: center;\">Nous sommes artisans fleuristes depuis trois g\u00e9n\u00e9rations, toujours dans les tendances actuelles. Nous r\u00e9alisons nous m\u00eame nos commandes <strong>sans interm\u00e9diaire<\/strong> et pouvons effectuer les <strong>livraisons en direct. Vous pouvez donc commander sur notre site sans interm\u00e9diaire, au meilleur prix.<\/strong><\/p>\n<p style=\"text-align: center;\"><strong> Nous travaillons \u00e9galement pour de nombreux services de t\u00e9l\u00e9transmission tel que interflora<\/strong>, mais aussi florajet, 123fleurs, aquarelle, fleuristes et fleurs, l&rsquo;agitateur floral et d&rsquo;autres&#8230;<\/p>\n<p style=\"text-align: center;\">Nous proposons aussi un service de<strong> drive<\/strong> <strong>pour r\u00e9cup\u00e9rer plantes et bouquets devant le magasin \u00e0 Argel\u00e8s village<\/strong>.<\/p>\n<p style=\"text-align: center;\"><a href=\"https:\/\/artfloral-boutique.com\/index.php\/boutique\/\"><img loading=\"lazy\" decoding=\"async\" class=\"alignnone size-full wp-image-3543\" src=\"https:\/\/artfloral-boutique.com\/wp-content\/uploads\/2024\/08\/bouton-boutique.jpg\" alt=\"\" width=\"236\" height=\"118\" srcset=\"https:\/\/artfloral-boutique.com\/wp-content\/uploads\/2024\/08\/bouton-boutique.jpg 236w, https:\/\/artfloral-boutique.com\/wp-content\/uploads\/2024\/08\/bouton-boutique-120x60.jpg 120w, https:\/\/artfloral-boutique.com\/wp-content\/uploads\/2024\/08\/bouton-boutique-50x25.jpg 50w, https:\/\/artfloral-boutique.com\/wp-content\/uploads\/2024\/08\/bouton-boutique-100x50.jpg 100w, https:\/\/artfloral-boutique.com\/wp-content\/uploads\/2024\/08\/bouton-boutique-180x90.jpg 180w\" sizes=\"(max-width: 236px) 100vw, 236px\" \/><\/a><\/p>\n<p style=\"text-align: center;\">\n<p style=\"text-align: center;\">\n<a href=\"https:\/\/youtu.be\/7FMFlmQ9-CI\">https:\/\/youtu.be\/7FMFlmQ9-CI<\/a><a target=\"_blank\" rel=\"noopener\"><br \/>\n<\/a><\/p>\n","protected":false},"excerpt":{"rendered":"<p>Comment nous trouver ? La boutique de votre fleuriste Art Floral est situ\u00e9e au centre d&rsquo;Argel\u00e8s village, sur la route principale traversant le village, au niveau des feux tricolores, au croisement entre la route nationale, l&rsquo;avenue de la Gare et la rue pi\u00e9tonne avenue de la lib\u00e9ration. Art Floral 32 Route Nationale 66700 Argel\u00e8s sur &hellip; <\/p>\n","protected":false},"author":1,"featured_media":0,"parent":0,"menu_order":0,"comment_status":"closed","ping_status":"closed","template":"","meta":{"footnotes":""},"class_list":["post-6","page","type-page","status-publish","hentry","latest_post"],"_links":{"self":[{"href":"https:\/\/artfloral-boutique.com\/index.php?rest_route=\/wp\/v2\/pages\/6","targetHints":{"allow":["GET"]}}],"collection":[{"href":"https:\/\/artfloral-boutique.com\/index.php?rest_route=\/wp\/v2\/pages"}],"about":[{"href":"https:\/\/artfloral-boutique.com\/index.php?rest_route=\/wp\/v2\/types\/page"}],"author":[{"embeddable":true,"href":"https:\/\/artfloral-boutique.com\/index.php?rest_route=\/wp\/v2\/users\/1"}],"replies":[{"embeddable":true,"href":"https:\/\/artfloral-boutique.com\/index.php?rest_route=%2Fwp%2Fv2%2Fcomments&post=6"}],"version-history":[{"count":43,"href":"https:\/\/artfloral-boutique.com\/index.php?rest_route=\/wp\/v2\/pages\/6\/revisions"}],"predecessor-version":[{"id":3725,"href":"https:\/\/artfloral-boutique.com\/index.php?rest_route=\/wp\/v2\/pages\/6\/revisions\/3725"}],"wp:attachment":[{"href":"https:\/\/artfloral-boutique.com\/index.php?rest_route=%2Fwp%2Fv2%2Fmedia&parent=6"}],"curies":[{"name":"wp","href":"https:\/\/api.w.org\/{rel}","templated":true}]}}