{"id":1068,"date":"2021-11-17T16:20:45","date_gmt":"2021-11-17T15:20:45","guid":{"rendered":"https:\/\/artfloral-boutique.com\/?post_type=product&#038;p=1068"},"modified":"2026-03-12T13:50:03","modified_gmt":"2026-03-12T12:50:03","slug":"coussin-rose-rouge-pour-ceremonie-deuil","status":"publish","type":"product","link":"https:\/\/artfloral-boutique.com\/?product=coussin-rose-rouge-pour-ceremonie-deuil","title":{"rendered":"Coussin dominante rose et rouge pour c\u00e9r\u00e9monie deuil"},"content":{"rendered":"<p>Le <strong>COUSSIN<\/strong> est une gerbe, un assemblage de fleurs piqu\u00e9es, de <strong>forme arrondie<\/strong> que l&rsquo;on pr\u00e9sente <strong>lors des obs\u00e8ques<\/strong>. G\u00e9n\u00e9ralement offert par la famille, les amis, les coll\u00e8gues ou les proches, le coussin est une cr\u00e9ation naturellement <strong>douce et tendre par sa forme ronde<\/strong> et d\u00e9licate.<\/p>\n<p>Les fleurs sont choisies dans une <strong>dominante rose et rouge<\/strong>, selon la saison et la disponibilit\u00e9 des vari\u00e9t\u00e9s au moment de la commande.<\/p>\n","protected":false},"excerpt":{"rendered":"<p>Le <strong>COUSSIN<\/strong> est une gerbe, un assemblage de fleurs piqu\u00e9es, de <strong>forme arrondie<\/strong> que l&rsquo;on pr\u00e9sente <strong>lors des obs\u00e8ques<\/strong>. G\u00e9n\u00e9ralement offert par la famille, les amis, les coll\u00e8gues ou les proches, le coussin est une cr\u00e9ation naturellement <strong>douce et tendre par sa forme ronde<\/strong> et d\u00e9licate.<\/p>\n<p>Les fleurs sont choisies dans une <strong>dominante rose et rouge<\/strong>, selon la saison et la disponibilit\u00e9 des vari\u00e9t\u00e9s au moment de la commande.<\/p>\n","protected":false},"featured_media":1096,"comment_status":"open","ping_status":"closed","template":"","meta":[],"product_brand":[],"product_cat":[233,16,226],"product_tag":[20,56,86,17,21,19,18],"class_list":{"0":"post-1068","1":"product","2":"type-product","3":"status-publish","4":"has-post-thumbnail","6":"product_cat-deuil-tons-colores","7":"product_cat-fleurs-deuil","8":"product_cat-coussins","9":"product_tag-ceremonie","10":"product_tag-coeur","11":"product_tag-coussin","12":"product_tag-deuil","13":"product_tag-fleurs","14":"product_tag-funeraire","15":"product_tag-gerbe","16":"product_shipping_class-liv-locale","17":"latest_post","19":"first","20":"instock","21":"taxable","22":"shipping-taxable","23":"purchasable","24":"product-type-variable"},"_links":{"self":[{"href":"https:\/\/artfloral-boutique.com\/index.php?rest_route=\/wp\/v2\/product\/1068","targetHints":{"allow":["GET"]}}],"collection":[{"href":"https:\/\/artfloral-boutique.com\/index.php?rest_route=\/wp\/v2\/product"}],"about":[{"href":"https:\/\/artfloral-boutique.com\/index.php?rest_route=\/wp\/v2\/types\/product"}],"replies":[{"embeddable":true,"href":"https:\/\/artfloral-boutique.com\/index.php?rest_route=%2Fwp%2Fv2%2Fcomments&post=1068"}],"wp:featuredmedia":[{"embeddable":true,"href":"https:\/\/artfloral-boutique.com\/index.php?rest_route=\/wp\/v2\/media\/1096"}],"wp:attachment":[{"href":"https:\/\/artfloral-boutique.com\/index.php?rest_route=%2Fwp%2Fv2%2Fmedia&parent=1068"}],"wp:term":[{"taxonomy":"product_brand","embeddable":true,"href":"https:\/\/artfloral-boutique.com\/index.php?rest_route=%2Fwp%2Fv2%2Fproduct_brand&post=1068"},{"taxonomy":"product_cat","embeddable":true,"href":"https:\/\/artfloral-boutique.com\/index.php?rest_route=%2Fwp%2Fv2%2Fproduct_cat&post=1068"},{"taxonomy":"product_tag","embeddable":true,"href":"https:\/\/artfloral-boutique.com\/index.php?rest_route=%2Fwp%2Fv2%2Fproduct_tag&post=1068"}],"curies":[{"name":"wp","href":"https:\/\/api.w.org\/{rel}","templated":true}]}}