{"id":1111,"date":"2021-11-19T14:45:21","date_gmt":"2021-11-19T13:45:21","guid":{"rendered":"https:\/\/artfloral-boutique.com\/?post_type=product&#038;p=1111"},"modified":"2023-06-24T18:04:08","modified_gmt":"2023-06-24T16:04:08","slug":"bouquet-rond-multicolore","status":"publish","type":"product","link":"https:\/\/artfloral-boutique.com\/?product=bouquet-rond-multicolore","title":{"rendered":"Bouquet rond multicolore"},"content":{"rendered":"<p style=\"text-align: left;\"><strong>Bouquet rond de fleurs de saison multicolores. <\/strong>Vari\u00e9t\u00e9 de roses et autres fleurs de saison de couleurs vari\u00e9es selon les fleurs de saison et l&rsquo;arrivage.<strong><br \/>\n<\/strong><!--more--><\/p>\n<h5><em>\u00a0<\/em><\/h5>\n","protected":false},"excerpt":{"rendered":"<p><strong>Bouquet rond de fleurs de saison multicolores. <\/strong>Vari\u00e9t\u00e9 de roses et autres fleurs de saison de couleurs vari\u00e9es selon les fleurs de saison et l&rsquo;arrivage.<strong><br \/>\n<\/strong><!--more--><\/p>\n<h5><em>\u00a0<\/em><\/h5>\n","protected":false},"featured_media":1083,"comment_status":"closed","ping_status":"closed","template":"","meta":[],"product_brand":[],"product_cat":[15],"product_tag":[60,22,48,49,83,35,80,94,81],"class_list":{"0":"post-1111","1":"product","2":"type-product","3":"status-publish","4":"has-post-thumbnail","6":"product_cat-bouquets-de-fleurs-et-roses","7":"product_tag-argeles-sur-mer","8":"product_tag-blanc","9":"product_tag-bouquet-de-fleurs","10":"product_tag-fleur","11":"product_tag-idee-cadeau-fete-des-meres","12":"product_tag-livraison-de-fleurs","13":"product_tag-maman","14":"product_tag-monochrome","15":"product_tag-plante","16":"product_shipping_class-liv-locale","17":"latest_post","19":"first","20":"instock","21":"taxable","22":"shipping-taxable","23":"purchasable","24":"product-type-variable"},"_links":{"self":[{"href":"https:\/\/artfloral-boutique.com\/index.php?rest_route=\/wp\/v2\/product\/1111","targetHints":{"allow":["GET"]}}],"collection":[{"href":"https:\/\/artfloral-boutique.com\/index.php?rest_route=\/wp\/v2\/product"}],"about":[{"href":"https:\/\/artfloral-boutique.com\/index.php?rest_route=\/wp\/v2\/types\/product"}],"replies":[{"embeddable":true,"href":"https:\/\/artfloral-boutique.com\/index.php?rest_route=%2Fwp%2Fv2%2Fcomments&post=1111"}],"wp:featuredmedia":[{"embeddable":true,"href":"https:\/\/artfloral-boutique.com\/index.php?rest_route=\/wp\/v2\/media\/1083"}],"wp:attachment":[{"href":"https:\/\/artfloral-boutique.com\/index.php?rest_route=%2Fwp%2Fv2%2Fmedia&parent=1111"}],"wp:term":[{"taxonomy":"product_brand","embeddable":true,"href":"https:\/\/artfloral-boutique.com\/index.php?rest_route=%2Fwp%2Fv2%2Fproduct_brand&post=1111"},{"taxonomy":"product_cat","embeddable":true,"href":"https:\/\/artfloral-boutique.com\/index.php?rest_route=%2Fwp%2Fv2%2Fproduct_cat&post=1111"},{"taxonomy":"product_tag","embeddable":true,"href":"https:\/\/artfloral-boutique.com\/index.php?rest_route=%2Fwp%2Fv2%2Fproduct_tag&post=1111"}],"curies":[{"name":"wp","href":"https:\/\/api.w.org\/{rel}","templated":true}]}}