{"id":1176,"date":"2021-11-28T18:45:30","date_gmt":"2021-11-28T17:45:30","guid":{"rendered":"https:\/\/artfloral-boutique.com\/?post_type=product&#038;p=1176"},"modified":"2023-12-14T15:39:18","modified_gmt":"2023-12-14T14:39:18","slug":"rose-eternelle-blanche-sous-sa-petite-cloche-de-verre","status":"publish","type":"product","link":"https:\/\/artfloral-boutique.com\/?product=rose-eternelle-blanche-sous-sa-petite-cloche-de-verre","title":{"rendered":"Rose \u00e9ternelle blanche sous sa petite cloche de verre"},"content":{"rendered":"<p><strong>Rose \u00e9ternelle blanche ou \u00e9crue<\/strong> avec d\u00e9cor en fleurs s\u00e9ch\u00e9es sous <strong>cloche de verre<\/strong> fa\u00e7on La Belle et la B\u00eate. Chaque cr\u00e9ation est unique et fix\u00e9e au support en verre. Pour la base de la d\u00e9coration, si vous avez une pr\u00e9f\u00e9rence, vous pouvez choisir que la d\u00e9coration qui accompagne la rose soit plut\u00f4t blanche, rose, dor\u00e9&#8230; ou laisser le fleuriste accorder selon son inspiration. Il vous suffit de s\u00e9lectionner l&rsquo;option.<\/p>\n<div class=\"woocommerce-product-details__short-description\">\n<p>&nbsp;<\/p>\n<p>contenant en verre de diam\u00e8tre 9cm hauteur 15cm<\/p>\n<p>(ou de diam\u00e8tre 12 cm hauteur 13.20cm sans pied selon le stock)<\/p>\n<\/div>\n","protected":false},"excerpt":{"rendered":"<p><strong>Rose \u00e9ternelle blanche ou \u00e9crue<\/strong> avec d\u00e9cor en fleurs s\u00e9ch\u00e9es sous <strong>cloche de verre<\/strong> fa\u00e7on La Belle et la B\u00eate. Chaque cr\u00e9ation est unique et fix\u00e9e au support en verre. Pour la base de la d\u00e9coration, si vous avez une pr\u00e9f\u00e9rence, vous pouvez choisir que la d\u00e9coration qui accompagne la rose soit plut\u00f4t blanche, rose, dor\u00e9&#8230; ou laisser le fleuriste accorder selon son inspiration. Il vous suffit de s\u00e9lectionner l&rsquo;option.<\/p>\n<div class=\"woocommerce-product-details__short-description\">\n<p>&nbsp;<\/p>\n<p>contenant en verre de diam\u00e8tre 9cm hauteur 15cm<\/p>\n<p>(ou de diam\u00e8tre 12 cm hauteur 13.20cm sans pied selon le stock)<\/p>\n<\/div>\n","protected":false},"featured_media":1146,"comment_status":"closed","ping_status":"closed","template":"","meta":[],"product_brand":[],"product_cat":[89],"product_tag":[38,39,92,93,90,91],"class_list":{"0":"post-1176","1":"product","2":"type-product","3":"status-publish","4":"has-post-thumbnail","6":"product_cat-roses-eternelles","7":"product_tag-amour","8":"product_tag-amour-eternel","9":"product_tag-belle-et-la-bete","10":"product_tag-deco","11":"product_tag-rose","12":"product_tag-rose-eternelle","13":"product_shipping_class-liv-locale","14":"latest_post","16":"first","17":"outofstock","18":"taxable","19":"shipping-taxable","20":"purchasable","21":"product-type-variable"},"_links":{"self":[{"href":"https:\/\/artfloral-boutique.com\/index.php?rest_route=\/wp\/v2\/product\/1176","targetHints":{"allow":["GET"]}}],"collection":[{"href":"https:\/\/artfloral-boutique.com\/index.php?rest_route=\/wp\/v2\/product"}],"about":[{"href":"https:\/\/artfloral-boutique.com\/index.php?rest_route=\/wp\/v2\/types\/product"}],"replies":[{"embeddable":true,"href":"https:\/\/artfloral-boutique.com\/index.php?rest_route=%2Fwp%2Fv2%2Fcomments&post=1176"}],"wp:featuredmedia":[{"embeddable":true,"href":"https:\/\/artfloral-boutique.com\/index.php?rest_route=\/wp\/v2\/media\/1146"}],"wp:attachment":[{"href":"https:\/\/artfloral-boutique.com\/index.php?rest_route=%2Fwp%2Fv2%2Fmedia&parent=1176"}],"wp:term":[{"taxonomy":"product_brand","embeddable":true,"href":"https:\/\/artfloral-boutique.com\/index.php?rest_route=%2Fwp%2Fv2%2Fproduct_brand&post=1176"},{"taxonomy":"product_cat","embeddable":true,"href":"https:\/\/artfloral-boutique.com\/index.php?rest_route=%2Fwp%2Fv2%2Fproduct_cat&post=1176"},{"taxonomy":"product_tag","embeddable":true,"href":"https:\/\/artfloral-boutique.com\/index.php?rest_route=%2Fwp%2Fv2%2Fproduct_tag&post=1176"}],"curies":[{"name":"wp","href":"https:\/\/api.w.org\/{rel}","templated":true}]}}