{"id":136,"date":"2020-12-16T22:43:10","date_gmt":"2020-12-16T21:43:10","guid":{"rendered":"https:\/\/artfloral-boutique.com\/?post_type=product&#038;p=136"},"modified":"2023-02-09T22:38:29","modified_gmt":"2023-02-09T21:38:29","slug":"verre-de-3-roses-eternelles","status":"publish","type":"product","link":"https:\/\/artfloral-boutique.com\/?product=verre-de-3-roses-eternelles","title":{"rendered":"Verre de 3 roses \u00e9ternelles"},"content":{"rendered":"<p>Ensemble de trois roses \u00e9ternelles pr\u00e9sent\u00e9es dans un \u00e9crin en verre.<\/p>\n","protected":false},"excerpt":{"rendered":"<p>Ensemble de trois roses \u00e9ternelles pr\u00e9sent\u00e9es dans un \u00e9crin en verre.<\/p>\n","protected":false},"featured_media":137,"comment_status":"closed","ping_status":"closed","template":"","meta":[],"product_brand":[],"product_cat":[89],"product_tag":[38,39,42,40,41,36],"class_list":{"0":"post-136","1":"product","2":"type-product","3":"status-publish","4":"has-post-thumbnail","6":"product_cat-roses-eternelles","7":"product_tag-amour","8":"product_tag-amour-eternel","9":"product_tag-noel","10":"product_tag-roses","11":"product_tag-roses-eternelles","12":"product_tag-roses-rouges","13":"product_shipping_class-liv-locale","14":"latest_post","16":"first","17":"instock","18":"taxable","19":"shipping-taxable","20":"purchasable","21":"product-type-simple"},"_links":{"self":[{"href":"https:\/\/artfloral-boutique.com\/index.php?rest_route=\/wp\/v2\/product\/136","targetHints":{"allow":["GET"]}}],"collection":[{"href":"https:\/\/artfloral-boutique.com\/index.php?rest_route=\/wp\/v2\/product"}],"about":[{"href":"https:\/\/artfloral-boutique.com\/index.php?rest_route=\/wp\/v2\/types\/product"}],"replies":[{"embeddable":true,"href":"https:\/\/artfloral-boutique.com\/index.php?rest_route=%2Fwp%2Fv2%2Fcomments&post=136"}],"wp:featuredmedia":[{"embeddable":true,"href":"https:\/\/artfloral-boutique.com\/index.php?rest_route=\/wp\/v2\/media\/137"}],"wp:attachment":[{"href":"https:\/\/artfloral-boutique.com\/index.php?rest_route=%2Fwp%2Fv2%2Fmedia&parent=136"}],"wp:term":[{"taxonomy":"product_brand","embeddable":true,"href":"https:\/\/artfloral-boutique.com\/index.php?rest_route=%2Fwp%2Fv2%2Fproduct_brand&post=136"},{"taxonomy":"product_cat","embeddable":true,"href":"https:\/\/artfloral-boutique.com\/index.php?rest_route=%2Fwp%2Fv2%2Fproduct_cat&post=136"},{"taxonomy":"product_tag","embeddable":true,"href":"https:\/\/artfloral-boutique.com\/index.php?rest_route=%2Fwp%2Fv2%2Fproduct_tag&post=136"}],"curies":[{"name":"wp","href":"https:\/\/api.w.org\/{rel}","templated":true}]}}