{"id":1397,"date":"2022-02-11T08:16:19","date_gmt":"2022-02-11T07:16:19","guid":{"rendered":"https:\/\/artfloral-boutique.com\/?post_type=product&#038;p=1397"},"modified":"2026-03-16T19:39:11","modified_gmt":"2026-03-16T18:39:11","slug":"raquette-blabnche-synthetique","status":"publish","type":"product","link":"https:\/\/artfloral-boutique.com\/?product=raquette-blabnche-synthetique","title":{"rendered":"Raquette en fleurs synth\u00e9tiques"},"content":{"rendered":"<p><strong>Cette r\u00e9alisation fun\u00e9raire rappelle le style traditionnel; de forme allong\u00e9e, mais elle est r\u00e9alis\u00e9e enti\u00e8rement en fleurs synth\u00e9tiques. Celle-ci est en blanc mais d&rsquo;autres teintes color\u00e9es ou pastels, d&rsquo;autres dimensions ou formes, sont \u00e9galement envisageable selon le stock disponible en fleurs artificielles au moment de la commande.<\/strong><\/p>\n<p>Pour tous conseils, vous pouvez nous appeler par T\u00e9l\u00e9phone du magasin 04 68 81 06 89 (appel non surtax\u00e9, aux heures d&rsquo;ouverture)<\/p>\n","protected":false},"excerpt":{"rendered":"<p><strong>Cette r\u00e9alisation fun\u00e9raire rappelle le style traditionnel; de forme allong\u00e9e, mais elle est r\u00e9alis\u00e9e enti\u00e8rement en fleurs synth\u00e9tiques. Celle-ci est en blanc mais d&rsquo;autres teintes color\u00e9es ou pastels, d&rsquo;autres dimensions ou formes, sont \u00e9galement envisageable selon le stock disponible en fleurs artificielles au moment de la commande.<\/strong><\/p>\n<p>Pour tous conseils, vous pouvez nous appeler par T\u00e9l\u00e9phone du magasin 04 68 81 06 89 (appel non surtax\u00e9, aux heures d&rsquo;ouverture)<\/p>\n","protected":false},"featured_media":1396,"comment_status":"closed","ping_status":"closed","template":"","meta":[],"product_brand":[],"product_cat":[232,16,225],"product_tag":[22,176,20,174,175,17,21,19,18],"class_list":{"0":"post-1397","1":"product","2":"type-product","3":"status-publish","4":"has-post-thumbnail","6":"product_cat-tons-pastels","7":"product_cat-fleurs-deuil","8":"product_cat-raquettes","9":"product_tag-blanc","10":"product_tag-cannet-en-roussillon","11":"product_tag-ceremonie","12":"product_tag-cremation","13":"product_tag-crematorium","14":"product_tag-deuil","15":"product_tag-fleurs","16":"product_tag-funeraire","17":"product_tag-gerbe","18":"product_shipping_class-liv-locale","19":"latest_post","21":"first","22":"instock","23":"taxable","24":"shipping-taxable","25":"purchasable","26":"product-type-simple"},"_links":{"self":[{"href":"https:\/\/artfloral-boutique.com\/index.php?rest_route=\/wp\/v2\/product\/1397","targetHints":{"allow":["GET"]}}],"collection":[{"href":"https:\/\/artfloral-boutique.com\/index.php?rest_route=\/wp\/v2\/product"}],"about":[{"href":"https:\/\/artfloral-boutique.com\/index.php?rest_route=\/wp\/v2\/types\/product"}],"replies":[{"embeddable":true,"href":"https:\/\/artfloral-boutique.com\/index.php?rest_route=%2Fwp%2Fv2%2Fcomments&post=1397"}],"wp:featuredmedia":[{"embeddable":true,"href":"https:\/\/artfloral-boutique.com\/index.php?rest_route=\/wp\/v2\/media\/1396"}],"wp:attachment":[{"href":"https:\/\/artfloral-boutique.com\/index.php?rest_route=%2Fwp%2Fv2%2Fmedia&parent=1397"}],"wp:term":[{"taxonomy":"product_brand","embeddable":true,"href":"https:\/\/artfloral-boutique.com\/index.php?rest_route=%2Fwp%2Fv2%2Fproduct_brand&post=1397"},{"taxonomy":"product_cat","embeddable":true,"href":"https:\/\/artfloral-boutique.com\/index.php?rest_route=%2Fwp%2Fv2%2Fproduct_cat&post=1397"},{"taxonomy":"product_tag","embeddable":true,"href":"https:\/\/artfloral-boutique.com\/index.php?rest_route=%2Fwp%2Fv2%2Fproduct_tag&post=1397"}],"curies":[{"name":"wp","href":"https:\/\/api.w.org\/{rel}","templated":true}]}}