{"id":1500,"date":"2026-04-26T09:31:27","date_gmt":"2026-04-26T07:31:27","guid":{"rendered":"https:\/\/artfloral-boutique.com\/?post_type=product&#038;p=1500"},"modified":"2026-04-28T13:42:13","modified_gmt":"2026-04-28T11:42:13","slug":"petit-bonheur-bouquet-de-muguet-et-petites-roses-roses","status":"publish","type":"product","link":"https:\/\/artfloral-boutique.com\/?product=petit-bonheur-bouquet-de-muguet-et-petites-roses-roses","title":{"rendered":"\u00ab\u00a0Petit Bonheur\u00a0\u00bb Bouquet de Muguet et petites roses roses"},"content":{"rendered":"<p>Petit bouquet de fleurs coup\u00e9es avec brins de muguet et fleurettes de saison dans les tons roses<\/p>\n<p>disponible uniquement du 29 avril au 1er mai inclus selon stock disponible<\/p>\n<p><em><strong>livraison possible de muguet pour le week-end du 1er mai, sans interm\u00e9diaire, \u00e0 Argel\u00e8s sur mer , Collioure, Port Vendres, Banyuls sur mer, Saint Genis des Fontaines, Palau del vidre, Saint Andr\u00e9, Saint Cyprien, Laroque des Alb\u00e8res<\/strong><\/em><\/p>\n","protected":false},"excerpt":{"rendered":"<p>Petit bouquet de fleurs coup\u00e9es avec brins de muguet et fleurettes de saison dans les tons roses<\/p>\n<p>disponible uniquement du 29 avril au 1er mai inclus selon stock disponible<\/p>\n<p><em><strong>livraison possible de muguet pour le week-end du 1er mai, sans interm\u00e9diaire, \u00e0 Argel\u00e8s sur mer , Collioure, Port Vendres, Banyuls sur mer, Saint Genis des Fontaines, Palau del vidre, Saint Andr\u00e9, Saint Cyprien, Laroque des Alb\u00e8res<\/strong><\/em><\/p>\n","protected":false},"featured_media":1506,"comment_status":"closed","ping_status":"closed","template":"","meta":[],"product_brand":[],"product_cat":[71],"product_tag":[184,72],"class_list":{"0":"post-1500","1":"product","2":"type-product","3":"status-publish","4":"has-post-thumbnail","6":"product_cat-le-muguet-du-1er-mai","7":"product_tag-1er-mai","8":"product_tag-muguet","9":"product_shipping_class-liv-locale","10":"latest_post","12":"first","13":"instock","14":"taxable","15":"shipping-taxable","16":"purchasable","17":"product-type-variable"},"_links":{"self":[{"href":"https:\/\/artfloral-boutique.com\/index.php?rest_route=\/wp\/v2\/product\/1500","targetHints":{"allow":["GET"]}}],"collection":[{"href":"https:\/\/artfloral-boutique.com\/index.php?rest_route=\/wp\/v2\/product"}],"about":[{"href":"https:\/\/artfloral-boutique.com\/index.php?rest_route=\/wp\/v2\/types\/product"}],"replies":[{"embeddable":true,"href":"https:\/\/artfloral-boutique.com\/index.php?rest_route=%2Fwp%2Fv2%2Fcomments&post=1500"}],"wp:featuredmedia":[{"embeddable":true,"href":"https:\/\/artfloral-boutique.com\/index.php?rest_route=\/wp\/v2\/media\/1506"}],"wp:attachment":[{"href":"https:\/\/artfloral-boutique.com\/index.php?rest_route=%2Fwp%2Fv2%2Fmedia&parent=1500"}],"wp:term":[{"taxonomy":"product_brand","embeddable":true,"href":"https:\/\/artfloral-boutique.com\/index.php?rest_route=%2Fwp%2Fv2%2Fproduct_brand&post=1500"},{"taxonomy":"product_cat","embeddable":true,"href":"https:\/\/artfloral-boutique.com\/index.php?rest_route=%2Fwp%2Fv2%2Fproduct_cat&post=1500"},{"taxonomy":"product_tag","embeddable":true,"href":"https:\/\/artfloral-boutique.com\/index.php?rest_route=%2Fwp%2Fv2%2Fproduct_tag&post=1500"}],"curies":[{"name":"wp","href":"https:\/\/api.w.org\/{rel}","templated":true}]}}