{"id":1547,"date":"2026-04-28T22:18:14","date_gmt":"2026-04-28T20:18:14","guid":{"rendered":"https:\/\/artfloral-boutique.com\/?post_type=product&#038;p=1547"},"modified":"2026-04-28T13:45:01","modified_gmt":"2026-04-28T11:45:01","slug":"presentation-muguet-pique","status":"publish","type":"product","link":"https:\/\/artfloral-boutique.com\/?product=presentation-muguet-pique","title":{"rendered":"Pr\u00e9sentation piqu\u00e9e de muguet et fleurs coup\u00e9es"},"content":{"rendered":"<p style=\"text-align: left;\">Pr\u00e9sentation de fleurs piqu\u00e9es dans un contenant en c\u00e9ramique avec brins de muguet<\/p>\n<p>disponible uniquement jusqu&rsquo;au 1er mai inclus selon stock disponible. le contenant et les plantes avec le muguet peuvent varier d&rsquo;une cr\u00e9ation \u00e0 l&rsquo;autre et selon le budget.<\/p>\n","protected":false},"excerpt":{"rendered":"<p>Pr\u00e9sentation de fleurs piqu\u00e9es dans un contenant en c\u00e9ramique avec brins de muguet<\/p>\n<p>disponible uniquement jusqu&rsquo;au 1er mai inclus selon stock disponible. le contenant et les plantes avec le muguet peuvent varier d&rsquo;une cr\u00e9ation \u00e0 l&rsquo;autre et selon le budget.<\/p>\n","protected":false},"featured_media":1532,"comment_status":"closed","ping_status":"closed","template":"","meta":[],"product_brand":[],"product_cat":[15],"product_tag":[184,72],"class_list":{"0":"post-1547","1":"product","2":"type-product","3":"status-publish","4":"has-post-thumbnail","6":"product_cat-bouquets-de-fleurs-et-roses","7":"product_tag-1er-mai","8":"product_tag-muguet","9":"latest_post","11":"first","12":"outofstock","13":"taxable","14":"shipping-taxable","15":"purchasable","16":"product-type-simple"},"_links":{"self":[{"href":"https:\/\/artfloral-boutique.com\/index.php?rest_route=\/wp\/v2\/product\/1547","targetHints":{"allow":["GET"]}}],"collection":[{"href":"https:\/\/artfloral-boutique.com\/index.php?rest_route=\/wp\/v2\/product"}],"about":[{"href":"https:\/\/artfloral-boutique.com\/index.php?rest_route=\/wp\/v2\/types\/product"}],"replies":[{"embeddable":true,"href":"https:\/\/artfloral-boutique.com\/index.php?rest_route=%2Fwp%2Fv2%2Fcomments&post=1547"}],"wp:featuredmedia":[{"embeddable":true,"href":"https:\/\/artfloral-boutique.com\/index.php?rest_route=\/wp\/v2\/media\/1532"}],"wp:attachment":[{"href":"https:\/\/artfloral-boutique.com\/index.php?rest_route=%2Fwp%2Fv2%2Fmedia&parent=1547"}],"wp:term":[{"taxonomy":"product_brand","embeddable":true,"href":"https:\/\/artfloral-boutique.com\/index.php?rest_route=%2Fwp%2Fv2%2Fproduct_brand&post=1547"},{"taxonomy":"product_cat","embeddable":true,"href":"https:\/\/artfloral-boutique.com\/index.php?rest_route=%2Fwp%2Fv2%2Fproduct_cat&post=1547"},{"taxonomy":"product_tag","embeddable":true,"href":"https:\/\/artfloral-boutique.com\/index.php?rest_route=%2Fwp%2Fv2%2Fproduct_tag&post=1547"}],"curies":[{"name":"wp","href":"https:\/\/api.w.org\/{rel}","templated":true}]}}