{"id":1583,"date":"2022-05-14T17:10:30","date_gmt":"2022-05-14T15:10:30","guid":{"rendered":"https:\/\/artfloral-boutique.com\/?post_type=product&#038;p=1583"},"modified":"2026-03-23T18:16:01","modified_gmt":"2026-03-23T17:16:01","slug":"bouquet-fleuriste-rose","status":"publish","type":"product","link":"https:\/\/artfloral-boutique.com\/?product=bouquet-fleuriste-rose","title":{"rendered":"Bouquet cr\u00e9ation du fleuriste \u00e0 dominante rose"},"content":{"rendered":"<p><strong>Bouquet rond de fleurs de saison sp\u00e9cial f\u00eate des m\u00e8res \u00e0 dominance rose ! Ce bouquet est con\u00e7u selon l&rsquo;inspiration du fleuriste avec les fleurs du moment pour un maximum d&rsquo;effet.<\/strong> Les fleurs peuvent varier car chaque bouquet est unique et constitu\u00e9 de fleurs selon les arrivages.<\/p>\n<p><em>info livraison : \u00e9tant donn\u00e9 le nombre important de livraisons pour la f\u00eate des m\u00e8res, que ce soit en direct, par interflora, florajet ou tout autre service de fleurs, la<strong> livraison peut \u00eatre effectu\u00e9e le samedi ou le dimanche.<\/strong> En effet, tous les fleuristes sont contraints de r\u00e9partir les livraisons pour satisfaire nos clients et \u00e9viter des livraisons trop tardives le dimanche. merci de votre compr\u00e9hension.<\/em><\/p>\n","protected":false},"excerpt":{"rendered":"<p><strong>Bouquet rond de fleurs de saison sp\u00e9cial f\u00eate des m\u00e8res ! Ce bouquet est con\u00e7u selon l&rsquo;inspiration du fleuriste avec les fleurs du moment pour un maximum d&rsquo;effet.<\/strong> Les fleurs peuvent varier car chaque bouquet est unique et constitu\u00e9 de fleurs selon les arrivages.<\/p>\n<p><em>info livraison : \u00e9tant donn\u00e9 le nombre important de livraisons pour la f\u00eate des m\u00e8res, que ce soit en direct, par interflora, florajet ou tout autre service de fleurs, la<strong> livraison peut \u00eatre effectu\u00e9e le samedi ou le dimanche.<\/strong> En effet, tous les fleuristes sont contraints de r\u00e9partir les livraisons pour satisfaire nos clients et \u00e9viter des livraisons trop tardives le dimanche. merci de votre compr\u00e9hension.<\/em><\/p>\n","protected":false},"featured_media":1587,"comment_status":"closed","ping_status":"closed","template":"","meta":[],"product_brand":[],"product_cat":[15,234,218,235],"product_tag":[60,167,68,186,70,79,35,69],"class_list":{"0":"post-1583","1":"product","2":"type-product","3":"status-publish","4":"has-post-thumbnail","6":"product_cat-bouquets-de-fleurs-et-roses","7":"product_cat-bouquets-ronds","8":"product_cat-fete-des-meres","9":"product_cat-tons-pastel","10":"product_tag-argeles-sur-mer","11":"product_tag-cadeau","12":"product_tag-fete-des-grands-meres","13":"product_tag-fete-des-mamans","14":"product_tag-fete-des-mamies","15":"product_tag-fete-des-meres","16":"product_tag-livraison-de-fleurs","17":"product_tag-mamies","18":"product_shipping_class-liv-locale","19":"latest_post","21":"first","22":"instock","23":"taxable","24":"shipping-taxable","25":"purchasable","26":"product-type-variable"},"_links":{"self":[{"href":"https:\/\/artfloral-boutique.com\/index.php?rest_route=\/wp\/v2\/product\/1583","targetHints":{"allow":["GET"]}}],"collection":[{"href":"https:\/\/artfloral-boutique.com\/index.php?rest_route=\/wp\/v2\/product"}],"about":[{"href":"https:\/\/artfloral-boutique.com\/index.php?rest_route=\/wp\/v2\/types\/product"}],"replies":[{"embeddable":true,"href":"https:\/\/artfloral-boutique.com\/index.php?rest_route=%2Fwp%2Fv2%2Fcomments&post=1583"}],"wp:featuredmedia":[{"embeddable":true,"href":"https:\/\/artfloral-boutique.com\/index.php?rest_route=\/wp\/v2\/media\/1587"}],"wp:attachment":[{"href":"https:\/\/artfloral-boutique.com\/index.php?rest_route=%2Fwp%2Fv2%2Fmedia&parent=1583"}],"wp:term":[{"taxonomy":"product_brand","embeddable":true,"href":"https:\/\/artfloral-boutique.com\/index.php?rest_route=%2Fwp%2Fv2%2Fproduct_brand&post=1583"},{"taxonomy":"product_cat","embeddable":true,"href":"https:\/\/artfloral-boutique.com\/index.php?rest_route=%2Fwp%2Fv2%2Fproduct_cat&post=1583"},{"taxonomy":"product_tag","embeddable":true,"href":"https:\/\/artfloral-boutique.com\/index.php?rest_route=%2Fwp%2Fv2%2Fproduct_tag&post=1583"}],"curies":[{"name":"wp","href":"https:\/\/api.w.org\/{rel}","templated":true}]}}