{"id":174,"date":"2021-02-12T14:17:55","date_gmt":"2021-02-12T13:17:55","guid":{"rendered":"https:\/\/artfloral-boutique.com\/?post_type=product&#038;p=174"},"modified":"2021-08-16T13:11:19","modified_gmt":"2021-08-16T11:11:19","slug":"bouquet-rond-rose","status":"publish","type":"product","link":"https:\/\/artfloral-boutique.com\/?product=bouquet-rond-rose","title":{"rendered":"bouquet rond de saison tons roses"},"content":{"rendered":"<p>Bouquet rond de fleurs de saison de tons roses.<\/p>\n<p>Ce bouquet de fleurs de saison est compos\u00e9 par votre artisan fleuriste cr\u00e9ateur dans notre boutique d&rsquo;Argel\u00e8s sur mer. Chaque bouquet est unique et sera compos\u00e9\u00a0 diff\u00e9remment selon les derniers arrivages de fleurs de saison. De couleurs dominante rose, la priorit\u00e9 est donn\u00e9e \u00e0 l harmonie du bouquet.<\/p>\n<p>disponible en livraison ou en drive.<\/p>\n","protected":false},"excerpt":{"rendered":"<p>Bouquet rond de fleurs de saison de tons roses.<\/p>\n<p>Ce bouquet de fleurs de saison est compos\u00e9 par votre artisan fleuriste cr\u00e9ateur dans notre boutique d&rsquo;Argel\u00e8s sur mer. Chaque bouquet est unique et sera compos\u00e9\u00a0 diff\u00e9remment selon les derniers arrivages de fleurs de saison. De couleurs dominante rose, la priorit\u00e9 est donn\u00e9e \u00e0 l harmonie du bouquet.<\/p>\n<p>disponible en livraison ou en drive.<\/p>\n","protected":false},"featured_media":181,"comment_status":"closed","ping_status":"closed","template":"","meta":[],"product_brand":[],"product_cat":[15],"product_tag":[38,55,40],"class_list":{"0":"post-174","1":"product","2":"type-product","3":"status-publish","4":"has-post-thumbnail","6":"product_cat-bouquets-de-fleurs-et-roses","7":"product_tag-amour","8":"product_tag-bouquet-rond","9":"product_tag-roses","10":"product_shipping_class-liv-locale","11":"latest_post","13":"first","14":"instock","15":"taxable","16":"shipping-taxable","17":"purchasable","18":"product-type-simple"},"_links":{"self":[{"href":"https:\/\/artfloral-boutique.com\/index.php?rest_route=\/wp\/v2\/product\/174","targetHints":{"allow":["GET"]}}],"collection":[{"href":"https:\/\/artfloral-boutique.com\/index.php?rest_route=\/wp\/v2\/product"}],"about":[{"href":"https:\/\/artfloral-boutique.com\/index.php?rest_route=\/wp\/v2\/types\/product"}],"replies":[{"embeddable":true,"href":"https:\/\/artfloral-boutique.com\/index.php?rest_route=%2Fwp%2Fv2%2Fcomments&post=174"}],"wp:featuredmedia":[{"embeddable":true,"href":"https:\/\/artfloral-boutique.com\/index.php?rest_route=\/wp\/v2\/media\/181"}],"wp:attachment":[{"href":"https:\/\/artfloral-boutique.com\/index.php?rest_route=%2Fwp%2Fv2%2Fmedia&parent=174"}],"wp:term":[{"taxonomy":"product_brand","embeddable":true,"href":"https:\/\/artfloral-boutique.com\/index.php?rest_route=%2Fwp%2Fv2%2Fproduct_brand&post=174"},{"taxonomy":"product_cat","embeddable":true,"href":"https:\/\/artfloral-boutique.com\/index.php?rest_route=%2Fwp%2Fv2%2Fproduct_cat&post=174"},{"taxonomy":"product_tag","embeddable":true,"href":"https:\/\/artfloral-boutique.com\/index.php?rest_route=%2Fwp%2Fv2%2Fproduct_tag&post=174"}],"curies":[{"name":"wp","href":"https:\/\/api.w.org\/{rel}","templated":true}]}}