{"id":218,"date":"2021-03-03T21:28:12","date_gmt":"2021-03-03T20:28:12","guid":{"rendered":"https:\/\/artfloral-boutique.com\/?post_type=product&#038;p=218"},"modified":"2026-02-24T11:48:29","modified_gmt":"2026-02-24T10:48:29","slug":"grand-bouquet-long-rose-bleu","status":"publish","type":"product","link":"https:\/\/artfloral-boutique.com\/?product=grand-bouquet-long-rose-bleu","title":{"rendered":"Grand bouquet long rose et bleut\u00e9"},"content":{"rendered":"<p>Grand Bouquet de fleurs en longues tiges.<\/p>\n<p>Chaque bouquet est unique, confectionn\u00e9 par votre fleuriste cr\u00e9ateur selon les fleurs de saison et disponible. L&rsquo;esprit et les couleurs dominantes sont respect\u00e9es mais quelques fleurs peuvent changer. Pour ce bouquet, nous mettons g\u00e9n\u00e9ralement du lys et d&rsquo;autres fleurs de saison dans les tons bleut\u00e9, parme.. ainsi que d&rsquo;autres fleurs selon l&rsquo;inspiration du moment.<\/p>\n<p>Ce bouquet peut \u00eatre command\u00e9 en drive ou en livraison de fleur pour toutes occasions.<\/p>\n","protected":false},"excerpt":{"rendered":"<p>Grand Bouquet de fleurs en longues tiges.<\/p>\n<p>Chaque bouquet est unique, confectionn\u00e9 par votre fleuriste cr\u00e9ateur selon les fleurs de saison et disponible. L&rsquo;esprit et les couleurs dominantes sont respect\u00e9es mais quelques fleurs peuvent changer. Pour ce bouquet, nous mettons g\u00e9n\u00e9ralement du lys et d&rsquo;autres fleurs de saison dans les tons bleut\u00e9, parme.. ainsi que d&rsquo;autres fleurs selon l&rsquo;inspiration du moment.<\/p>\n<p>Ce bouquet peut \u00eatre command\u00e9 en drive ou en livraison de fleur pour toutes occasions.<\/p>\n","protected":false},"featured_media":220,"comment_status":"closed","ping_status":"closed","template":"","meta":[],"product_brand":[],"product_cat":[15,218,110,67],"product_tag":[38,59,60,57,61,63,47,62,58],"class_list":{"0":"post-218","1":"product","2":"type-product","3":"status-publish","4":"has-post-thumbnail","6":"product_cat-bouquets-de-fleurs-et-roses","7":"product_cat-fete-des-meres","8":"product_cat-nos-gros-bouquets","9":"product_cat-special-fete-des-grands-meres","10":"product_tag-amour","11":"product_tag-anniversaire","12":"product_tag-argeles-sur-mer","13":"product_tag-bouquet","14":"product_tag-collioure","15":"product_tag-fleuriste","16":"product_tag-lys","17":"product_tag-port-vendres","18":"product_tag-tendresse","19":"product_shipping_class-liv-locale","20":"latest_post","22":"first","23":"instock","24":"taxable","25":"shipping-taxable","26":"purchasable","27":"product-type-variable"},"_links":{"self":[{"href":"https:\/\/artfloral-boutique.com\/index.php?rest_route=\/wp\/v2\/product\/218","targetHints":{"allow":["GET"]}}],"collection":[{"href":"https:\/\/artfloral-boutique.com\/index.php?rest_route=\/wp\/v2\/product"}],"about":[{"href":"https:\/\/artfloral-boutique.com\/index.php?rest_route=\/wp\/v2\/types\/product"}],"replies":[{"embeddable":true,"href":"https:\/\/artfloral-boutique.com\/index.php?rest_route=%2Fwp%2Fv2%2Fcomments&post=218"}],"wp:featuredmedia":[{"embeddable":true,"href":"https:\/\/artfloral-boutique.com\/index.php?rest_route=\/wp\/v2\/media\/220"}],"wp:attachment":[{"href":"https:\/\/artfloral-boutique.com\/index.php?rest_route=%2Fwp%2Fv2%2Fmedia&parent=218"}],"wp:term":[{"taxonomy":"product_brand","embeddable":true,"href":"https:\/\/artfloral-boutique.com\/index.php?rest_route=%2Fwp%2Fv2%2Fproduct_brand&post=218"},{"taxonomy":"product_cat","embeddable":true,"href":"https:\/\/artfloral-boutique.com\/index.php?rest_route=%2Fwp%2Fv2%2Fproduct_cat&post=218"},{"taxonomy":"product_tag","embeddable":true,"href":"https:\/\/artfloral-boutique.com\/index.php?rest_route=%2Fwp%2Fv2%2Fproduct_tag&post=218"}],"curies":[{"name":"wp","href":"https:\/\/api.w.org\/{rel}","templated":true}]}}