{"id":2190,"date":"2023-01-06T17:04:03","date_gmt":"2023-01-06T16:04:03","guid":{"rendered":"https:\/\/artfloral-boutique.com\/?post_type=product&#038;p=2190"},"modified":"2026-03-16T19:38:05","modified_gmt":"2026-03-16T18:38:05","slug":"bouquet-rond-deuil-rose-parme","status":"publish","type":"product","link":"https:\/\/artfloral-boutique.com\/?product=bouquet-rond-deuil-rose-parme","title":{"rendered":"Bouquet rond deuil rose parme"},"content":{"rendered":"<p><strong>Bouquet rond deuil<\/strong> \u00e0 effet, r\u00e9alis\u00e9 en fleurs de saison selon la cr\u00e9ativit\u00e9 du fleuriste en <strong>cama\u00efeu de rose et\/ou parme<\/strong>.<\/p>\n<p>La photo est un exemple car les couleurs peuvent varier d&rsquo;un bouquet \u00e0 l&rsquo;autre selon les fleurs disponibles.<\/p>\n<p>&nbsp;<\/p>\n","protected":false},"excerpt":{"rendered":"<p><strong>Bouquet rond deuil<\/strong> \u00e0 effet, r\u00e9alis\u00e9 en fleurs de saison selon la cr\u00e9ativit\u00e9 du fleuriste en <strong>cama\u00efeu de rose et\/ou parme<\/strong>.<\/p>\n<p>La photo est un exemple car les couleurs peuvent varier d&rsquo;un bouquet \u00e0 l&rsquo;autre selon les fleurs disponibles.<\/p>\n<p>&nbsp;<\/p>\n","protected":false},"featured_media":1761,"comment_status":"open","ping_status":"closed","template":"","meta":[],"product_brand":[],"product_cat":[232,229,16],"product_tag":[57,20,86,17,21,19,18,180],"class_list":{"0":"post-2190","1":"product","2":"type-product","3":"status-publish","4":"has-post-thumbnail","6":"product_cat-tons-pastels","7":"product_cat-bouquets-deuil","8":"product_cat-fleurs-deuil","9":"product_tag-bouquet","10":"product_tag-ceremonie","11":"product_tag-coussin","12":"product_tag-deuil","13":"product_tag-fleurs","14":"product_tag-funeraire","15":"product_tag-gerbe","16":"product_tag-obseques","17":"product_shipping_class-liv-locale","18":"latest_post","20":"first","21":"instock","22":"taxable","23":"shipping-taxable","24":"purchasable","25":"product-type-simple"},"_links":{"self":[{"href":"https:\/\/artfloral-boutique.com\/index.php?rest_route=\/wp\/v2\/product\/2190","targetHints":{"allow":["GET"]}}],"collection":[{"href":"https:\/\/artfloral-boutique.com\/index.php?rest_route=\/wp\/v2\/product"}],"about":[{"href":"https:\/\/artfloral-boutique.com\/index.php?rest_route=\/wp\/v2\/types\/product"}],"replies":[{"embeddable":true,"href":"https:\/\/artfloral-boutique.com\/index.php?rest_route=%2Fwp%2Fv2%2Fcomments&post=2190"}],"wp:featuredmedia":[{"embeddable":true,"href":"https:\/\/artfloral-boutique.com\/index.php?rest_route=\/wp\/v2\/media\/1761"}],"wp:attachment":[{"href":"https:\/\/artfloral-boutique.com\/index.php?rest_route=%2Fwp%2Fv2%2Fmedia&parent=2190"}],"wp:term":[{"taxonomy":"product_brand","embeddable":true,"href":"https:\/\/artfloral-boutique.com\/index.php?rest_route=%2Fwp%2Fv2%2Fproduct_brand&post=2190"},{"taxonomy":"product_cat","embeddable":true,"href":"https:\/\/artfloral-boutique.com\/index.php?rest_route=%2Fwp%2Fv2%2Fproduct_cat&post=2190"},{"taxonomy":"product_tag","embeddable":true,"href":"https:\/\/artfloral-boutique.com\/index.php?rest_route=%2Fwp%2Fv2%2Fproduct_tag&post=2190"}],"curies":[{"name":"wp","href":"https:\/\/api.w.org\/{rel}","templated":true}]}}