{"id":221,"date":"2021-03-03T21:37:49","date_gmt":"2021-03-03T20:37:49","guid":{"rendered":"https:\/\/artfloral-boutique.com\/?post_type=product&#038;p=221"},"modified":"2021-05-20T12:15:34","modified_gmt":"2021-05-20T10:15:34","slug":"bouquet-mi-long-colore","status":"publish","type":"product","link":"https:\/\/artfloral-boutique.com\/?product=bouquet-mi-long-colore","title":{"rendered":"Bouquet mi-long plut\u00f4t color\u00e9"},"content":{"rendered":"<p>Bouquet de fleurs mi long aux teintes douces et color\u00e9es.<\/p>\n<p>Chaque bouquet est unique, confectionn\u00e9 par votre fleuriste cr\u00e9ateur selon les fleurs de saison et disponibles. L&rsquo;esprit et les couleurs dominantes sont respect\u00e9es mais quelques fleurs peuvent changer. Pour ce bouquet, nous mettons g\u00e9n\u00e9ralement du lys et d&rsquo;autres fleurs selon l&rsquo;inspiration du moment.<\/p>\n<p>Ce bouquet peut \u00eatre command\u00e9 en drive ou en livraison de fleur pour toutes occasions.<\/p>\n","protected":false},"excerpt":{"rendered":"<p>Bouquet de fleurs mi long aux teintes douces et color\u00e9es.<\/p>\n<p>Chaque bouquet est unique, confectionn\u00e9 par votre fleuriste cr\u00e9ateur selon les fleurs de saison et disponibles. L&rsquo;esprit et les couleurs dominantes sont respect\u00e9es mais quelques fleurs peuvent changer. Pour ce bouquet, nous mettons g\u00e9n\u00e9ralement du lys et d&rsquo;autres fleurs selon l&rsquo;inspiration du moment.<\/p>\n<p>Ce bouquet peut \u00eatre command\u00e9 en drive ou en livraison de fleur pour toutes occasions.<\/p>\n","protected":false},"featured_media":222,"comment_status":"closed","ping_status":"closed","template":"","meta":[],"product_brand":[],"product_cat":[15],"product_tag":[38,59,60,57,61,63,47,62,58],"class_list":{"0":"post-221","1":"product","2":"type-product","3":"status-publish","4":"has-post-thumbnail","6":"product_cat-bouquets-de-fleurs-et-roses","7":"product_tag-amour","8":"product_tag-anniversaire","9":"product_tag-argeles-sur-mer","10":"product_tag-bouquet","11":"product_tag-collioure","12":"product_tag-fleuriste","13":"product_tag-lys","14":"product_tag-port-vendres","15":"product_tag-tendresse","16":"product_shipping_class-liv-locale","17":"latest_post","19":"first","20":"instock","21":"taxable","22":"shipping-taxable","23":"purchasable","24":"product-type-simple"},"_links":{"self":[{"href":"https:\/\/artfloral-boutique.com\/index.php?rest_route=\/wp\/v2\/product\/221","targetHints":{"allow":["GET"]}}],"collection":[{"href":"https:\/\/artfloral-boutique.com\/index.php?rest_route=\/wp\/v2\/product"}],"about":[{"href":"https:\/\/artfloral-boutique.com\/index.php?rest_route=\/wp\/v2\/types\/product"}],"replies":[{"embeddable":true,"href":"https:\/\/artfloral-boutique.com\/index.php?rest_route=%2Fwp%2Fv2%2Fcomments&post=221"}],"wp:featuredmedia":[{"embeddable":true,"href":"https:\/\/artfloral-boutique.com\/index.php?rest_route=\/wp\/v2\/media\/222"}],"wp:attachment":[{"href":"https:\/\/artfloral-boutique.com\/index.php?rest_route=%2Fwp%2Fv2%2Fmedia&parent=221"}],"wp:term":[{"taxonomy":"product_brand","embeddable":true,"href":"https:\/\/artfloral-boutique.com\/index.php?rest_route=%2Fwp%2Fv2%2Fproduct_brand&post=221"},{"taxonomy":"product_cat","embeddable":true,"href":"https:\/\/artfloral-boutique.com\/index.php?rest_route=%2Fwp%2Fv2%2Fproduct_cat&post=221"},{"taxonomy":"product_tag","embeddable":true,"href":"https:\/\/artfloral-boutique.com\/index.php?rest_route=%2Fwp%2Fv2%2Fproduct_tag&post=221"}],"curies":[{"name":"wp","href":"https:\/\/api.w.org\/{rel}","templated":true}]}}