{"id":2266,"date":"2023-01-10T17:42:45","date_gmt":"2023-01-10T16:42:45","guid":{"rendered":"https:\/\/artfloral-boutique.com\/?post_type=product&#038;p=2266"},"modified":"2026-03-16T19:35:52","modified_gmt":"2026-03-16T18:35:52","slug":"raquette-allongee-tons-blanc-colore","status":"publish","type":"product","link":"https:\/\/artfloral-boutique.com\/?product=raquette-allongee-tons-blanc-colore","title":{"rendered":"Raquette allong\u00e9e tons blancs et color\u00e9s"},"content":{"rendered":"<p><strong>RAQUETTE aux teintes chaudes adoucies par une nuance de blanc.<\/strong> Il s&rsquo;agit d&rsquo;une composition de fleurs piqu\u00e9es de forme allong\u00e9e. Elle peut \u00eatre offerte par la famille, des amis ou des coll\u00e8gues, une institution ou des voisins.<\/p>\n<p>Les fleurs qui composent cette <strong>gerbe florale<\/strong> varient en fonction des saisons. La <strong>teinte blanche<\/strong> rel\u00e8ve une touche d&rsquo;<strong>\u00e9l\u00e9gance<\/strong> pour s&rsquo;accorder avec des <strong>tons chauds color\u00e9s <\/strong>pour les fun\u00e9railles d&rsquo;un Homme ou d&rsquo;une Dame. Lors du recueillement et de la c\u00e9r\u00e9monie, vos fleurs am\u00e8neront un peu de chaleur en ce moment de deuil, rendant un dernier hommage au d\u00e9funt.<\/p>\n","protected":false},"excerpt":{"rendered":"<p><strong>RAQUETTE aux teintes chaudes adoucies par une nuance de blanc.<\/strong> Il s&rsquo;agit d&rsquo;une composition de fleurs piqu\u00e9es de forme allong\u00e9e. Elle peut \u00eatre offerte par la famille, des amis ou des coll\u00e8gues, une institution ou des voisins.<\/p>\n<p>Les fleurs qui composent cette <strong>gerbe florale<\/strong> varient en fonction des saisons. La <strong>teinte blanche<\/strong> rel\u00e8ve une touche d&rsquo;<strong>\u00e9l\u00e9gance<\/strong> pour s&rsquo;accorder avec des <strong>tons chauds color\u00e9s <\/strong>pour les fun\u00e9railles d&rsquo;un Homme ou d&rsquo;une Dame. Lors du recueillement et de la c\u00e9r\u00e9monie, vos fleurs am\u00e8neront un peu de chaleur en ce moment de deuil, rendant un dernier hommage au d\u00e9funt.<\/p>\n","protected":false},"featured_media":2215,"comment_status":"closed","ping_status":"closed","template":"","meta":[],"product_brand":[],"product_cat":[224,232,233,16],"product_tag":[22,20,17,21,19,18],"class_list":{"0":"post-2266","1":"product","2":"type-product","3":"status-publish","4":"has-post-thumbnail","6":"product_cat-dessus-de-cercueil","7":"product_cat-tons-pastels","8":"product_cat-deuil-tons-colores","9":"product_cat-fleurs-deuil","10":"product_tag-blanc","11":"product_tag-ceremonie","12":"product_tag-deuil","13":"product_tag-fleurs","14":"product_tag-funeraire","15":"product_tag-gerbe","16":"product_shipping_class-liv-locale","17":"latest_post","19":"first","20":"instock","21":"taxable","22":"shipping-taxable","23":"purchasable","24":"product-type-variable"},"_links":{"self":[{"href":"https:\/\/artfloral-boutique.com\/index.php?rest_route=\/wp\/v2\/product\/2266","targetHints":{"allow":["GET"]}}],"collection":[{"href":"https:\/\/artfloral-boutique.com\/index.php?rest_route=\/wp\/v2\/product"}],"about":[{"href":"https:\/\/artfloral-boutique.com\/index.php?rest_route=\/wp\/v2\/types\/product"}],"replies":[{"embeddable":true,"href":"https:\/\/artfloral-boutique.com\/index.php?rest_route=%2Fwp%2Fv2%2Fcomments&post=2266"}],"wp:featuredmedia":[{"embeddable":true,"href":"https:\/\/artfloral-boutique.com\/index.php?rest_route=\/wp\/v2\/media\/2215"}],"wp:attachment":[{"href":"https:\/\/artfloral-boutique.com\/index.php?rest_route=%2Fwp%2Fv2%2Fmedia&parent=2266"}],"wp:term":[{"taxonomy":"product_brand","embeddable":true,"href":"https:\/\/artfloral-boutique.com\/index.php?rest_route=%2Fwp%2Fv2%2Fproduct_brand&post=2266"},{"taxonomy":"product_cat","embeddable":true,"href":"https:\/\/artfloral-boutique.com\/index.php?rest_route=%2Fwp%2Fv2%2Fproduct_cat&post=2266"},{"taxonomy":"product_tag","embeddable":true,"href":"https:\/\/artfloral-boutique.com\/index.php?rest_route=%2Fwp%2Fv2%2Fproduct_tag&post=2266"}],"curies":[{"name":"wp","href":"https:\/\/api.w.org\/{rel}","templated":true}]}}