{"id":2311,"date":"2023-01-11T16:15:22","date_gmt":"2023-01-11T15:15:22","guid":{"rendered":"https:\/\/artfloral-boutique.com\/?post_type=product&#038;p=2311"},"modified":"2026-03-16T19:35:32","modified_gmt":"2026-03-16T18:35:32","slug":"gerbe-piquee-main-couleurs","status":"publish","type":"product","link":"https:\/\/artfloral-boutique.com\/?product=gerbe-piquee-main-couleurs","title":{"rendered":"Gerbe piqu\u00e9e main color\u00e9e"},"content":{"rendered":"<p>La <strong>GERBE MAIN PIQUEE<\/strong> est une GERBE A PLAT de fleurs de saison de forme allong\u00e9e. Cette gerbe donne l&rsquo;impression d&rsquo;\u00eatre un bouquet plat mais il s&rsquo;agit bien d&rsquo;une gerbe piqu\u00e9e dans une mousse, hydratant ainsi les fleurs tout au long de la c\u00e9r\u00e9monie et m\u00eame apr\u00e8s. Il n&rsquo;y a donc pas besoin de pr\u00e9voir de vase.<\/p>\n<p>Les fleurs qui composent cette <strong>gerbe florale<\/strong> varient en fonction des saisons et des fleurs disponibles au moment de la commande. <strong>De\u00a0 couleurs chaudes et color\u00e9es<\/strong>, cette pi\u00e8ce fun\u00e9raire est g\u00e9n\u00e9ralement choisie pour les fun\u00e9railles d&rsquo;un monsieur ou d&rsquo;une personne \u00e0 la personnalit\u00e9 joviale ou lumineuse, quelque soit son \u00e2ge au moment du d\u00e9part. Lors du recueillement et de la c\u00e9r\u00e9monie, vos fleurs am\u00e8neront un peu de cette chaleur en ce moment de deuil, rendant ainsi un dernier hommage.<\/p>\n<p>Pour tous renseignements, nous sommes joignables par T\u00e9l\u00e9phone au magasin 04 68 81 06 89 (appel non surtax\u00e9, aux heures d&rsquo;ouverture). La gerbe est accompagn\u00e9e de votre carte message mais vous pouvez aussi ajouter un ruban deuil avec une inscription.<\/p>\n","protected":false},"excerpt":{"rendered":"<p>La <strong>GERBE MAIN PIQUEE<\/strong> est une GERBE A PLAT de fleurs de saison de forme allong\u00e9e. Cette gerbe donne l&rsquo;impression d&rsquo;\u00eatre un bouquet plat mais il s&rsquo;agit bien d&rsquo;une gerbe piqu\u00e9e dans une mousse, hydratant ainsi les fleurs tout au long de la c\u00e9r\u00e9monie et m\u00eame apr\u00e8s. Il n&rsquo;y a donc pas besoin de pr\u00e9voir de vase.<\/p>\n<p>Les fleurs qui composent cette <strong>gerbe florale<\/strong> varient en fonction des saisons et des fleurs disponibles au moment de la commande. <strong>De\u00a0 couleurs chaudes et color\u00e9es<\/strong>, cette pi\u00e8ce fun\u00e9raire est g\u00e9n\u00e9ralement choisie pour les fun\u00e9railles d&rsquo;un monsieur ou d&rsquo;une personne \u00e0 la personnalit\u00e9 joviale ou lumineuse, quelque soit son \u00e2ge au moment du d\u00e9part. Lors du recueillement et de la c\u00e9r\u00e9monie, vos fleurs am\u00e8neront un peu de cette chaleur en ce moment de deuil, rendant ainsi un dernier hommage.<\/p>\n<p>Pour tous renseignements, nous sommes joignables par T\u00e9l\u00e9phone au magasin 04 68 81 06 89 (appel non surtax\u00e9, aux heures d&rsquo;ouverture). La gerbe est accompagn\u00e9e de votre carte message mais vous pouvez aussi ajouter un ruban deuil avec une inscription.<\/p>\n","protected":false},"featured_media":2292,"comment_status":"closed","ping_status":"closed","template":"","meta":[],"product_brand":[],"product_cat":[233,229,16,225],"product_tag":[22,20,17,21,19,18],"class_list":{"0":"post-2311","1":"product","2":"type-product","3":"status-publish","4":"has-post-thumbnail","6":"product_cat-deuil-tons-colores","7":"product_cat-bouquets-deuil","8":"product_cat-fleurs-deuil","9":"product_cat-raquettes","10":"product_tag-blanc","11":"product_tag-ceremonie","12":"product_tag-deuil","13":"product_tag-fleurs","14":"product_tag-funeraire","15":"product_tag-gerbe","16":"product_shipping_class-liv-locale","17":"latest_post","19":"first","20":"instock","21":"taxable","22":"shipping-taxable","23":"purchasable","24":"product-type-simple"},"_links":{"self":[{"href":"https:\/\/artfloral-boutique.com\/index.php?rest_route=\/wp\/v2\/product\/2311","targetHints":{"allow":["GET"]}}],"collection":[{"href":"https:\/\/artfloral-boutique.com\/index.php?rest_route=\/wp\/v2\/product"}],"about":[{"href":"https:\/\/artfloral-boutique.com\/index.php?rest_route=\/wp\/v2\/types\/product"}],"replies":[{"embeddable":true,"href":"https:\/\/artfloral-boutique.com\/index.php?rest_route=%2Fwp%2Fv2%2Fcomments&post=2311"}],"wp:featuredmedia":[{"embeddable":true,"href":"https:\/\/artfloral-boutique.com\/index.php?rest_route=\/wp\/v2\/media\/2292"}],"wp:attachment":[{"href":"https:\/\/artfloral-boutique.com\/index.php?rest_route=%2Fwp%2Fv2%2Fmedia&parent=2311"}],"wp:term":[{"taxonomy":"product_brand","embeddable":true,"href":"https:\/\/artfloral-boutique.com\/index.php?rest_route=%2Fwp%2Fv2%2Fproduct_brand&post=2311"},{"taxonomy":"product_cat","embeddable":true,"href":"https:\/\/artfloral-boutique.com\/index.php?rest_route=%2Fwp%2Fv2%2Fproduct_cat&post=2311"},{"taxonomy":"product_tag","embeddable":true,"href":"https:\/\/artfloral-boutique.com\/index.php?rest_route=%2Fwp%2Fv2%2Fproduct_tag&post=2311"}],"curies":[{"name":"wp","href":"https:\/\/api.w.org\/{rel}","templated":true}]}}