{"id":2312,"date":"2023-01-11T16:45:56","date_gmt":"2023-01-11T15:45:56","guid":{"rendered":"https:\/\/artfloral-boutique.com\/?post_type=product&#038;p=2312"},"modified":"2026-03-16T19:35:07","modified_gmt":"2026-03-16T18:35:07","slug":"panier-funeraire-colore","status":"publish","type":"product","link":"https:\/\/artfloral-boutique.com\/?product=panier-funeraire-colore","title":{"rendered":"Petit Panier deuil color\u00e9"},"content":{"rendered":"<p><strong>Panier de fleurs piqu\u00e9es aux tons vifs, chaleureux et color\u00e9s.<\/strong><\/p>\n<p>Cette composition d&rsquo;un <strong>diam\u00e8tre d&rsquo;environ 40cm<\/strong> est piqu\u00e9e dans une <strong>mousse hydratant ainsi les fleurs<\/strong> tout au long de la c\u00e9r\u00e9monie et m\u00eame apr\u00e8s. Il n&rsquo;y a donc <strong>pas besoin de pr\u00e9voir de vase<\/strong>. G\u00e9n\u00e9ralement offert par les amis ou les coll\u00e8gues, ce t\u00e9moignage de partage aupr\u00e8s de la famille en deuil est une composition proposant un <strong>bon compromis<\/strong> entre le geste affectif et le respect profond. Les fleurs qui composent cette <strong>gerbe florale<\/strong> varient en fonction des saisons et des fleurs disponibles au moment de la commande, car <strong>chaque pi\u00e8ce est unique<\/strong>. <strong>De\u00a0 couleurs chaudes et color\u00e9es<\/strong>, ce panier fun\u00e9raire est g\u00e9n\u00e9ralement choisie pour les fun\u00e9railles d&rsquo;un monsieur ou d&rsquo;une personne \u00e0 la personnalit\u00e9 joviale ou lumineuse, quelque soit son \u00e2ge au moment de son d\u00e9part. Lors du recueillement et de la c\u00e9r\u00e9monie, vos fleurs am\u00e8neront un peu de cette chaleur en ce moment de deuil, rendant ainsi un dernier hommage.<\/p>\n<p>Pour tous renseignements, nous sommes joignables par T\u00e9l\u00e9phone au magasin 04 68 81 06 89 (appel non surtax\u00e9, aux heures d&rsquo;ouverture). La gerbe est accompagn\u00e9e de votre carte message mais vous pouvez aussi ajouter un ruban deuil avec une inscription.<\/p>\n<p>&nbsp;<\/p>\n<p><span style=\"color: #ffffff;\"><em><strong>FAQ : peut-on faire livrer une gerbe \u00e0 moins de 100\u20ac aux pompes fun\u00e8bres ou \u00e0 l&rsquo;\u00e9glise dans les Pyr\u00e9n\u00e9es Orientales ?<\/strong><\/em><\/span><\/p>\n","protected":false},"excerpt":{"rendered":"<p><strong>Panier de fleurs piqu\u00e9es aux tons vifs, chaleureux et color\u00e9s.<\/strong><\/p>\n<p>Cette composition d&rsquo;un <strong>diam\u00e8tre d&rsquo;environ 40cm<\/strong> est piqu\u00e9e dans une <strong>mousse hydratant ainsi les fleurs<\/strong> tout au long de la c\u00e9r\u00e9monie et m\u00eame apr\u00e8s. Il n&rsquo;y a donc <strong>pas besoin de pr\u00e9voir de vase<\/strong>. G\u00e9n\u00e9ralement offert par les amis ou les coll\u00e8gues, ce t\u00e9moignage de partage aupr\u00e8s de la famille en deuil est une composition proposant un <strong>bon compromis<\/strong> entre le geste affectif et le respect profond. Les fleurs qui composent cette <strong>gerbe florale<\/strong> varient en fonction des saisons et des fleurs disponibles au moment de la commande, car <strong>chaque pi\u00e8ce est unique<\/strong>. <strong>De\u00a0 couleurs chaudes et color\u00e9es<\/strong>, ce panier fun\u00e9raire est g\u00e9n\u00e9ralement choisie pour les fun\u00e9railles d&rsquo;un monsieur ou d&rsquo;une personne \u00e0 la personnalit\u00e9 joviale ou lumineuse, quelque soit son \u00e2ge au moment de son d\u00e9part. Lors du recueillement et de la c\u00e9r\u00e9monie, vos fleurs am\u00e8neront un peu de cette chaleur en ce moment de deuil, rendant ainsi un dernier hommage.<\/p>\n<p>Pour tous renseignements, nous sommes joignables par T\u00e9l\u00e9phone au magasin 04 68 81 06 89 (appel non surtax\u00e9, aux heures d&rsquo;ouverture). La gerbe est accompagn\u00e9e de votre carte message mais vous pouvez aussi ajouter un ruban deuil avec une inscription.<\/p>\n","protected":false},"featured_media":2287,"comment_status":"closed","ping_status":"closed","template":"","meta":[],"product_brand":[],"product_cat":[233,16,226],"product_tag":[22,20,17,21,19,18],"class_list":{"0":"post-2312","1":"product","2":"type-product","3":"status-publish","4":"has-post-thumbnail","6":"product_cat-deuil-tons-colores","7":"product_cat-fleurs-deuil","8":"product_cat-coussins","9":"product_tag-blanc","10":"product_tag-ceremonie","11":"product_tag-deuil","12":"product_tag-fleurs","13":"product_tag-funeraire","14":"product_tag-gerbe","15":"product_shipping_class-liv-locale","16":"latest_post","18":"first","19":"instock","20":"taxable","21":"shipping-taxable","22":"purchasable","23":"product-type-simple"},"_links":{"self":[{"href":"https:\/\/artfloral-boutique.com\/index.php?rest_route=\/wp\/v2\/product\/2312","targetHints":{"allow":["GET"]}}],"collection":[{"href":"https:\/\/artfloral-boutique.com\/index.php?rest_route=\/wp\/v2\/product"}],"about":[{"href":"https:\/\/artfloral-boutique.com\/index.php?rest_route=\/wp\/v2\/types\/product"}],"replies":[{"embeddable":true,"href":"https:\/\/artfloral-boutique.com\/index.php?rest_route=%2Fwp%2Fv2%2Fcomments&post=2312"}],"wp:featuredmedia":[{"embeddable":true,"href":"https:\/\/artfloral-boutique.com\/index.php?rest_route=\/wp\/v2\/media\/2287"}],"wp:attachment":[{"href":"https:\/\/artfloral-boutique.com\/index.php?rest_route=%2Fwp%2Fv2%2Fmedia&parent=2312"}],"wp:term":[{"taxonomy":"product_brand","embeddable":true,"href":"https:\/\/artfloral-boutique.com\/index.php?rest_route=%2Fwp%2Fv2%2Fproduct_brand&post=2312"},{"taxonomy":"product_cat","embeddable":true,"href":"https:\/\/artfloral-boutique.com\/index.php?rest_route=%2Fwp%2Fv2%2Fproduct_cat&post=2312"},{"taxonomy":"product_tag","embeddable":true,"href":"https:\/\/artfloral-boutique.com\/index.php?rest_route=%2Fwp%2Fv2%2Fproduct_tag&post=2312"}],"curies":[{"name":"wp","href":"https:\/\/api.w.org\/{rel}","templated":true}]}}