{"id":2320,"date":"2023-01-11T17:18:41","date_gmt":"2023-01-11T16:18:41","guid":{"rendered":"https:\/\/artfloral-boutique.com\/?post_type=product&#038;p=2320"},"modified":"2026-03-16T19:34:20","modified_gmt":"2026-03-16T18:34:20","slug":"bouquet-bulle-sonate","status":"publish","type":"product","link":"https:\/\/artfloral-boutique.com\/?product=bouquet-bulle-sonate","title":{"rendered":"Bouquet Bulle Sonate"},"content":{"rendered":"<p><strong>Bouquet deuil de sympathie.<\/strong> Il s&rsquo;agit d&rsquo;un <strong>geste pour pr\u00e9senter vos condol\u00e9ances <\/strong>\u00e0 travers un<strong> bouquet rond d&rsquo;environ 30cm <\/strong>de diam\u00e8tre, pr\u00e9sent\u00e9 <strong>dans sa bulle d&rsquo;eau. <\/strong>R\u00e9alis\u00e9 en fleurs de saison selon la cr\u00e9ativit\u00e9 du fleuriste en <strong>cama\u00efeu de rose et\/ou parme, <\/strong>il sera un t\u00e9moignage de votre pr\u00e9sence par la pens\u00e9e.<\/p>\n<p>La photo est un exemple car les couleurs peuvent varier d&rsquo;un bouquet \u00e0 l&rsquo;autre selon les fleurs disponibles.<\/p>\n<p>&nbsp;<\/p>\n<p>&nbsp;<\/p>\n<p><span style=\"color: #ffffff;\"><em><strong>Livraison d&rsquo;un bouquet pas cher de moins de 40\u20ac pour pr\u00e9senter ses condol\u00e9ances dans le d\u00e9partement 66<\/strong><\/em><\/span><\/p>\n","protected":false},"excerpt":{"rendered":"<p><strong>Bouquet deuil de sympathie.<\/strong> Il s&rsquo;agit d&rsquo;un <strong>geste pour pr\u00e9senter vos condol\u00e9ances <\/strong>\u00e0 travers un<strong> bouquet rond d&rsquo;environ 30cm <\/strong>de diam\u00e8tre, pr\u00e9sent\u00e9 <strong>dans sa bulle d&rsquo;eau. <\/strong>R\u00e9alis\u00e9 en fleurs de saison selon la cr\u00e9ativit\u00e9 du fleuriste en <strong>cama\u00efeu de rose et\/ou parme, <\/strong>il sera un t\u00e9moignage de votre pr\u00e9sence par la pens\u00e9e.<\/p>\n<p>La photo est un exemple car les couleurs peuvent varier d&rsquo;un bouquet \u00e0 l&rsquo;autre selon les fleurs disponibles<\/p>\n","protected":false},"featured_media":2285,"comment_status":"open","ping_status":"closed","template":"","meta":[],"product_brand":[],"product_cat":[232,233,229,16],"product_tag":[57,20,86,17,21,19,18,180],"class_list":{"0":"post-2320","1":"product","2":"type-product","3":"status-publish","4":"has-post-thumbnail","6":"product_cat-tons-pastels","7":"product_cat-deuil-tons-colores","8":"product_cat-bouquets-deuil","9":"product_cat-fleurs-deuil","10":"product_tag-bouquet","11":"product_tag-ceremonie","12":"product_tag-coussin","13":"product_tag-deuil","14":"product_tag-fleurs","15":"product_tag-funeraire","16":"product_tag-gerbe","17":"product_tag-obseques","18":"product_shipping_class-liv-locale","19":"latest_post","21":"first","22":"instock","23":"taxable","24":"shipping-taxable","25":"purchasable","26":"product-type-simple"},"_links":{"self":[{"href":"https:\/\/artfloral-boutique.com\/index.php?rest_route=\/wp\/v2\/product\/2320","targetHints":{"allow":["GET"]}}],"collection":[{"href":"https:\/\/artfloral-boutique.com\/index.php?rest_route=\/wp\/v2\/product"}],"about":[{"href":"https:\/\/artfloral-boutique.com\/index.php?rest_route=\/wp\/v2\/types\/product"}],"replies":[{"embeddable":true,"href":"https:\/\/artfloral-boutique.com\/index.php?rest_route=%2Fwp%2Fv2%2Fcomments&post=2320"}],"wp:featuredmedia":[{"embeddable":true,"href":"https:\/\/artfloral-boutique.com\/index.php?rest_route=\/wp\/v2\/media\/2285"}],"wp:attachment":[{"href":"https:\/\/artfloral-boutique.com\/index.php?rest_route=%2Fwp%2Fv2%2Fmedia&parent=2320"}],"wp:term":[{"taxonomy":"product_brand","embeddable":true,"href":"https:\/\/artfloral-boutique.com\/index.php?rest_route=%2Fwp%2Fv2%2Fproduct_brand&post=2320"},{"taxonomy":"product_cat","embeddable":true,"href":"https:\/\/artfloral-boutique.com\/index.php?rest_route=%2Fwp%2Fv2%2Fproduct_cat&post=2320"},{"taxonomy":"product_tag","embeddable":true,"href":"https:\/\/artfloral-boutique.com\/index.php?rest_route=%2Fwp%2Fv2%2Fproduct_tag&post=2320"}],"curies":[{"name":"wp","href":"https:\/\/api.w.org\/{rel}","templated":true}]}}