{"id":233,"date":"2021-03-04T08:21:04","date_gmt":"2021-03-04T07:21:04","guid":{"rendered":"https:\/\/artfloral-boutique.com\/?post_type=product&#038;p=233"},"modified":"2025-07-05T16:14:48","modified_gmt":"2025-07-05T14:14:48","slug":"bouquet-grandes-roses-rouges","status":"publish","type":"product","link":"https:\/\/artfloral-boutique.com\/?product=bouquet-grandes-roses-rouges","title":{"rendered":"Les Bouquet de Grandes Roses Rouges !"},"content":{"rendered":"<p>Le symbole absolu de l&rsquo;Amour et de la passion, tant pour sa beaut\u00e9 que pour tout ce qu&rsquo;elle \u00e9voque, la rose rouge reste une r\u00e9f\u00e9rence !<\/p>\n<p>Mais il y a ROSES ROUGES et roses rouges&#8230; Lorsque l&rsquo;on parle de cette fleur si particuli\u00e8re, il faut comprendre qu&rsquo;une rose se distingue d&rsquo;abord par la grosseur de son bouton et donc sa vari\u00e9t\u00e9 mais aussi par la longueur de sa tige. Cette fleur tr\u00e8s convoit\u00e9e n&rsquo;a donc pas le m\u00eame effet, ni le m\u00eame budget, selon que l&rsquo;on parle de 30 petites roses du kenya petit bouton avec une tige de 35cm, ou une vari\u00e9t\u00e9 de type red naomie, au bouton de trois \u00e0 cinq fois plus g\u00e9n\u00e9reux, et une tige de 70cm ou plus&#8230;<\/p>\n<p>Dans nos offres nous proposons soit \u00ab\u00a0le bouquet longues tiges\u00a0\u00bb avec de la grande rose de type red naomie de 60 \u00e0 80cm de long, soit \u00ab\u00a0le bouquet de roses en bouquet rond\u00a0\u00bb avec une rose de vari\u00e9t\u00e9 \u00e0 gros bouton ayant une tige d&rsquo;environ 40 \u00e0 55cm.<\/p>\n<p>Notez que l&rsquo;effet n&rsquo;est pas le m\u00eame et le prix de la rose rouge varie \u00e9norm\u00e9ment lors de f\u00eates sp\u00e9ciales.<\/p>\n<p>Pour un bouquet de roses longues tiges, il faut compter environ 4\u20ac par rose en temps normal (pour les roses 50cm entre 2\u20ac\/3\u20ac en temps normal).<\/p>\n<p>Mais le prix peut tripler ou quadrupler en p\u00e9riode sp\u00e9ciale telle que st Valentin, F\u00eate des M\u00e8res en France ou dans un autre pays d&rsquo;europe&#8230; Pour vous assurer de la disponibilit\u00e9 et du nombre de roses que vous aurez lors de votre commande, n&rsquo;h\u00e9sitez pas \u00e0 nous demander en direct au magasin au 04 68 81 06 89 (num\u00e9ro local) durant nos heures d&rsquo;ouverture.<\/p>\n<p>disponible en livraison ou en drive.<\/p>\n","protected":false},"excerpt":{"rendered":"<p><strong>Le symbole absolu de l&rsquo;Amour et de la passion : la livraison d&rsquo;un bouquet de roses rouges ! <\/strong><strong>&#8230;tant pour sa beaut\u00e9 que pour tout ce qu&rsquo;elle \u00e9voque, la rose rouge reste une r\u00e9f\u00e9rence !<br \/>\n<\/strong><\/p>\n<p><em><strong>Mais il y a ROSES ROUGES et roses rouges&#8230;<\/strong><\/em> Lorsque l&rsquo;on parle de cette fleur si particuli\u00e8re, il faut comprendre qu&rsquo;une rose se distingue d&rsquo;abord par la grosseur de son bouton et donc sa vari\u00e9t\u00e9 mais aussi par la longueur de sa tige. Cette fleur tr\u00e8s convoit\u00e9e n&rsquo;a donc pas le m\u00eame effet, ni le m\u00eame budget, selon que l&rsquo;on parle de 30 petites roses du kenya petit bouton avec une tige de 35cm, ou une vari\u00e9t\u00e9 <em><strong>de type RED NAOMIE<\/strong><\/em>, au bouton de trois \u00e0 cinq fois plus g\u00e9n\u00e9reux, et <em><strong>une tige de 70cm ou plus<\/strong><\/em>&#8230; <strong><em>le rendu n&rsquo;est pas du tout le m\u00eame !<\/em><\/strong><\/p>\n<p>Dans nos offres nous proposons soit \u00ab\u00a0le bouquet longues tiges\u00a0\u00bb avec de la grande rose de type red naomie de 60 \u00e0 80cm de long, soit \u00ab\u00a0le bouquet de roses en bouquet rond\u00a0\u00bb avec une rose de vari\u00e9t\u00e9 \u00e0 gros bouton ayant une tige d&rsquo;environ 40 \u00e0 55cm.<\/p>\n<p>Notez que l&rsquo;effet n&rsquo;est pas le m\u00eame et le prix de la rose rouge varie \u00e9norm\u00e9ment lors de f\u00eates sp\u00e9ciales.<\/p>\n<p>Pour un bouquet de roses longues tiges, il faut compter environ 3\u20ac50 par rose en temps NORMAL (pour les roses 50cm entre 2\u20ac\/3\u20ac en temps normal).<\/p>\n<p><em><strong>MAIS le prix peut tripler ou quadrupler en p\u00e9riode sp\u00e9ciale<\/strong> <\/em>telle que st Valentin, F\u00eate des M\u00e8res en France ou dans un autre pays d&rsquo;europe&#8230; Pour vous assurer de la disponibilit\u00e9 et du nombre de roses que vous aurez lors de votre commande, <em><strong>n&rsquo;h\u00e9sitez pas \u00e0 nous demander en direct au magasin au 04 68 81 06 89 (num\u00e9ro local) durant nos heures d&rsquo;ouverture.<\/strong><\/em><\/p>\n<p>disponible en livraison ou en drive.<\/p>\n","protected":false},"featured_media":238,"comment_status":"closed","ping_status":"closed","template":"","meta":[],"product_brand":[],"product_cat":[15,223],"product_tag":[38,55,40,54],"class_list":{"0":"post-233","1":"product","2":"type-product","3":"status-publish","4":"has-post-thumbnail","6":"product_cat-bouquets-de-fleurs-et-roses","7":"product_cat-roses-rouges-amour","8":"product_tag-amour","9":"product_tag-bouquet-rond","10":"product_tag-roses","11":"product_tag-saint-valentin","12":"product_shipping_class-liv-locale","13":"latest_post","15":"first","16":"instock","17":"taxable","18":"shipping-taxable","19":"purchasable","20":"product-type-variable"},"_links":{"self":[{"href":"https:\/\/artfloral-boutique.com\/index.php?rest_route=\/wp\/v2\/product\/233","targetHints":{"allow":["GET"]}}],"collection":[{"href":"https:\/\/artfloral-boutique.com\/index.php?rest_route=\/wp\/v2\/product"}],"about":[{"href":"https:\/\/artfloral-boutique.com\/index.php?rest_route=\/wp\/v2\/types\/product"}],"replies":[{"embeddable":true,"href":"https:\/\/artfloral-boutique.com\/index.php?rest_route=%2Fwp%2Fv2%2Fcomments&post=233"}],"wp:featuredmedia":[{"embeddable":true,"href":"https:\/\/artfloral-boutique.com\/index.php?rest_route=\/wp\/v2\/media\/238"}],"wp:attachment":[{"href":"https:\/\/artfloral-boutique.com\/index.php?rest_route=%2Fwp%2Fv2%2Fmedia&parent=233"}],"wp:term":[{"taxonomy":"product_brand","embeddable":true,"href":"https:\/\/artfloral-boutique.com\/index.php?rest_route=%2Fwp%2Fv2%2Fproduct_brand&post=233"},{"taxonomy":"product_cat","embeddable":true,"href":"https:\/\/artfloral-boutique.com\/index.php?rest_route=%2Fwp%2Fv2%2Fproduct_cat&post=233"},{"taxonomy":"product_tag","embeddable":true,"href":"https:\/\/artfloral-boutique.com\/index.php?rest_route=%2Fwp%2Fv2%2Fproduct_tag&post=233"}],"curies":[{"name":"wp","href":"https:\/\/api.w.org\/{rel}","templated":true}]}}