{"id":2335,"date":"2023-01-11T18:19:49","date_gmt":"2023-01-11T17:19:49","guid":{"rendered":"https:\/\/artfloral-boutique.com\/?post_type=product&#038;p=2335"},"modified":"2026-03-16T19:32:32","modified_gmt":"2026-03-16T18:32:32","slug":"dessus-cercueil-blanc-bleu","status":"publish","type":"product","link":"https:\/\/artfloral-boutique.com\/?product=dessus-cercueil-blanc-bleu","title":{"rendered":"Dessus de cercueil Blanc et Bleu"},"content":{"rendered":"<p><strong>Dessus de Cercueil ou Raquette<\/strong><strong> de fleurs \u00e0 dominantes bleut\u00e9es et blanches.<\/strong> Il s&rsquo;agit d&rsquo;une composition de fleurs piqu\u00e9es de forme allong\u00e9e pour orner le cercueil ou pour accompagner le chagrin de la famille de la part de proches.<\/p>\n<p>Les fleurs qui composent cette <strong>gerbe florale<\/strong> varient beaucoup en fonction des saisons, en particulier en ce qui concerne la <strong>teinte bleue<\/strong> plus ou moins bleu ciel ou violine, car c&rsquo;est une couleur que l&rsquo;on retrouve peu dans le choix de fleurs coup\u00e9es.Il est donc <strong>imp\u00e9ratif pour cette pi\u00e8ce de nous contacter pour s&rsquo;assurer de la faisabilit\u00e9 de cette pi\u00e8ce au jour de la c\u00e9r\u00e9monie<\/strong>.<\/p>\n<p>La <strong>teinte blanche<\/strong> rel\u00e8ve une touche d&rsquo;<strong>\u00e9l\u00e9gance<\/strong> pour s&rsquo;accorder avec la puissance du bleu, pour les fun\u00e9railles d&rsquo;un Homme ou d&rsquo;une Dame. Cet un assemblage de couleur magnifique et rare.<\/p>\n","protected":false},"excerpt":{"rendered":"<p><strong>Dessus de Cercueil ou Raquette<\/strong><strong> de fleurs \u00e0 dominantes bleut\u00e9es et blanches.<\/strong> Il s&rsquo;agit d&rsquo;une composition de fleurs piqu\u00e9es de forme allong\u00e9e pour orner le cercueil ou pour accompagner le chagrin de la famille de la part de proches.<\/p>\n<p>Les fleurs qui composent cette <strong>gerbe florale<\/strong> varient beaucoup en fonction des saisons, en particulier en ce qui concerne la <strong>teinte bleue<\/strong> plus ou moins bleu ciel ou violine, car c&rsquo;est une couleur que l&rsquo;on retrouve peu dans le choix de fleurs coup\u00e9es.Il est donc <strong>imp\u00e9ratif pour cette pi\u00e8ce de nous contacter pour s&rsquo;assurer de la faisabilit\u00e9 de cette pi\u00e8ce au jour de la c\u00e9r\u00e9monie<\/strong>.<\/p>\n<p>La <strong>teinte blanche<\/strong> rel\u00e8ve une touche d&rsquo;<strong>\u00e9l\u00e9gance<\/strong> pour s&rsquo;accorder avec la puissance du bleu, pour les fun\u00e9railles d&rsquo;un Homme ou d&rsquo;une Dame. Cet un assemblage de couleur magnifique et rare.<\/p>\n","protected":false},"featured_media":428,"comment_status":"closed","ping_status":"closed","template":"","meta":[],"product_brand":[],"product_cat":[224,232,16],"product_tag":[22,20,17,21,19,18],"class_list":{"0":"post-2335","1":"product","2":"type-product","3":"status-publish","4":"has-post-thumbnail","6":"product_cat-dessus-de-cercueil","7":"product_cat-tons-pastels","8":"product_cat-fleurs-deuil","9":"product_tag-blanc","10":"product_tag-ceremonie","11":"product_tag-deuil","12":"product_tag-fleurs","13":"product_tag-funeraire","14":"product_tag-gerbe","15":"product_shipping_class-liv-locale","16":"latest_post","18":"first","19":"instock","20":"taxable","21":"shipping-taxable","22":"purchasable","23":"product-type-simple"},"_links":{"self":[{"href":"https:\/\/artfloral-boutique.com\/index.php?rest_route=\/wp\/v2\/product\/2335","targetHints":{"allow":["GET"]}}],"collection":[{"href":"https:\/\/artfloral-boutique.com\/index.php?rest_route=\/wp\/v2\/product"}],"about":[{"href":"https:\/\/artfloral-boutique.com\/index.php?rest_route=\/wp\/v2\/types\/product"}],"replies":[{"embeddable":true,"href":"https:\/\/artfloral-boutique.com\/index.php?rest_route=%2Fwp%2Fv2%2Fcomments&post=2335"}],"wp:featuredmedia":[{"embeddable":true,"href":"https:\/\/artfloral-boutique.com\/index.php?rest_route=\/wp\/v2\/media\/428"}],"wp:attachment":[{"href":"https:\/\/artfloral-boutique.com\/index.php?rest_route=%2Fwp%2Fv2%2Fmedia&parent=2335"}],"wp:term":[{"taxonomy":"product_brand","embeddable":true,"href":"https:\/\/artfloral-boutique.com\/index.php?rest_route=%2Fwp%2Fv2%2Fproduct_brand&post=2335"},{"taxonomy":"product_cat","embeddable":true,"href":"https:\/\/artfloral-boutique.com\/index.php?rest_route=%2Fwp%2Fv2%2Fproduct_cat&post=2335"},{"taxonomy":"product_tag","embeddable":true,"href":"https:\/\/artfloral-boutique.com\/index.php?rest_route=%2Fwp%2Fv2%2Fproduct_tag&post=2335"}],"curies":[{"name":"wp","href":"https:\/\/api.w.org\/{rel}","templated":true}]}}