{"id":2586,"date":"2023-03-01T11:36:32","date_gmt":"2023-03-01T10:36:32","guid":{"rendered":"https:\/\/artfloral-boutique.com\/?post_type=product&#038;p=2586"},"modified":"2026-02-20T19:31:22","modified_gmt":"2026-02-20T18:31:22","slug":"panierplantes-pour-mamie","status":"publish","type":"product","link":"https:\/\/artfloral-boutique.com\/?product=panierplantes-pour-mamie","title":{"rendered":"Panier de plantes pour mamie"},"content":{"rendered":"<p><strong>Panier de plantes fleuries de saison confectionn\u00e9 pour la f\u00eate des mamies.<br \/>\n<\/strong><\/p>\n<div class=\"BlockSeo-content\">\n<div class=\"TipsList\">\n<div class=\"TeaserTips TipsList-item\">\n<div class=\"TeaserTips-content\">\n<div class=\"teaserTips--desc\">Confectionn\u00e9 et livr\u00e9 sans interm\u00e9diaire par votre fleuriste, ce qui vous<strong> garantie le meilleur prix !<\/strong><\/div>\n<\/div>\n<\/div>\n<div class=\"TeaserTips TipsList-item\">\n<div class=\"TeaserTips-content\">\n<h5><em>Livraison durant les deux jours du week-end de la f\u00eate des grands-m\u00e8res. Nous privil\u00e9gierons la date s\u00e9lectionn\u00e9e mais une livraison peut \u00eatre r\u00e9alis\u00e9e la veille selon nos possibilit\u00e9s logistiques. Livraison de fleurs \u00e0 Argel\u00e8s sur mer, Collioure, Port Vendres, Banyuls sur mer, Palau del vidre, Saint Andr\u00e9, Saint Cyprien, Sor\u00e8de, Laroque des Alb\u00e8res, Saint Genis des Fontaines&#8230;<\/em><\/h5>\n<\/div>\n<\/div>\n<\/div>\n<\/div>\n","protected":false},"excerpt":{"rendered":"<p><strong>Panier de plantes fleuries de saison confectionn\u00e9 pour la f\u00eate des mamies.<br \/>\n<\/strong><\/p>\n<div class=\"BlockSeo-content\">\n<div class=\"TipsList\">\n<div class=\"TeaserTips TipsList-item\">\n<div class=\"TeaserTips-content\">\n<div class=\"teaserTips--desc\">Confectionn\u00e9 et livr\u00e9 sans interm\u00e9diaire par votre fleuriste, ce qui vous<strong> garantie le meilleur prix !<\/strong><\/div>\n<\/div>\n<\/div>\n<div class=\"TeaserTips TipsList-item\">\n<div class=\"TeaserTips-content\">\n<h5><em>Livraison durant les deux jours du week-end de la f\u00eate des grands-m\u00e8res. Nous privil\u00e9gierons la date s\u00e9lectionn\u00e9e mais une livraison peut \u00eatre r\u00e9alis\u00e9e la veille selon nos possibilit\u00e9s logistiques. Livraison de fleurs \u00e0 Argel\u00e8s sur mer, Collioure, Port Vendres, Banyuls sur mer, Palau del vidre, Saint Andr\u00e9, Saint Cyprien, Sor\u00e8de, Laroque des Alb\u00e8res, Saint Genis des Fontaines&#8230;<\/em><\/h5>\n<\/div>\n<\/div>\n<\/div>\n<\/div>\n","protected":false},"featured_media":2581,"comment_status":"closed","ping_status":"closed","template":"","meta":[],"product_brand":[],"product_cat":[32,67],"product_tag":[60,167,68,70,35,69],"class_list":{"0":"post-2586","1":"product","2":"type-product","3":"status-publish","4":"has-post-thumbnail","6":"product_cat-plantes-et-orchidees","7":"product_cat-special-fete-des-grands-meres","8":"product_tag-argeles-sur-mer","9":"product_tag-cadeau","10":"product_tag-fete-des-grands-meres","11":"product_tag-fete-des-mamies","12":"product_tag-livraison-de-fleurs","13":"product_tag-mamies","14":"product_shipping_class-liv-locale","15":"latest_post","17":"first","18":"instock","19":"taxable","20":"shipping-taxable","21":"purchasable","22":"product-type-simple"},"_links":{"self":[{"href":"https:\/\/artfloral-boutique.com\/index.php?rest_route=\/wp\/v2\/product\/2586","targetHints":{"allow":["GET"]}}],"collection":[{"href":"https:\/\/artfloral-boutique.com\/index.php?rest_route=\/wp\/v2\/product"}],"about":[{"href":"https:\/\/artfloral-boutique.com\/index.php?rest_route=\/wp\/v2\/types\/product"}],"replies":[{"embeddable":true,"href":"https:\/\/artfloral-boutique.com\/index.php?rest_route=%2Fwp%2Fv2%2Fcomments&post=2586"}],"wp:featuredmedia":[{"embeddable":true,"href":"https:\/\/artfloral-boutique.com\/index.php?rest_route=\/wp\/v2\/media\/2581"}],"wp:attachment":[{"href":"https:\/\/artfloral-boutique.com\/index.php?rest_route=%2Fwp%2Fv2%2Fmedia&parent=2586"}],"wp:term":[{"taxonomy":"product_brand","embeddable":true,"href":"https:\/\/artfloral-boutique.com\/index.php?rest_route=%2Fwp%2Fv2%2Fproduct_brand&post=2586"},{"taxonomy":"product_cat","embeddable":true,"href":"https:\/\/artfloral-boutique.com\/index.php?rest_route=%2Fwp%2Fv2%2Fproduct_cat&post=2586"},{"taxonomy":"product_tag","embeddable":true,"href":"https:\/\/artfloral-boutique.com\/index.php?rest_route=%2Fwp%2Fv2%2Fproduct_tag&post=2586"}],"curies":[{"name":"wp","href":"https:\/\/api.w.org\/{rel}","templated":true}]}}