{"id":268,"date":"2026-04-26T08:38:41","date_gmt":"2026-04-26T06:38:41","guid":{"rendered":"https:\/\/artfloral-boutique.com\/?post_type=product&#038;p=268"},"modified":"2026-04-28T13:45:16","modified_gmt":"2026-04-28T11:45:16","slug":"presentation-piquee-de-brins-de-muguet","status":"publish","type":"product","link":"https:\/\/artfloral-boutique.com\/?product=presentation-piquee-de-brins-de-muguet","title":{"rendered":"Pr\u00e9sentation piqu\u00e9e de brins de muguet"},"content":{"rendered":"<p>Pr\u00e9sentation piqu\u00e9e de<strong> brins de MUGUET<\/strong> avec d&rsquo;autres fleurs coup\u00e9es de saison.<strong> (produit disponible que du 29 avril au 1er mai)<\/strong><\/p>\n<p>La composition est piqu\u00e9e dans une mousse. Le contenant est en c\u00e9ramique ou en zinc, afin de pouvoir \u00eatre dispos\u00e9e sur votre table ou un meuble sans avoir besoin de chercher un vase !<\/p>\n<p>Le prix de la gamme varie selon le nombre de brins de muguet et de fleurs de saison. De quoi faire <strong>livrer plein de Bonheur<\/strong> sur un plateau ! \ud83d\ude42<\/p>\n<p><em><strong>livraison possible de muguet pour le week-end du 1er mai, sans interm\u00e9diaire, \u00e0 Argel\u00e8s sur mer , Collioure, Port Vendres, Banyuls sur mer, Saint Genis des Fontaines, Palau del vidre, Saint Andr\u00e9, Sain<span class=\"edit\"><a href=\"https:\/\/artfloral-boutique.com\/wp-admin\/post.php?post=268&amp;action=edit\" aria-label=\"Modifier \u00ab\u00a0Pr\u00e9sentation piqu\u00e9e de brins de muguet\u00a0\u00bb\">Modifier<\/a><\/span>t Cyprien, Laroque des Alb\u00e8res<\/strong><\/em><\/p>\n","protected":false},"excerpt":{"rendered":"<p>Pr\u00e9sentation piqu\u00e9e de<strong> brins de MUGUET<\/strong> avec d&rsquo;autres fleurs coup\u00e9es de saison.<strong> (produit disponible que du 29 avril au 1er mai)<\/strong><\/p>\n<p>La composition est piqu\u00e9e dans une mousse. Le contenant est en c\u00e9ramique ou en zinc, afin de pouvoir \u00eatre dispos\u00e9e sur votre table ou un meuble sans avoir besoin de chercher un vase !<\/p>\n<p>Le prix de la gamme varie selon le nombre de brins de muguet et de fleurs de saison. De quoi faire <strong>livrer plein de Bonheur<\/strong> sur un plateau ! \ud83d\ude42<\/p>\n<p><em><strong>livraison possible de muguet pour le week-end du 1er mai, sans interm\u00e9diaire, \u00e0 Argel\u00e8s sur mer , Collioure, Port Vendres, Banyuls sur mer, Saint Genis des Fontaines, Palau del vidre, Saint Andr\u00e9, Sain<span class=\"edit\"><a href=\"https:\/\/artfloral-boutique.com\/wp-admin\/post.php?post=268&amp;action=edit\" aria-label=\"Modifier \u00ab\u00a0Pr\u00e9sentation piqu\u00e9e de brins de muguet\u00a0\u00bb\">Modifier<\/a><\/span>t Cyprien, Laroque des Alb\u00e8res<\/strong><\/em><\/p>\n","protected":false},"featured_media":275,"comment_status":"closed","ping_status":"closed","template":"","meta":[],"product_brand":[],"product_cat":[71],"product_tag":[73,60,63,74,72],"class_list":{"0":"post-268","1":"product","2":"type-product","3":"status-publish","4":"has-post-thumbnail","6":"product_cat-le-muguet-du-1er-mai","7":"product_tag-er-mai","8":"product_tag-argeles-sur-mer","9":"product_tag-fleuriste","10":"product_tag-livraison-de-muguet","11":"product_tag-muguet","12":"product_shipping_class-liv-locale","13":"latest_post","15":"first","16":"instock","17":"taxable","18":"shipping-taxable","19":"purchasable","20":"product-type-variable"},"_links":{"self":[{"href":"https:\/\/artfloral-boutique.com\/index.php?rest_route=\/wp\/v2\/product\/268","targetHints":{"allow":["GET"]}}],"collection":[{"href":"https:\/\/artfloral-boutique.com\/index.php?rest_route=\/wp\/v2\/product"}],"about":[{"href":"https:\/\/artfloral-boutique.com\/index.php?rest_route=\/wp\/v2\/types\/product"}],"replies":[{"embeddable":true,"href":"https:\/\/artfloral-boutique.com\/index.php?rest_route=%2Fwp%2Fv2%2Fcomments&post=268"}],"wp:featuredmedia":[{"embeddable":true,"href":"https:\/\/artfloral-boutique.com\/index.php?rest_route=\/wp\/v2\/media\/275"}],"wp:attachment":[{"href":"https:\/\/artfloral-boutique.com\/index.php?rest_route=%2Fwp%2Fv2%2Fmedia&parent=268"}],"wp:term":[{"taxonomy":"product_brand","embeddable":true,"href":"https:\/\/artfloral-boutique.com\/index.php?rest_route=%2Fwp%2Fv2%2Fproduct_brand&post=268"},{"taxonomy":"product_cat","embeddable":true,"href":"https:\/\/artfloral-boutique.com\/index.php?rest_route=%2Fwp%2Fv2%2Fproduct_cat&post=268"},{"taxonomy":"product_tag","embeddable":true,"href":"https:\/\/artfloral-boutique.com\/index.php?rest_route=%2Fwp%2Fv2%2Fproduct_tag&post=268"}],"curies":[{"name":"wp","href":"https:\/\/api.w.org\/{rel}","templated":true}]}}