{"id":2737,"date":"2023-04-19T23:01:41","date_gmt":"2023-04-19T21:01:41","guid":{"rendered":"https:\/\/artfloral-boutique.com\/?post_type=product&#038;p=2737"},"modified":"2026-03-16T19:31:38","modified_gmt":"2026-03-16T18:31:38","slug":"raquette-fleurs-exotiques","status":"publish","type":"product","link":"https:\/\/artfloral-boutique.com\/?product=raquette-fleurs-exotiques","title":{"rendered":"Raquette de Fleurs Exotiques"},"content":{"rendered":"<p><strong>Raquette de fleurs exotiques<\/strong><strong>.<\/strong> Il s&rsquo;agit d&rsquo;une composition de fleurs piqu\u00e9es de forme allong\u00e9e compos\u00e9e de plusieurs fleurs exotiques. R\u00e9alis\u00e9e et livr\u00e9e par nous-m\u00eame artisan fleuriste, c&rsquo;est une garantie d&rsquo;avoir <em><strong>le meilleur prix pour \u00eatre livr\u00e9 \u00e0 Argel\u00e8s et ses alentours<\/strong><\/em>.<\/p>\n<p>Il est important de noter deux choses :<br \/>\n&#8211; les <em><strong>fleurs exotiques sont saisonni\u00e8res<\/strong> <\/em>et sont souvent issues de l&rsquo;h\u00e9misph\u00e8re sud, ce qui implique que l&rsquo;\u00e9t\u00e9 n&rsquo;est pas la saison de pr\u00e9dilection pour ces fleurs<br \/>\n&#8211; pour<em><strong> pouvoir commander une pi\u00e8ce en fleurs exotiques, nous devons \u00eatre inform\u00e9s suffisamment \u00e0 l&rsquo;avance<\/strong><\/em> (pour une livraison le jeudi, nous devons commander ces fleurs d\u00e8s le samedi pr\u00e9c\u00e9dent). Le mieux est de nous contacter directement en boutique au 04 68 81 06 89.<\/p>\n<p>Les fleurs qui composent cette <strong>gerbe florale<\/strong> varient beaucoup en fonction des saisons. Il est donc <strong>imp\u00e9ratif <\/strong>pour cette pi\u00e8ce <strong>de nous contacter pour s&rsquo;assurer de la faisabilit\u00e9<\/strong> de cette pi\u00e8ce au jour de la c\u00e9r\u00e9monie.<\/p>\n<p>&nbsp;<\/p>\n","protected":false},"excerpt":{"rendered":"<p><strong>Raquette de fleurs exotiques<\/strong><strong>.<\/strong> Il s&rsquo;agit d&rsquo;une composition de fleurs piqu\u00e9es de forme allong\u00e9e compos\u00e9e de plusieurs fleurs exotiques. R\u00e9alis\u00e9e et livr\u00e9e par nous-m\u00eame artisan fleuriste, c&rsquo;est une garantie d&rsquo;avoir <em><strong>le meilleur prix pour \u00eatre livr\u00e9 \u00e0 Argel\u00e8s et ses alentours<\/strong><\/em>.<\/p>\n<p>Il est important de noter deux choses :<br \/>\n&#8211; les <em><strong>fleurs exotiques sont saisonni\u00e8res<\/strong> <\/em>et sont souvent issues de l&rsquo;h\u00e9misph\u00e8re sud, ce qui implique que l&rsquo;\u00e9t\u00e9 n&rsquo;est pas la saison de pr\u00e9dilection pour ces fleurs<br \/>\n&#8211; pour<em><strong> pouvoir commander une pi\u00e8ce en fleurs exotiques, nous devons \u00eatre inform\u00e9s suffisamment \u00e0 l&rsquo;avance<\/strong><\/em> (pour une livraison le jeudi, nous devons commander ces fleurs d\u00e8s le samedi pr\u00e9c\u00e9dent). Le mieux est de nous contacter directement en boutique au 04 68 81 06 89.<\/p>\n<p>Les fleurs qui composent cette <strong>gerbe florale<\/strong> varient beaucoup en fonction des saisons. Il est donc <strong>imp\u00e9ratif <\/strong>pour cette pi\u00e8ce <strong>de nous contacter pour s&rsquo;assurer de la faisabilit\u00e9<\/strong> de cette pi\u00e8ce au jour de la c\u00e9r\u00e9monie.<\/p>\n<p>&nbsp;<\/p>\n","protected":false},"featured_media":2733,"comment_status":"closed","ping_status":"closed","template":"","meta":[],"product_brand":[],"product_cat":[224,233,16],"product_tag":[22,20,17,21,19,18],"class_list":{"0":"post-2737","1":"product","2":"type-product","3":"status-publish","4":"has-post-thumbnail","6":"product_cat-dessus-de-cercueil","7":"product_cat-deuil-tons-colores","8":"product_cat-fleurs-deuil","9":"product_tag-blanc","10":"product_tag-ceremonie","11":"product_tag-deuil","12":"product_tag-fleurs","13":"product_tag-funeraire","14":"product_tag-gerbe","15":"product_shipping_class-liv-locale","16":"latest_post","18":"first","19":"outofstock","20":"taxable","21":"shipping-taxable","22":"purchasable","23":"product-type-simple"},"_links":{"self":[{"href":"https:\/\/artfloral-boutique.com\/index.php?rest_route=\/wp\/v2\/product\/2737","targetHints":{"allow":["GET"]}}],"collection":[{"href":"https:\/\/artfloral-boutique.com\/index.php?rest_route=\/wp\/v2\/product"}],"about":[{"href":"https:\/\/artfloral-boutique.com\/index.php?rest_route=\/wp\/v2\/types\/product"}],"replies":[{"embeddable":true,"href":"https:\/\/artfloral-boutique.com\/index.php?rest_route=%2Fwp%2Fv2%2Fcomments&post=2737"}],"wp:featuredmedia":[{"embeddable":true,"href":"https:\/\/artfloral-boutique.com\/index.php?rest_route=\/wp\/v2\/media\/2733"}],"wp:attachment":[{"href":"https:\/\/artfloral-boutique.com\/index.php?rest_route=%2Fwp%2Fv2%2Fmedia&parent=2737"}],"wp:term":[{"taxonomy":"product_brand","embeddable":true,"href":"https:\/\/artfloral-boutique.com\/index.php?rest_route=%2Fwp%2Fv2%2Fproduct_brand&post=2737"},{"taxonomy":"product_cat","embeddable":true,"href":"https:\/\/artfloral-boutique.com\/index.php?rest_route=%2Fwp%2Fv2%2Fproduct_cat&post=2737"},{"taxonomy":"product_tag","embeddable":true,"href":"https:\/\/artfloral-boutique.com\/index.php?rest_route=%2Fwp%2Fv2%2Fproduct_tag&post=2737"}],"curies":[{"name":"wp","href":"https:\/\/api.w.org\/{rel}","templated":true}]}}