{"id":2959,"date":"2024-07-01T19:14:11","date_gmt":"2024-07-01T17:14:11","guid":{"rendered":"https:\/\/artfloral-boutique.com\/index.php\/produit\/bouquet-de-roses-gros-boutons-et-branchues-pastel\/"},"modified":"2026-03-14T18:54:58","modified_gmt":"2026-03-14T17:54:58","slug":"bouquet-de-roses-gros-boutons-et-branchues-pastel","status":"publish","type":"product","link":"https:\/\/artfloral-boutique.com\/?product=bouquet-de-roses-gros-boutons-et-branchues-pastel","title":{"rendered":"bouquet de roses gros boutons et branchues pastel"},"content":{"rendered":"<p>bouquet de roses gros boutons et branchues dans les tons roses, blancs, cr\u00e8me&#8230; confectionn\u00e9 et livr\u00e9 par votre fleuriste sans interm\u00e9diaire \u00e0 Argel\u00e8s et alentours.<\/p>\n","protected":false},"excerpt":{"rendered":"<p>bouquet de roses gros boutons et branchues dans les tons roses, blancs, cr\u00e8me&#8230; confectionn\u00e9 et livr\u00e9 par votre fleuriste sans interm\u00e9diaire \u00e0 Argel\u00e8s et alentours.<\/p>\n","protected":false},"featured_media":2958,"comment_status":"open","ping_status":"closed","template":"","meta":[],"product_brand":[],"product_cat":[15,234,218,235],"product_tag":[],"class_list":{"0":"post-2959","1":"product","2":"type-product","3":"status-publish","4":"has-post-thumbnail","6":"product_cat-bouquets-de-fleurs-et-roses","7":"product_cat-bouquets-ronds","8":"product_cat-fete-des-meres","9":"product_cat-tons-pastel","10":"product_shipping_class-liv-locale","11":"latest_post","13":"first","14":"instock","15":"taxable","16":"shipping-taxable","17":"purchasable","18":"product-type-simple"},"_links":{"self":[{"href":"https:\/\/artfloral-boutique.com\/index.php?rest_route=\/wp\/v2\/product\/2959","targetHints":{"allow":["GET"]}}],"collection":[{"href":"https:\/\/artfloral-boutique.com\/index.php?rest_route=\/wp\/v2\/product"}],"about":[{"href":"https:\/\/artfloral-boutique.com\/index.php?rest_route=\/wp\/v2\/types\/product"}],"replies":[{"embeddable":true,"href":"https:\/\/artfloral-boutique.com\/index.php?rest_route=%2Fwp%2Fv2%2Fcomments&post=2959"}],"wp:featuredmedia":[{"embeddable":true,"href":"https:\/\/artfloral-boutique.com\/index.php?rest_route=\/wp\/v2\/media\/2958"}],"wp:attachment":[{"href":"https:\/\/artfloral-boutique.com\/index.php?rest_route=%2Fwp%2Fv2%2Fmedia&parent=2959"}],"wp:term":[{"taxonomy":"product_brand","embeddable":true,"href":"https:\/\/artfloral-boutique.com\/index.php?rest_route=%2Fwp%2Fv2%2Fproduct_brand&post=2959"},{"taxonomy":"product_cat","embeddable":true,"href":"https:\/\/artfloral-boutique.com\/index.php?rest_route=%2Fwp%2Fv2%2Fproduct_cat&post=2959"},{"taxonomy":"product_tag","embeddable":true,"href":"https:\/\/artfloral-boutique.com\/index.php?rest_route=%2Fwp%2Fv2%2Fproduct_tag&post=2959"}],"curies":[{"name":"wp","href":"https:\/\/api.w.org\/{rel}","templated":true}]}}