{"id":311,"date":"2021-05-21T10:47:44","date_gmt":"2021-05-21T08:47:44","guid":{"rendered":"https:\/\/artfloral-boutique.com\/?post_type=product&#038;p=311"},"modified":"2026-03-12T14:15:30","modified_gmt":"2026-03-12T13:15:30","slug":"devant-de-tombe-grand-pastel","status":"publish","type":"product","link":"https:\/\/artfloral-boutique.com\/?product=devant-de-tombe-grand-pastel","title":{"rendered":"Grand devant de Tombe pastel"},"content":{"rendered":"<p>Le <strong>devant de tombe<\/strong> est une pi\u00e8ce de fleurs piqu\u00e9es qui s&rsquo;oriente vers le haut. Ainsi, durant la c\u00e9r\u00e9monie, elle est mise en valeur depuis l&rsquo;assembl\u00e9e et les bancs. Tr\u00e8s \u00e9l\u00e9gante, cette composition est un bel hommage pour fleurir ce moment de recueillement.<\/p>\n<p>&nbsp;<\/p>\n","protected":false},"excerpt":{"rendered":"<p>Le <strong>devant de tombe<\/strong> est une pi\u00e8ce de fleurs piqu\u00e9es qui s&rsquo;oriente vers le haut. Ainsi, durant la c\u00e9r\u00e9monie, elle est mise en valeur depuis l&rsquo;assembl\u00e9e et les bancs. Tr\u00e8s \u00e9l\u00e9gante, cette composition est un bel hommage pour fleurir ce moment de recueillement.<\/p>\n","protected":false},"featured_media":312,"comment_status":"open","ping_status":"closed","template":"","meta":[],"product_brand":[],"product_cat":[232,16,231],"product_tag":[22,20,17,21,19,18],"class_list":{"0":"post-311","1":"product","2":"type-product","3":"status-publish","4":"has-post-thumbnail","6":"product_cat-tons-pastels","7":"product_cat-fleurs-deuil","8":"product_cat-devant-tombe-deuil","9":"product_tag-blanc","10":"product_tag-ceremonie","11":"product_tag-deuil","12":"product_tag-fleurs","13":"product_tag-funeraire","14":"product_tag-gerbe","15":"product_shipping_class-liv-locale","16":"latest_post","18":"first","19":"instock","20":"taxable","21":"shipping-taxable","22":"purchasable","23":"product-type-simple"},"_links":{"self":[{"href":"https:\/\/artfloral-boutique.com\/index.php?rest_route=\/wp\/v2\/product\/311","targetHints":{"allow":["GET"]}}],"collection":[{"href":"https:\/\/artfloral-boutique.com\/index.php?rest_route=\/wp\/v2\/product"}],"about":[{"href":"https:\/\/artfloral-boutique.com\/index.php?rest_route=\/wp\/v2\/types\/product"}],"replies":[{"embeddable":true,"href":"https:\/\/artfloral-boutique.com\/index.php?rest_route=%2Fwp%2Fv2%2Fcomments&post=311"}],"wp:featuredmedia":[{"embeddable":true,"href":"https:\/\/artfloral-boutique.com\/index.php?rest_route=\/wp\/v2\/media\/312"}],"wp:attachment":[{"href":"https:\/\/artfloral-boutique.com\/index.php?rest_route=%2Fwp%2Fv2%2Fmedia&parent=311"}],"wp:term":[{"taxonomy":"product_brand","embeddable":true,"href":"https:\/\/artfloral-boutique.com\/index.php?rest_route=%2Fwp%2Fv2%2Fproduct_brand&post=311"},{"taxonomy":"product_cat","embeddable":true,"href":"https:\/\/artfloral-boutique.com\/index.php?rest_route=%2Fwp%2Fv2%2Fproduct_cat&post=311"},{"taxonomy":"product_tag","embeddable":true,"href":"https:\/\/artfloral-boutique.com\/index.php?rest_route=%2Fwp%2Fv2%2Fproduct_tag&post=311"}],"curies":[{"name":"wp","href":"https:\/\/api.w.org\/{rel}","templated":true}]}}