{"id":313,"date":"2021-05-21T11:02:00","date_gmt":"2021-05-21T09:02:00","guid":{"rendered":"https:\/\/artfloral-boutique.com\/?post_type=product&#038;p=313"},"modified":"2026-03-12T14:15:08","modified_gmt":"2026-03-12T13:15:08","slug":"ruban-deuil-avec-inscription","status":"publish","type":"product","link":"https:\/\/artfloral-boutique.com\/?product=ruban-deuil-avec-inscription","title":{"rendered":"Ruban deuil avec inscription"},"content":{"rendered":"<p>Lors de la livraison de fleurs pour une c\u00e9r\u00e9monie deuil, nous agrafons une carte avec votre message personnel. En plus de ce message, il est d&rsquo;usage r\u00e9gulier d&rsquo;adjoindre un ruban avec un texte court sur la pi\u00e8ce deuil. Chaque ruban ne doit pas d\u00e9passer un certain nombre de caract\u00e8re.<\/p>\n<p><strong>N&rsquo;oubliez pas en commentaire de pr\u00e9ciser le message de la carte et celui du ruban.<\/strong><\/p>\n","protected":false},"excerpt":{"rendered":"<p>Lors de la livraison de fleurs pour une c\u00e9r\u00e9monie deuil, nous agrafons une carte avec votre message personnel. En plus de ce message, il est d&rsquo;usage r\u00e9gulier d&rsquo;adjoindre un ruban avec un texte court sur la pi\u00e8ce deuil. Chaque ruban ne doit pas d\u00e9passer un certain nombre de caract\u00e8re.<\/p>\n<p><strong>N&rsquo;oubliez pas en commentaire de pr\u00e9ciser le message de la carte et celui du ruban.<\/strong><\/p>\n","protected":false},"featured_media":314,"comment_status":"closed","ping_status":"closed","template":"","meta":[],"product_brand":[],"product_cat":[230,224,232,233,229,16,228,227,226,231,225],"product_tag":[20,17,19],"class_list":{"0":"post-313","1":"product","2":"type-product","3":"status-publish","4":"has-post-thumbnail","6":"product_cat-plantes-deuil","7":"product_cat-dessus-de-cercueil","8":"product_cat-tons-pastels","9":"product_cat-deuil-tons-colores","10":"product_cat-bouquets-deuil","11":"product_cat-fleurs-deuil","12":"product_cat-coeurs-deuil","13":"product_cat-couronnes-deuil","14":"product_cat-coussins","15":"product_cat-devant-tombe-deuil","16":"product_cat-raquettes","17":"product_tag-ceremonie","18":"product_tag-deuil","19":"product_tag-funeraire","20":"product_shipping_class-liv-locale","21":"latest_post","23":"first","24":"instock","25":"taxable","26":"shipping-taxable","27":"purchasable","28":"product-type-simple"},"_links":{"self":[{"href":"https:\/\/artfloral-boutique.com\/index.php?rest_route=\/wp\/v2\/product\/313","targetHints":{"allow":["GET"]}}],"collection":[{"href":"https:\/\/artfloral-boutique.com\/index.php?rest_route=\/wp\/v2\/product"}],"about":[{"href":"https:\/\/artfloral-boutique.com\/index.php?rest_route=\/wp\/v2\/types\/product"}],"replies":[{"embeddable":true,"href":"https:\/\/artfloral-boutique.com\/index.php?rest_route=%2Fwp%2Fv2%2Fcomments&post=313"}],"wp:featuredmedia":[{"embeddable":true,"href":"https:\/\/artfloral-boutique.com\/index.php?rest_route=\/wp\/v2\/media\/314"}],"wp:attachment":[{"href":"https:\/\/artfloral-boutique.com\/index.php?rest_route=%2Fwp%2Fv2%2Fmedia&parent=313"}],"wp:term":[{"taxonomy":"product_brand","embeddable":true,"href":"https:\/\/artfloral-boutique.com\/index.php?rest_route=%2Fwp%2Fv2%2Fproduct_brand&post=313"},{"taxonomy":"product_cat","embeddable":true,"href":"https:\/\/artfloral-boutique.com\/index.php?rest_route=%2Fwp%2Fv2%2Fproduct_cat&post=313"},{"taxonomy":"product_tag","embeddable":true,"href":"https:\/\/artfloral-boutique.com\/index.php?rest_route=%2Fwp%2Fv2%2Fproduct_tag&post=313"}],"curies":[{"name":"wp","href":"https:\/\/api.w.org\/{rel}","templated":true}]}}