{"id":3229,"date":"2026-02-06T19:02:56","date_gmt":"2026-02-06T18:02:56","guid":{"rendered":"https:\/\/artfloral-boutique.com\/?post_type=product&#038;p=3229"},"modified":"2026-01-19T19:22:28","modified_gmt":"2026-01-19T18:22:28","slug":"grande-rose-eternelle-coeur","status":"publish","type":"product","link":"https:\/\/artfloral-boutique.com\/?product=grande-rose-eternelle-coeur","title":{"rendered":"Grande rose \u00e9ternelle en c\u0153ur sur verre"},"content":{"rendered":"<p>Grande rose \u00e9ternelle, en forme de coeur, sur un support en lit de gravier dans une soucoupe en verre.<\/p>\n","protected":false},"excerpt":{"rendered":"<p>Grande rose \u00e9ternelle, en forme de coeur, sur un support en lit de gravier dans une soucoupe en verre.<\/p>\n","protected":false},"featured_media":3793,"comment_status":"closed","ping_status":"closed","template":"","meta":[],"product_brand":[],"product_cat":[15,53,89],"product_tag":[],"class_list":{"0":"post-3229","1":"product","2":"type-product","3":"status-publish","4":"has-post-thumbnail","6":"product_cat-bouquets-de-fleurs-et-roses","7":"product_cat-gamme-saint-valentin","8":"product_cat-roses-eternelles","9":"product_shipping_class-liv-locale","10":"latest_post","12":"first","13":"instock","14":"taxable","15":"shipping-taxable","16":"purchasable","17":"product-type-simple"},"_links":{"self":[{"href":"https:\/\/artfloral-boutique.com\/index.php?rest_route=\/wp\/v2\/product\/3229","targetHints":{"allow":["GET"]}}],"collection":[{"href":"https:\/\/artfloral-boutique.com\/index.php?rest_route=\/wp\/v2\/product"}],"about":[{"href":"https:\/\/artfloral-boutique.com\/index.php?rest_route=\/wp\/v2\/types\/product"}],"replies":[{"embeddable":true,"href":"https:\/\/artfloral-boutique.com\/index.php?rest_route=%2Fwp%2Fv2%2Fcomments&post=3229"}],"wp:featuredmedia":[{"embeddable":true,"href":"https:\/\/artfloral-boutique.com\/index.php?rest_route=\/wp\/v2\/media\/3793"}],"wp:attachment":[{"href":"https:\/\/artfloral-boutique.com\/index.php?rest_route=%2Fwp%2Fv2%2Fmedia&parent=3229"}],"wp:term":[{"taxonomy":"product_brand","embeddable":true,"href":"https:\/\/artfloral-boutique.com\/index.php?rest_route=%2Fwp%2Fv2%2Fproduct_brand&post=3229"},{"taxonomy":"product_cat","embeddable":true,"href":"https:\/\/artfloral-boutique.com\/index.php?rest_route=%2Fwp%2Fv2%2Fproduct_cat&post=3229"},{"taxonomy":"product_tag","embeddable":true,"href":"https:\/\/artfloral-boutique.com\/index.php?rest_route=%2Fwp%2Fv2%2Fproduct_tag&post=3229"}],"curies":[{"name":"wp","href":"https:\/\/api.w.org\/{rel}","templated":true}]}}