{"id":344,"date":"2021-05-21T17:56:18","date_gmt":"2021-05-21T15:56:18","guid":{"rendered":"https:\/\/artfloral-boutique.com\/?post_type=product&#038;p=344"},"modified":"2026-03-12T14:14:33","modified_gmt":"2026-03-12T13:14:33","slug":"dessus-de-cercueil-pastel","status":"publish","type":"product","link":"https:\/\/artfloral-boutique.com\/?product=dessus-de-cercueil-pastel","title":{"rendered":"Dessus de Cercueil tons pastels"},"content":{"rendered":"<p>Le<strong> dessus de cercueil<\/strong> est la pi\u00e8ce ma\u00eetresse de la c\u00e9r\u00e9monie. Elle recouvre le cercueil et est offerte, le plus souvent, par la famille et m\u00eame le cercle familial le plus proche. Les fleurs qui composent cette grande composition florale piqu\u00e9e varient en fonction des saisons et des couleurs choisies mais elles seront toujours le point de mire de la c\u00e9r\u00e9monie qu\u2019elles rendront un peu moins rude par leur foisonnement et le fait qu\u2019elles couvrent le cercueil en rendant un dernier hommage au d\u00e9funt.<\/p>\n<p>Le dessus de cercueil est une pi\u00e8ce essentielle \u00e0 la d\u00e9coration du deuil. Cette composition imposante mesure en g\u00e9n\u00e9ral environ entre 120\/140cm pour <em><strong>une taille moyenne<\/strong><\/em> mais on peut envisager une <em><strong>raquette plus petite<\/strong><\/em> d&rsquo;environ 100\/110 cm\u00a0 pour une plus petite pi\u00e8ce ou 150\/170 cm de long pour une <em><strong>taille plus g\u00e9n\u00e9reuse<\/strong><\/em>. Ces dimensions d\u00e9pendent aussi des fleurs choisies.<\/p>\n<p>&nbsp;<\/p>\n","protected":false},"excerpt":{"rendered":"<p>Le<strong> dessus de cercueil<\/strong> est la pi\u00e8ce ma\u00eetresse de la c\u00e9r\u00e9monie. Elle recouvre le cercueil et est offerte, le plus souvent, par la famille et m\u00eame le cercle familial le plus proche. Les fleurs qui composent cette grande composition florale piqu\u00e9e varient en fonction des saisons et des couleurs choisies mais elles seront toujours le point de mire de la c\u00e9r\u00e9monie qu\u2019elles rendront un peu moins rude par leur foisonnement et le fait qu\u2019elles couvrent le cercueil en rendant un dernier hommage au d\u00e9funt.<\/p>\n<p>Le dessus de cercueil est une pi\u00e8ce essentielle \u00e0 la d\u00e9coration du deuil. Cette composition imposante mesure en g\u00e9n\u00e9ral environ entre 120\/140cm pour <em><strong>une taille moyenne<\/strong><\/em> mais on peut envisager une <em><strong>raquette plus petite<\/strong><\/em> d&rsquo;environ 100\/110 cm\u00a0 pour une plus petite pi\u00e8ce ou 150\/170 cm de long pour une <em><strong>taille plus g\u00e9n\u00e9reuse<\/strong><\/em>. Ces dimensions d\u00e9pendent aussi des fleurs choisies.<\/p>\n<p>&nbsp;<\/p>\n","protected":false},"featured_media":427,"comment_status":"closed","ping_status":"closed","template":"","meta":[],"product_brand":[],"product_cat":[224,232,16,225],"product_tag":[22,20,17,21,19,18],"class_list":{"0":"post-344","1":"product","2":"type-product","3":"status-publish","4":"has-post-thumbnail","6":"product_cat-dessus-de-cercueil","7":"product_cat-tons-pastels","8":"product_cat-fleurs-deuil","9":"product_cat-raquettes","10":"product_tag-blanc","11":"product_tag-ceremonie","12":"product_tag-deuil","13":"product_tag-fleurs","14":"product_tag-funeraire","15":"product_tag-gerbe","16":"product_shipping_class-liv-locale","17":"latest_post","19":"first","20":"instock","21":"taxable","22":"shipping-taxable","23":"purchasable","24":"product-type-variable"},"_links":{"self":[{"href":"https:\/\/artfloral-boutique.com\/index.php?rest_route=\/wp\/v2\/product\/344","targetHints":{"allow":["GET"]}}],"collection":[{"href":"https:\/\/artfloral-boutique.com\/index.php?rest_route=\/wp\/v2\/product"}],"about":[{"href":"https:\/\/artfloral-boutique.com\/index.php?rest_route=\/wp\/v2\/types\/product"}],"replies":[{"embeddable":true,"href":"https:\/\/artfloral-boutique.com\/index.php?rest_route=%2Fwp%2Fv2%2Fcomments&post=344"}],"wp:featuredmedia":[{"embeddable":true,"href":"https:\/\/artfloral-boutique.com\/index.php?rest_route=\/wp\/v2\/media\/427"}],"wp:attachment":[{"href":"https:\/\/artfloral-boutique.com\/index.php?rest_route=%2Fwp%2Fv2%2Fmedia&parent=344"}],"wp:term":[{"taxonomy":"product_brand","embeddable":true,"href":"https:\/\/artfloral-boutique.com\/index.php?rest_route=%2Fwp%2Fv2%2Fproduct_brand&post=344"},{"taxonomy":"product_cat","embeddable":true,"href":"https:\/\/artfloral-boutique.com\/index.php?rest_route=%2Fwp%2Fv2%2Fproduct_cat&post=344"},{"taxonomy":"product_tag","embeddable":true,"href":"https:\/\/artfloral-boutique.com\/index.php?rest_route=%2Fwp%2Fv2%2Fproduct_tag&post=344"}],"curies":[{"name":"wp","href":"https:\/\/api.w.org\/{rel}","templated":true}]}}