{"id":350,"date":"2021-05-21T18:20:48","date_gmt":"2021-05-21T16:20:48","guid":{"rendered":"https:\/\/artfloral-boutique.com\/?post_type=product&#038;p=350"},"modified":"2026-03-12T14:12:56","modified_gmt":"2026-03-12T13:12:56","slug":"coussin-pastel","status":"publish","type":"product","link":"https:\/\/artfloral-boutique.com\/?product=coussin-pastel","title":{"rendered":"Coussin pastel pour c\u00e9r\u00e9monie deuil"},"content":{"rendered":"<p>Assemblage de fleurs piqu\u00e9es de c\u00e9r\u00e9monie fun\u00e9raire appel\u00e9 le \u00ab\u00a0Coussin\u00a0\u00bb de forme arrondie.<\/p>\n<p>La dominante de ce mod\u00e8le est pastel, les fleurs sont choisies selon la saison et la disponibilit\u00e9 des vari\u00e9t\u00e9s au moment de la commande.<\/p>\n<p>Le ruban deuil n&rsquo;est pas inclus dans le prix.<\/p>\n","protected":false},"excerpt":{"rendered":"<p>Assemblage de fleurs piqu\u00e9es de c\u00e9r\u00e9monie fun\u00e9raire appel\u00e9 le \u00ab\u00a0Coussin\u00a0\u00bb de forme arrondie.<\/p>\n<p>La dominante de ce mod\u00e8le est pastel, les fleurs sont choisies selon la saison et la disponibilit\u00e9 des vari\u00e9t\u00e9s au moment de la commande.<\/p>\n<p>Le ruban deuil n&rsquo;est pas inclus dans le prix.<\/p>\n","protected":false},"featured_media":354,"comment_status":"open","ping_status":"closed","template":"","meta":[],"product_brand":[],"product_cat":[232,16,226],"product_tag":[20,56,86,17,21,19,18],"class_list":{"0":"post-350","1":"product","2":"type-product","3":"status-publish","4":"has-post-thumbnail","6":"product_cat-tons-pastels","7":"product_cat-fleurs-deuil","8":"product_cat-coussins","9":"product_tag-ceremonie","10":"product_tag-coeur","11":"product_tag-coussin","12":"product_tag-deuil","13":"product_tag-fleurs","14":"product_tag-funeraire","15":"product_tag-gerbe","16":"product_shipping_class-liv-locale","17":"latest_post","19":"first","20":"instock","21":"taxable","22":"shipping-taxable","23":"purchasable","24":"product-type-variable"},"_links":{"self":[{"href":"https:\/\/artfloral-boutique.com\/index.php?rest_route=\/wp\/v2\/product\/350","targetHints":{"allow":["GET"]}}],"collection":[{"href":"https:\/\/artfloral-boutique.com\/index.php?rest_route=\/wp\/v2\/product"}],"about":[{"href":"https:\/\/artfloral-boutique.com\/index.php?rest_route=\/wp\/v2\/types\/product"}],"replies":[{"embeddable":true,"href":"https:\/\/artfloral-boutique.com\/index.php?rest_route=%2Fwp%2Fv2%2Fcomments&post=350"}],"wp:featuredmedia":[{"embeddable":true,"href":"https:\/\/artfloral-boutique.com\/index.php?rest_route=\/wp\/v2\/media\/354"}],"wp:attachment":[{"href":"https:\/\/artfloral-boutique.com\/index.php?rest_route=%2Fwp%2Fv2%2Fmedia&parent=350"}],"wp:term":[{"taxonomy":"product_brand","embeddable":true,"href":"https:\/\/artfloral-boutique.com\/index.php?rest_route=%2Fwp%2Fv2%2Fproduct_brand&post=350"},{"taxonomy":"product_cat","embeddable":true,"href":"https:\/\/artfloral-boutique.com\/index.php?rest_route=%2Fwp%2Fv2%2Fproduct_cat&post=350"},{"taxonomy":"product_tag","embeddable":true,"href":"https:\/\/artfloral-boutique.com\/index.php?rest_route=%2Fwp%2Fv2%2Fproduct_tag&post=350"}],"curies":[{"name":"wp","href":"https:\/\/api.w.org\/{rel}","templated":true}]}}