{"id":3504,"date":"2024-07-22T19:11:55","date_gmt":"2024-07-22T17:11:55","guid":{"rendered":"https:\/\/artfloral-boutique.com\/?post_type=product&#038;p=3504"},"modified":"2026-03-16T19:30:15","modified_gmt":"2026-03-16T18:30:15","slug":"grande-couronne-funeraire-tons-pastel","status":"publish","type":"product","link":"https:\/\/artfloral-boutique.com\/?product=grande-couronne-funeraire-tons-pastel","title":{"rendered":"Grande Couronne fun\u00e9raire ton pastel"},"content":{"rendered":"<p>La <strong>COURONNE FUN\u00c9RAIRE<\/strong> est une pi\u00e8ce majeure et traditionnelle lors de l&rsquo;enterrement. Composition embl\u00e9matique, r\u00e9alis\u00e9e dans le cadre du deuil, la <strong>couronne mortuaire<\/strong> est une preuve de g\u00e9n\u00e9rosit\u00e9 et de douceur, sa forme arrondie apaisante et imposante peut \u00e9voquer le repos et la s\u00e9r\u00e9nit\u00e9.<\/p>\n<p>Pr\u00e9sent\u00e9e \u00e0 plat, elle est ici compos\u00e9e de <strong>tons pastel, selon votre demande et les fleurs disponibles<\/strong>, tant pour un Homme que pour une Dame. Elle peut \u00eatre mise en valeur par l\u2019ajout d\u2019un ruban. (Diam\u00e8tre environ 70 \/ 80 cm)<\/p>\n<p>S&rsquo;agissant d&rsquo;une cr\u00e9ation r\u00e9alis\u00e9e par un artisan fleuriste sur la base d\u2019un assortiment de fleurs fra\u00eeches qui est, par sa nature, artisanale, elle pourra parfois en diff\u00e9rer l\u00e9g\u00e8rement \u00e0 la livraison.<\/p>\n<p>La dominante de ce mod\u00e8le est rose mais d&rsquo;autres couleurs sont envisageables en se contactant par t\u00e9l\u00e9phone au 04 68 81 06 89. Les fleurs sont choisies selon la saison et la disponibilit\u00e9 des vari\u00e9t\u00e9s et couleurs au moment de la commande.<\/p>\n<p>&nbsp;<\/p>\n<p>FAQ : comment faire livrer une gerbe, une raquette, un coussin ou une couronne au salon fun\u00e9raire Auton\u00e8s \u00e0 Argel\u00e8s ? Peut-on faire livraison une coupe de plantes ou des fleurs deuil aux pompes fun\u00e8bres Torrano \u00e0 Saint Andr\u00e9, Capeille \u00e0 Laroque des Alb\u00e8res, C\u00f4te Vermeille \u00e0 Port Vendres ou Banyuls sur mer, Suida Palotis \u00e0 Elne, Pideil \u00e0 Saint Cyprien, Catois \u00e0 Saint Genis des Fontaines ? Que faut-il offrir comme fleurs pour la s\u00e9pulture d&rsquo;une amie ou d&rsquo;un membre de la famille lors des obs\u00e8ques ? Comment envoyer une gerbe d&rsquo;apr\u00e8s les informations de l&rsquo;avis de d\u00e9c\u00e8s aupr\u00e8s du service fun\u00e9raire ? Quel fleuriste peut livrer des fleurs aux Pompes fun\u00e8bres Jalabert \u00e0 Saint Cyprien ?<\/p>\n","protected":false},"excerpt":{"rendered":"<p>La <strong>COURONNE FUN\u00c9RAIRE<\/strong> est une pi\u00e8ce majeure et traditionnelle lors de l&rsquo;enterrement. Composition embl\u00e9matique, r\u00e9alis\u00e9e dans le cadre du deuil, la <strong>couronne mortuaire<\/strong> est une preuve de g\u00e9n\u00e9rosit\u00e9 et de douceur, sa forme arrondie apaisante et imposante peut \u00e9voquer le repos et la s\u00e9r\u00e9nit\u00e9.<\/p>\n<p>Pr\u00e9sent\u00e9e \u00e0 plat, elle est ici compos\u00e9e de <strong>tons pastel, selon votre demande et les fleurs disponibles<\/strong>, tant pour un Homme que pour une Dame. Elle peut \u00eatre mise en valeur par l\u2019ajout d\u2019un ruban. (Diam\u00e8tre environ 70 \/ 80 cm)<\/p>\n<p>S&rsquo;agissant d&rsquo;une cr\u00e9ation r\u00e9alis\u00e9e par un artisan fleuriste sur la base d\u2019un assortiment de fleurs fra\u00eeches qui est, par sa nature, artisanale, elle pourra parfois en diff\u00e9rer l\u00e9g\u00e8rement \u00e0 la livraison.<\/p>\n<p>La dominante de ce mod\u00e8le est rose mais d&rsquo;autres couleurs sont envisageables en se contactant par t\u00e9l\u00e9phone au 04 68 81 06 89. Les fleurs sont choisies selon la saison et la disponibilit\u00e9 des vari\u00e9t\u00e9s et couleurs au moment de la commande.<\/p>\n<p>&nbsp;<\/p>\n<p>FAQ : comment faire livrer une gerbe, une raquette, un coussin ou une couronne au salon fun\u00e9raire Auton\u00e8s \u00e0 Argel\u00e8s ? Peut-on faire livraison une coupe de plantes ou des fleurs deuil aux pompes fun\u00e8bres Torrano \u00e0 Saint Andr\u00e9, Capeille \u00e0 Laroque des Alb\u00e8res, C\u00f4te Vermeille \u00e0 Port Vendres ou Banyuls sur mer, Suida Palotis \u00e0 Elne, Pideil \u00e0 Saint Cyprien, Catois \u00e0 Saint Genis des Fontaines ? Que faut-il offrir comme fleurs pour la s\u00e9pulture d&rsquo;une amie ou d&rsquo;un membre de la famille lors des obs\u00e8ques ? Comment envoyer une gerbe d&rsquo;apr\u00e8s les informations de l&rsquo;avis de d\u00e9c\u00e8s aupr\u00e8s du service fun\u00e9raire ? Quel fleuriste peut livrer des fleurs aux Pompes fun\u00e8bres Jalabert \u00e0 Saint Cyprien ?<\/p>\n","protected":false},"featured_media":3506,"comment_status":"open","ping_status":"closed","template":"","meta":[],"product_brand":[],"product_cat":[232,16,227],"product_tag":[20,56,86,17,21,19,18],"class_list":{"0":"post-3504","1":"product","2":"type-product","3":"status-publish","4":"has-post-thumbnail","6":"product_cat-tons-pastels","7":"product_cat-fleurs-deuil","8":"product_cat-couronnes-deuil","9":"product_tag-ceremonie","10":"product_tag-coeur","11":"product_tag-coussin","12":"product_tag-deuil","13":"product_tag-fleurs","14":"product_tag-funeraire","15":"product_tag-gerbe","16":"product_shipping_class-liv-locale","17":"latest_post","19":"first","20":"instock","21":"taxable","22":"shipping-taxable","23":"purchasable","24":"product-type-simple"},"_links":{"self":[{"href":"https:\/\/artfloral-boutique.com\/index.php?rest_route=\/wp\/v2\/product\/3504","targetHints":{"allow":["GET"]}}],"collection":[{"href":"https:\/\/artfloral-boutique.com\/index.php?rest_route=\/wp\/v2\/product"}],"about":[{"href":"https:\/\/artfloral-boutique.com\/index.php?rest_route=\/wp\/v2\/types\/product"}],"replies":[{"embeddable":true,"href":"https:\/\/artfloral-boutique.com\/index.php?rest_route=%2Fwp%2Fv2%2Fcomments&post=3504"}],"wp:featuredmedia":[{"embeddable":true,"href":"https:\/\/artfloral-boutique.com\/index.php?rest_route=\/wp\/v2\/media\/3506"}],"wp:attachment":[{"href":"https:\/\/artfloral-boutique.com\/index.php?rest_route=%2Fwp%2Fv2%2Fmedia&parent=3504"}],"wp:term":[{"taxonomy":"product_brand","embeddable":true,"href":"https:\/\/artfloral-boutique.com\/index.php?rest_route=%2Fwp%2Fv2%2Fproduct_brand&post=3504"},{"taxonomy":"product_cat","embeddable":true,"href":"https:\/\/artfloral-boutique.com\/index.php?rest_route=%2Fwp%2Fv2%2Fproduct_cat&post=3504"},{"taxonomy":"product_tag","embeddable":true,"href":"https:\/\/artfloral-boutique.com\/index.php?rest_route=%2Fwp%2Fv2%2Fproduct_tag&post=3504"}],"curies":[{"name":"wp","href":"https:\/\/api.w.org\/{rel}","templated":true}]}}