{"id":3744,"date":"2025-01-31T19:01:17","date_gmt":"2025-01-31T18:01:17","guid":{"rendered":"https:\/\/artfloral-boutique.com\/?post_type=product&#038;p=3744"},"modified":"2026-01-20T18:29:06","modified_gmt":"2026-01-20T17:29:06","slug":"nounours-amoureux","status":"publish","type":"product","link":"https:\/\/artfloral-boutique.com\/?product=nounours-amoureux","title":{"rendered":"Nounours amoureux"},"content":{"rendered":"<p>Ensemble comprenant un nounours accompagn\u00e9 d&rsquo;une rose \u00e9ternelle dans son \u00e9crin transparent.<\/p>\n<p>Cadeau d&rsquo;amoureux sp\u00e9cial Saint Valentin<\/p>\n<p>(peluche nounours d&rsquo;environ 18cm de haut)<\/p>\n","protected":false},"excerpt":{"rendered":"<p>Ensemble comprenant un nounours accompagn\u00e9 d&rsquo;une rose \u00e9ternelle dans son \u00e9crin transparent.<\/p>\n<p>Cadeau d&rsquo;amoureux sp\u00e9cial Saint Valentin<\/p>\n<p>(peluche nounours d&rsquo;environ 18cm de haut)<\/p>\n","protected":false},"featured_media":3739,"comment_status":"closed","ping_status":"closed","template":"","meta":[],"product_brand":[],"product_cat":[53],"product_tag":[],"class_list":{"0":"post-3744","1":"product","2":"type-product","3":"status-publish","4":"has-post-thumbnail","6":"product_cat-gamme-saint-valentin","7":"product_shipping_class-liv-locale","8":"latest_post","10":"first","11":"outofstock","12":"taxable","13":"shipping-taxable","14":"purchasable","15":"product-type-simple"},"_links":{"self":[{"href":"https:\/\/artfloral-boutique.com\/index.php?rest_route=\/wp\/v2\/product\/3744","targetHints":{"allow":["GET"]}}],"collection":[{"href":"https:\/\/artfloral-boutique.com\/index.php?rest_route=\/wp\/v2\/product"}],"about":[{"href":"https:\/\/artfloral-boutique.com\/index.php?rest_route=\/wp\/v2\/types\/product"}],"replies":[{"embeddable":true,"href":"https:\/\/artfloral-boutique.com\/index.php?rest_route=%2Fwp%2Fv2%2Fcomments&post=3744"}],"wp:featuredmedia":[{"embeddable":true,"href":"https:\/\/artfloral-boutique.com\/index.php?rest_route=\/wp\/v2\/media\/3739"}],"wp:attachment":[{"href":"https:\/\/artfloral-boutique.com\/index.php?rest_route=%2Fwp%2Fv2%2Fmedia&parent=3744"}],"wp:term":[{"taxonomy":"product_brand","embeddable":true,"href":"https:\/\/artfloral-boutique.com\/index.php?rest_route=%2Fwp%2Fv2%2Fproduct_brand&post=3744"},{"taxonomy":"product_cat","embeddable":true,"href":"https:\/\/artfloral-boutique.com\/index.php?rest_route=%2Fwp%2Fv2%2Fproduct_cat&post=3744"},{"taxonomy":"product_tag","embeddable":true,"href":"https:\/\/artfloral-boutique.com\/index.php?rest_route=%2Fwp%2Fv2%2Fproduct_tag&post=3744"}],"curies":[{"name":"wp","href":"https:\/\/api.w.org\/{rel}","templated":true}]}}