{"id":3748,"date":"2025-02-05T12:15:25","date_gmt":"2025-02-05T11:15:25","guid":{"rendered":"https:\/\/artfloral-boutique.com\/?post_type=product&#038;p=3748"},"modified":"2026-03-14T18:52:55","modified_gmt":"2026-03-14T17:52:55","slug":"grande-rose-eternelle-support-en-verre","status":"publish","type":"product","link":"https:\/\/artfloral-boutique.com\/?product=grande-rose-eternelle-support-en-verre","title":{"rendered":"Grande rose \u00e9ternelle, support en verre"},"content":{"rendered":"<p>Cette Rose \u00e9ternelle est bien plus grande que celle que l&rsquo;on propose habituellement. Elle est magnifique par son rouge \u00e9clatant et durera tr\u00e8s longtemps. Elle est pr\u00e9sent\u00e9e sur une soucoupe carr\u00e9e en verre dans lequel nous avons mis un lit de gravier color\u00e9.<\/p>\n","protected":false},"excerpt":{"rendered":"<p>Cette Rose \u00e9ternelle est bien plus grande que celle que l&rsquo;on propose habituellement. Elle est magnifique par son rouge \u00e9clatant et durera tr\u00e8s longtemps. Elle est pr\u00e9sent\u00e9e sur une soucoupe carr\u00e9e en verre dans lequel nous avons mis un lit de gravier color\u00e9.<\/p>\n","protected":false},"featured_media":3746,"comment_status":"closed","ping_status":"closed","template":"","meta":[],"product_brand":[],"product_cat":[15,89],"product_tag":[],"class_list":{"0":"post-3748","1":"product","2":"type-product","3":"status-publish","4":"has-post-thumbnail","6":"product_cat-bouquets-de-fleurs-et-roses","7":"product_cat-roses-eternelles","8":"product_shipping_class-liv-locale","9":"latest_post","11":"first","12":"instock","13":"taxable","14":"shipping-taxable","15":"purchasable","16":"product-type-simple"},"_links":{"self":[{"href":"https:\/\/artfloral-boutique.com\/index.php?rest_route=\/wp\/v2\/product\/3748","targetHints":{"allow":["GET"]}}],"collection":[{"href":"https:\/\/artfloral-boutique.com\/index.php?rest_route=\/wp\/v2\/product"}],"about":[{"href":"https:\/\/artfloral-boutique.com\/index.php?rest_route=\/wp\/v2\/types\/product"}],"replies":[{"embeddable":true,"href":"https:\/\/artfloral-boutique.com\/index.php?rest_route=%2Fwp%2Fv2%2Fcomments&post=3748"}],"wp:featuredmedia":[{"embeddable":true,"href":"https:\/\/artfloral-boutique.com\/index.php?rest_route=\/wp\/v2\/media\/3746"}],"wp:attachment":[{"href":"https:\/\/artfloral-boutique.com\/index.php?rest_route=%2Fwp%2Fv2%2Fmedia&parent=3748"}],"wp:term":[{"taxonomy":"product_brand","embeddable":true,"href":"https:\/\/artfloral-boutique.com\/index.php?rest_route=%2Fwp%2Fv2%2Fproduct_brand&post=3748"},{"taxonomy":"product_cat","embeddable":true,"href":"https:\/\/artfloral-boutique.com\/index.php?rest_route=%2Fwp%2Fv2%2Fproduct_cat&post=3748"},{"taxonomy":"product_tag","embeddable":true,"href":"https:\/\/artfloral-boutique.com\/index.php?rest_route=%2Fwp%2Fv2%2Fproduct_tag&post=3748"}],"curies":[{"name":"wp","href":"https:\/\/api.w.org\/{rel}","templated":true}]}}