{"id":375,"date":"2021-05-23T08:55:49","date_gmt":"2021-05-23T06:55:49","guid":{"rendered":"https:\/\/artfloral-boutique.com\/?post_type=product&#038;p=375"},"modified":"2025-07-11T16:39:24","modified_gmt":"2025-07-11T14:39:24","slug":"orchidee-phalaenopsis-rose-avec-cache-pot","status":"publish","type":"product","link":"https:\/\/artfloral-boutique.com\/?product=orchidee-phalaenopsis-rose-avec-cache-pot","title":{"rendered":"Orchid\u00e9e Phalaenopsis rose avec cache-pot"},"content":{"rendered":"<p><strong>Belle orchid\u00e9e comprenant 2 \u00e0 3 hampes (ou tiges) de fleurs de couleur dominante rose<\/strong> plus ou moins soutenue et de longue tenue.\u00a0 Cette orchid\u00e9e sera <strong>accompagn\u00e9e d&rsquo;un cache-pot en c\u00e9ramique assorti<\/strong>.<\/p>\n<p>Issue de producteurs d&rsquo;Orchid\u00e9es phalaenopsis de grande Qualit\u00e9, cette plante fleurie est un classique du cadeau \u00e9l\u00e9gant et facile d&rsquo;entretien. Couleur plus ou moins fonc\u00e9e selon les arrivage.<\/p>\n","protected":false},"excerpt":{"rendered":"<p><strong>Belle orchid\u00e9e comprenant 2 \u00e0 3 hampes (ou tiges) de fleurs de couleur dominante rose<\/strong> plus ou moins soutenue et de longue tenue.\u00a0 Cette orchid\u00e9e sera <strong>accompagn\u00e9e d&rsquo;un cache-pot en c\u00e9ramique assorti<\/strong>.<\/p>\n<p>Issue de producteurs d&rsquo;Orchid\u00e9es phalaenopsis de grande Qualit\u00e9, cette plante fleurie est un classique du cadeau \u00e9l\u00e9gant et facile d&rsquo;entretien. Couleur plus ou moins fonc\u00e9e selon les arrivage.<\/p>\n","protected":false},"featured_media":977,"comment_status":"closed","ping_status":"closed","template":"","meta":[],"product_brand":[],"product_cat":[15,32],"product_tag":[34,35,33],"class_list":{"0":"post-375","1":"product","2":"type-product","3":"status-publish","4":"has-post-thumbnail","6":"product_cat-bouquets-de-fleurs-et-roses","7":"product_cat-plantes-et-orchidees","8":"product_tag-livraison","9":"product_tag-livraison-de-fleurs","10":"product_tag-orchidee","11":"product_shipping_class-liv-locale","12":"latest_post","14":"first","15":"instock","16":"taxable","17":"shipping-taxable","18":"purchasable","19":"product-type-simple"},"_links":{"self":[{"href":"https:\/\/artfloral-boutique.com\/index.php?rest_route=\/wp\/v2\/product\/375","targetHints":{"allow":["GET"]}}],"collection":[{"href":"https:\/\/artfloral-boutique.com\/index.php?rest_route=\/wp\/v2\/product"}],"about":[{"href":"https:\/\/artfloral-boutique.com\/index.php?rest_route=\/wp\/v2\/types\/product"}],"replies":[{"embeddable":true,"href":"https:\/\/artfloral-boutique.com\/index.php?rest_route=%2Fwp%2Fv2%2Fcomments&post=375"}],"wp:featuredmedia":[{"embeddable":true,"href":"https:\/\/artfloral-boutique.com\/index.php?rest_route=\/wp\/v2\/media\/977"}],"wp:attachment":[{"href":"https:\/\/artfloral-boutique.com\/index.php?rest_route=%2Fwp%2Fv2%2Fmedia&parent=375"}],"wp:term":[{"taxonomy":"product_brand","embeddable":true,"href":"https:\/\/artfloral-boutique.com\/index.php?rest_route=%2Fwp%2Fv2%2Fproduct_brand&post=375"},{"taxonomy":"product_cat","embeddable":true,"href":"https:\/\/artfloral-boutique.com\/index.php?rest_route=%2Fwp%2Fv2%2Fproduct_cat&post=375"},{"taxonomy":"product_tag","embeddable":true,"href":"https:\/\/artfloral-boutique.com\/index.php?rest_route=%2Fwp%2Fv2%2Fproduct_tag&post=375"}],"curies":[{"name":"wp","href":"https:\/\/api.w.org\/{rel}","templated":true}]}}