{"id":377,"date":"2021-05-23T11:58:10","date_gmt":"2021-05-23T09:58:10","guid":{"rendered":"https:\/\/artfloral-boutique.com\/?post_type=product&#038;p=377"},"modified":"2021-05-23T12:42:59","modified_gmt":"2021-05-23T10:42:59","slug":"bouquet-roses-gros-boutons-fete-des-meres","status":"publish","type":"product","link":"https:\/\/artfloral-boutique.com\/?product=bouquet-roses-gros-boutons-fete-des-meres","title":{"rendered":"Bouquet de Roses blanches GROS boutons !"},"content":{"rendered":"<p><strong>Bouquet de ROSES GROOOOS BOUTON sp\u00e9cial f\u00eate des m\u00e8res ! <\/strong>Vari\u00e9t\u00e9 de roses \u00ab\u00a0mondial\u00a0\u00bb \u00e0 tr\u00e8s gros bouton, accompagn\u00e9es d&rsquo;une touche de couleur gr\u00e2ce au gypsophile.<strong><br \/>\n<\/strong><\/p>\n<h5><em><strong>info importante f\u00eate des m\u00e8res :<\/strong> Notez que pour la f\u00eate des m\u00e8res, en raison du nombre de commandes, aucun prestataire ne peut garantir un cr\u00e9neau horaire durant le week-end. <strong>Nous vous conseillons donc de s\u00e9lectionner une livraison le samedi soir<\/strong> car le dimanche nous livrons par tourn\u00e9e de 8h du matin \u00e0 20h du soir sans garantir d&rsquo;horaire.<\/em><\/h5>\n","protected":false},"excerpt":{"rendered":"<p><strong>Bouquet de ROSES GROOOOS BOUTON sp\u00e9cial f\u00eate des m\u00e8res ! <\/strong>Vari\u00e9t\u00e9 de roses \u00ab\u00a0mondial\u00a0\u00bb \u00e0 tr\u00e8s gros bouton, accompagn\u00e9es d&rsquo;une touche de couleur gr\u00e2ce au gypsophile.<strong><br \/>\n<\/strong><\/p>\n<h5><em><strong>info importante f\u00eate des m\u00e8res :<\/strong> Notez que pour la f\u00eate des m\u00e8res, en raison du nombre de commandes, aucun prestataire ne peut garantir un cr\u00e9neau horaire durant le week-end. <strong>Nous vous conseillons donc de s\u00e9lectionner une livraison le samedi soir<\/strong> car le dimanche nous livrons par tourn\u00e9e de 8h du matin \u00e0 20h du soir sans garantir d&rsquo;horaire.<\/em><\/h5>\n","protected":false},"featured_media":381,"comment_status":"closed","ping_status":"closed","template":"","meta":[],"product_brand":[],"product_cat":[15],"product_tag":[60,84,79,83,35,80,81],"class_list":{"0":"post-377","1":"product","2":"type-product","3":"status-publish","4":"has-post-thumbnail","6":"product_cat-bouquets-de-fleurs-et-roses","7":"product_tag-argeles-sur-mer","8":"product_tag-bouquet-bulle","9":"product_tag-fete-des-meres","10":"product_tag-idee-cadeau-fete-des-meres","11":"product_tag-livraison-de-fleurs","12":"product_tag-maman","13":"product_tag-plante","14":"product_shipping_class-liv-locale","15":"latest_post","17":"first","18":"instock","19":"taxable","20":"shipping-taxable","21":"purchasable","22":"product-type-variable"},"_links":{"self":[{"href":"https:\/\/artfloral-boutique.com\/index.php?rest_route=\/wp\/v2\/product\/377","targetHints":{"allow":["GET"]}}],"collection":[{"href":"https:\/\/artfloral-boutique.com\/index.php?rest_route=\/wp\/v2\/product"}],"about":[{"href":"https:\/\/artfloral-boutique.com\/index.php?rest_route=\/wp\/v2\/types\/product"}],"replies":[{"embeddable":true,"href":"https:\/\/artfloral-boutique.com\/index.php?rest_route=%2Fwp%2Fv2%2Fcomments&post=377"}],"wp:featuredmedia":[{"embeddable":true,"href":"https:\/\/artfloral-boutique.com\/index.php?rest_route=\/wp\/v2\/media\/381"}],"wp:attachment":[{"href":"https:\/\/artfloral-boutique.com\/index.php?rest_route=%2Fwp%2Fv2%2Fmedia&parent=377"}],"wp:term":[{"taxonomy":"product_brand","embeddable":true,"href":"https:\/\/artfloral-boutique.com\/index.php?rest_route=%2Fwp%2Fv2%2Fproduct_brand&post=377"},{"taxonomy":"product_cat","embeddable":true,"href":"https:\/\/artfloral-boutique.com\/index.php?rest_route=%2Fwp%2Fv2%2Fproduct_cat&post=377"},{"taxonomy":"product_tag","embeddable":true,"href":"https:\/\/artfloral-boutique.com\/index.php?rest_route=%2Fwp%2Fv2%2Fproduct_tag&post=377"}],"curies":[{"name":"wp","href":"https:\/\/api.w.org\/{rel}","templated":true}]}}