{"id":3824,"date":"2025-02-07T19:31:30","date_gmt":"2025-02-07T18:31:30","guid":{"rendered":"https:\/\/artfloral-boutique.com\/?post_type=product&#038;p=3824"},"modified":"2025-04-27T12:08:06","modified_gmt":"2025-04-27T10:08:06","slug":"soliflore-avec-rose-eternelle","status":"publish","type":"product","link":"https:\/\/artfloral-boutique.com\/?product=soliflore-avec-rose-eternelle","title":{"rendered":"soliflore avec rose \u00e9ternelle"},"content":{"rendered":"<p>soliflore de marque serax dans lequel nous avons pr\u00e9sent\u00e9 une rose \u00e9ternelle. Voici un cadeau d&rsquo;amoureux qui restera longtemps.<\/p>\n","protected":false},"excerpt":{"rendered":"<p>soliflore de marque serax dans lequel nous avons pr\u00e9sent\u00e9 une rose \u00e9ternelle. Voici un cadeau d&rsquo;amoureux qui restera longtemps.<\/p>\n","protected":false},"featured_media":3799,"comment_status":"closed","ping_status":"closed","template":"","meta":[],"product_brand":[],"product_cat":[89],"product_tag":[],"class_list":{"0":"post-3824","1":"product","2":"type-product","3":"status-publish","4":"has-post-thumbnail","6":"product_cat-roses-eternelles","7":"product_shipping_class-liv-locale","8":"latest_post","10":"first","11":"instock","12":"taxable","13":"shipping-taxable","14":"purchasable","15":"product-type-simple"},"_links":{"self":[{"href":"https:\/\/artfloral-boutique.com\/index.php?rest_route=\/wp\/v2\/product\/3824","targetHints":{"allow":["GET"]}}],"collection":[{"href":"https:\/\/artfloral-boutique.com\/index.php?rest_route=\/wp\/v2\/product"}],"about":[{"href":"https:\/\/artfloral-boutique.com\/index.php?rest_route=\/wp\/v2\/types\/product"}],"replies":[{"embeddable":true,"href":"https:\/\/artfloral-boutique.com\/index.php?rest_route=%2Fwp%2Fv2%2Fcomments&post=3824"}],"wp:featuredmedia":[{"embeddable":true,"href":"https:\/\/artfloral-boutique.com\/index.php?rest_route=\/wp\/v2\/media\/3799"}],"wp:attachment":[{"href":"https:\/\/artfloral-boutique.com\/index.php?rest_route=%2Fwp%2Fv2%2Fmedia&parent=3824"}],"wp:term":[{"taxonomy":"product_brand","embeddable":true,"href":"https:\/\/artfloral-boutique.com\/index.php?rest_route=%2Fwp%2Fv2%2Fproduct_brand&post=3824"},{"taxonomy":"product_cat","embeddable":true,"href":"https:\/\/artfloral-boutique.com\/index.php?rest_route=%2Fwp%2Fv2%2Fproduct_cat&post=3824"},{"taxonomy":"product_tag","embeddable":true,"href":"https:\/\/artfloral-boutique.com\/index.php?rest_route=%2Fwp%2Fv2%2Fproduct_tag&post=3824"}],"curies":[{"name":"wp","href":"https:\/\/api.w.org\/{rel}","templated":true}]}}