{"id":3825,"date":"2025-02-07T19:33:04","date_gmt":"2025-02-07T18:33:04","guid":{"rendered":"https:\/\/artfloral-boutique.com\/?post_type=product&#038;p=3825"},"modified":"2026-03-14T18:51:17","modified_gmt":"2026-03-14T17:51:17","slug":"rose-eternelle-soliflore-ampoule","status":"publish","type":"product","link":"https:\/\/artfloral-boutique.com\/?product=rose-eternelle-soliflore-ampoule","title":{"rendered":"rose \u00e9ternelle sous cloche de verre"},"content":{"rendered":"<p>Notre <strong>rose \u00e9ternelle<\/strong> est pr\u00e9sent\u00e9e sous une cloche de verre, orn\u00e9e d&rsquo;un c\u0153ur, sur un lit de gypsophile s\u00e9ch\u00e9 blanc et rose.<\/p>\n<p>Le symbole absolu de l&rsquo;<strong>Amour absolu<\/strong> qui d\u00e9fie le temps qui passe.<\/p>\n","protected":false},"excerpt":{"rendered":"<p>Notre<strong> rose \u00e9ternelle<\/strong> est pr\u00e9sent\u00e9e sous une cloche de verre, orn\u00e9e d&rsquo;un c\u0153ur, sur un lit de gypsophile s\u00e9ch\u00e9 blanc et rose.<\/p>\n<p>Le symbole absolu de l&rsquo;<strong>Amour absolu<\/strong> pr\u00e9serv\u00e9 du temps qui passe.<\/p>\n","protected":false},"featured_media":4599,"comment_status":"closed","ping_status":"closed","template":"","meta":[],"product_brand":[],"product_cat":[53,89],"product_tag":[],"class_list":{"0":"post-3825","1":"product","2":"type-product","3":"status-publish","4":"has-post-thumbnail","6":"product_cat-gamme-saint-valentin","7":"product_cat-roses-eternelles","8":"product_shipping_class-liv-locale","9":"latest_post","11":"first","12":"instock","13":"taxable","14":"shipping-taxable","15":"purchasable","16":"product-type-simple"},"_links":{"self":[{"href":"https:\/\/artfloral-boutique.com\/index.php?rest_route=\/wp\/v2\/product\/3825","targetHints":{"allow":["GET"]}}],"collection":[{"href":"https:\/\/artfloral-boutique.com\/index.php?rest_route=\/wp\/v2\/product"}],"about":[{"href":"https:\/\/artfloral-boutique.com\/index.php?rest_route=\/wp\/v2\/types\/product"}],"replies":[{"embeddable":true,"href":"https:\/\/artfloral-boutique.com\/index.php?rest_route=%2Fwp%2Fv2%2Fcomments&post=3825"}],"wp:featuredmedia":[{"embeddable":true,"href":"https:\/\/artfloral-boutique.com\/index.php?rest_route=\/wp\/v2\/media\/4599"}],"wp:attachment":[{"href":"https:\/\/artfloral-boutique.com\/index.php?rest_route=%2Fwp%2Fv2%2Fmedia&parent=3825"}],"wp:term":[{"taxonomy":"product_brand","embeddable":true,"href":"https:\/\/artfloral-boutique.com\/index.php?rest_route=%2Fwp%2Fv2%2Fproduct_brand&post=3825"},{"taxonomy":"product_cat","embeddable":true,"href":"https:\/\/artfloral-boutique.com\/index.php?rest_route=%2Fwp%2Fv2%2Fproduct_cat&post=3825"},{"taxonomy":"product_tag","embeddable":true,"href":"https:\/\/artfloral-boutique.com\/index.php?rest_route=%2Fwp%2Fv2%2Fproduct_tag&post=3825"}],"curies":[{"name":"wp","href":"https:\/\/api.w.org\/{rel}","templated":true}]}}