{"id":4073,"date":"2025-05-21T07:46:19","date_gmt":"2025-05-21T05:46:19","guid":{"rendered":"https:\/\/artfloral-boutique.com\/?post_type=product&#038;p=4073"},"modified":"2026-03-14T18:50:00","modified_gmt":"2026-03-14T17:50:00","slug":"bouquet-camaieu-de-rose-avec-hortensia","status":"publish","type":"product","link":"https:\/\/artfloral-boutique.com\/?product=bouquet-camaieu-de-rose-avec-hortensia","title":{"rendered":"Bouquet cama\u00efeu de rose avec hortensia"},"content":{"rendered":"<p>Bouquet rond pastel avec fleurs d&rsquo;hortensia en cama\u00efeu de teintes roses plus ou moins soutenues et diverses fleurs de saison . Les fleurs accompagnant les hortensias peuvent changer selon le bouquet.<\/p>\n<p>Pour la f\u00eate des m\u00e8res, en raison du grand nombre de commandes, le bouquet peut \u00eatre livr\u00e9 le samedi ou le dimanche, merci de votre compr\u00e9hension <\/p>\n","protected":false},"excerpt":{"rendered":"<p>Bouquet rond pastel avec fleurs d&rsquo;hortensia en cama\u00efeu de teintes roses plus ou moins soutenues et diverses fleurs de saison . Les fleurs accompagnant les hortensias peuvent changer selon le bouquet.<\/p>\n<p>Pour la f\u00eate des m\u00e8res, en raison du grand nombre de commandes, le bouquet peut \u00eatre livr\u00e9 le samedi ou le dimanche, merci de votre compr\u00e9hension <\/p>\n","protected":false},"featured_media":4072,"comment_status":"closed","ping_status":"closed","template":"","meta":[],"product_brand":[],"product_cat":[15,234,218,67,235],"product_tag":[],"class_list":{"0":"post-4073","1":"product","2":"type-product","3":"status-publish","4":"has-post-thumbnail","6":"product_cat-bouquets-de-fleurs-et-roses","7":"product_cat-bouquets-ronds","8":"product_cat-fete-des-meres","9":"product_cat-special-fete-des-grands-meres","10":"product_cat-tons-pastel","11":"product_shipping_class-liv-locale","12":"latest_post","14":"first","15":"instock","16":"taxable","17":"shipping-taxable","18":"purchasable","19":"product-type-simple"},"_links":{"self":[{"href":"https:\/\/artfloral-boutique.com\/index.php?rest_route=\/wp\/v2\/product\/4073","targetHints":{"allow":["GET"]}}],"collection":[{"href":"https:\/\/artfloral-boutique.com\/index.php?rest_route=\/wp\/v2\/product"}],"about":[{"href":"https:\/\/artfloral-boutique.com\/index.php?rest_route=\/wp\/v2\/types\/product"}],"replies":[{"embeddable":true,"href":"https:\/\/artfloral-boutique.com\/index.php?rest_route=%2Fwp%2Fv2%2Fcomments&post=4073"}],"wp:featuredmedia":[{"embeddable":true,"href":"https:\/\/artfloral-boutique.com\/index.php?rest_route=\/wp\/v2\/media\/4072"}],"wp:attachment":[{"href":"https:\/\/artfloral-boutique.com\/index.php?rest_route=%2Fwp%2Fv2%2Fmedia&parent=4073"}],"wp:term":[{"taxonomy":"product_brand","embeddable":true,"href":"https:\/\/artfloral-boutique.com\/index.php?rest_route=%2Fwp%2Fv2%2Fproduct_brand&post=4073"},{"taxonomy":"product_cat","embeddable":true,"href":"https:\/\/artfloral-boutique.com\/index.php?rest_route=%2Fwp%2Fv2%2Fproduct_cat&post=4073"},{"taxonomy":"product_tag","embeddable":true,"href":"https:\/\/artfloral-boutique.com\/index.php?rest_route=%2Fwp%2Fv2%2Fproduct_tag&post=4073"}],"curies":[{"name":"wp","href":"https:\/\/api.w.org\/{rel}","templated":true}]}}