{"id":4078,"date":"2025-05-21T18:48:39","date_gmt":"2025-05-21T16:48:39","guid":{"rendered":"https:\/\/artfloral-boutique.com\/?post_type=product&#038;p=4078"},"modified":"2025-11-26T11:27:05","modified_gmt":"2025-11-26T10:27:05","slug":"bouquet-dimmortelles-des-pyrenees-orientales","status":"publish","type":"product","link":"https:\/\/artfloral-boutique.com\/?product=bouquet-dimmortelles-des-pyrenees-orientales","title":{"rendered":"Bouquet d&rsquo;immortelles des Pyr\u00e9n\u00e9es Orientales"},"content":{"rendered":"<p>Ces immortelles sont de magnifiques fleurs s\u00e9ch\u00e9es sans teintures ni artifices. Elles sont naturellement d&rsquo;un jaune rayonnant et lumineux. Notre producteur les cultive amoureusement et localement dans les Pyr\u00e9n\u00e9es orientales. Vous pourrez les garder des ann\u00e9es sans qu&rsquo;elles ne perdent de leur \u00e9clat. Nous vous proposons ce bouquet de soleil comprenant 20 tiges.<\/p>\n","protected":false},"excerpt":{"rendered":"<p>Ces immortelles sont de magnifiques fleurs s\u00e9ch\u00e9es sans teintures ni artifices. Elles sont naturellement d&rsquo;un jaune rayonnant et lumineux. Notre producteur les cultive amoureusement et localement dans les Pyr\u00e9n\u00e9es orientales. Vous pourrez les garder des ann\u00e9es sans qu&rsquo;elles ne perdent de leur \u00e9clat. Nous vous proposons ce bouquet de soleil comprenant 20 tiges.<\/p>\n","protected":false},"featured_media":4077,"comment_status":"closed","ping_status":"closed","template":"","meta":[],"product_brand":[],"product_cat":[95,15,89],"product_tag":[],"class_list":{"0":"post-4078","1":"product","2":"type-product","3":"status-publish","4":"has-post-thumbnail","6":"product_cat-bouquets-secs","7":"product_cat-bouquets-de-fleurs-et-roses","8":"product_cat-roses-eternelles","9":"product_shipping_class-liv-locale","10":"latest_post","12":"first","13":"outofstock","14":"taxable","15":"shipping-taxable","16":"purchasable","17":"product-type-simple"},"_links":{"self":[{"href":"https:\/\/artfloral-boutique.com\/index.php?rest_route=\/wp\/v2\/product\/4078","targetHints":{"allow":["GET"]}}],"collection":[{"href":"https:\/\/artfloral-boutique.com\/index.php?rest_route=\/wp\/v2\/product"}],"about":[{"href":"https:\/\/artfloral-boutique.com\/index.php?rest_route=\/wp\/v2\/types\/product"}],"replies":[{"embeddable":true,"href":"https:\/\/artfloral-boutique.com\/index.php?rest_route=%2Fwp%2Fv2%2Fcomments&post=4078"}],"wp:featuredmedia":[{"embeddable":true,"href":"https:\/\/artfloral-boutique.com\/index.php?rest_route=\/wp\/v2\/media\/4077"}],"wp:attachment":[{"href":"https:\/\/artfloral-boutique.com\/index.php?rest_route=%2Fwp%2Fv2%2Fmedia&parent=4078"}],"wp:term":[{"taxonomy":"product_brand","embeddable":true,"href":"https:\/\/artfloral-boutique.com\/index.php?rest_route=%2Fwp%2Fv2%2Fproduct_brand&post=4078"},{"taxonomy":"product_cat","embeddable":true,"href":"https:\/\/artfloral-boutique.com\/index.php?rest_route=%2Fwp%2Fv2%2Fproduct_cat&post=4078"},{"taxonomy":"product_tag","embeddable":true,"href":"https:\/\/artfloral-boutique.com\/index.php?rest_route=%2Fwp%2Fv2%2Fproduct_tag&post=4078"}],"curies":[{"name":"wp","href":"https:\/\/api.w.org\/{rel}","templated":true}]}}