{"id":4115,"date":"2025-06-04T08:45:44","date_gmt":"2025-06-04T06:45:44","guid":{"rendered":"https:\/\/artfloral-boutique.com\/?post_type=product&#038;p=4115"},"modified":"2026-03-14T18:48:22","modified_gmt":"2026-03-14T17:48:22","slug":"cocktail-champagne","status":"publish","type":"product","link":"https:\/\/artfloral-boutique.com\/?product=cocktail-champagne","title":{"rendered":"Cocktail champagne"},"content":{"rendered":"<p>Bouquet trendly aux couleurs champagne ou corail.<br \/>\nPour \u00eatre s\u00fbr d&rsquo;avoir cette couleur, il est conseill\u00e9 de r\u00e9server \u00e0 l&rsquo;avance ou de nous demander confirmation via l&rsquo;ic\u00f4ne verte de dialogue WhatsApp.<\/p>\n","protected":false},"excerpt":{"rendered":"<p>Bouquet trendly aux couleurs champagne ou corail.<br \/>\nPour \u00eatre s\u00fbr d&rsquo;avoir cette couleur, il est conseill\u00e9 de r\u00e9server \u00e0 l&rsquo;avance ou de nous demander confirmation via l&rsquo;ic\u00f4ne verte de dialogue WhatsApp.<\/p>\n","protected":false},"featured_media":4110,"comment_status":"closed","ping_status":"closed","template":"","meta":[],"product_brand":[],"product_cat":[15,234,235],"product_tag":[],"class_list":{"0":"post-4115","1":"product","2":"type-product","3":"status-publish","4":"has-post-thumbnail","6":"product_cat-bouquets-de-fleurs-et-roses","7":"product_cat-bouquets-ronds","8":"product_cat-tons-pastel","9":"product_shipping_class-liv-locale","10":"latest_post","12":"first","13":"instock","14":"taxable","15":"shipping-taxable","16":"purchasable","17":"product-type-variable"},"_links":{"self":[{"href":"https:\/\/artfloral-boutique.com\/index.php?rest_route=\/wp\/v2\/product\/4115","targetHints":{"allow":["GET"]}}],"collection":[{"href":"https:\/\/artfloral-boutique.com\/index.php?rest_route=\/wp\/v2\/product"}],"about":[{"href":"https:\/\/artfloral-boutique.com\/index.php?rest_route=\/wp\/v2\/types\/product"}],"replies":[{"embeddable":true,"href":"https:\/\/artfloral-boutique.com\/index.php?rest_route=%2Fwp%2Fv2%2Fcomments&post=4115"}],"wp:featuredmedia":[{"embeddable":true,"href":"https:\/\/artfloral-boutique.com\/index.php?rest_route=\/wp\/v2\/media\/4110"}],"wp:attachment":[{"href":"https:\/\/artfloral-boutique.com\/index.php?rest_route=%2Fwp%2Fv2%2Fmedia&parent=4115"}],"wp:term":[{"taxonomy":"product_brand","embeddable":true,"href":"https:\/\/artfloral-boutique.com\/index.php?rest_route=%2Fwp%2Fv2%2Fproduct_brand&post=4115"},{"taxonomy":"product_cat","embeddable":true,"href":"https:\/\/artfloral-boutique.com\/index.php?rest_route=%2Fwp%2Fv2%2Fproduct_cat&post=4115"},{"taxonomy":"product_tag","embeddable":true,"href":"https:\/\/artfloral-boutique.com\/index.php?rest_route=%2Fwp%2Fv2%2Fproduct_tag&post=4115"}],"curies":[{"name":"wp","href":"https:\/\/api.w.org\/{rel}","templated":true}]}}