{"id":475,"date":"2021-08-09T00:36:10","date_gmt":"2021-08-08T22:36:10","guid":{"rendered":"https:\/\/artfloral-boutique.com\/?post_type=product&#038;p=475"},"modified":"2025-07-05T16:14:37","modified_gmt":"2025-07-05T14:14:37","slug":"bouquet-roses-rouges-et-blanche","status":"publish","type":"product","link":"https:\/\/artfloral-boutique.com\/?product=bouquet-roses-rouges-et-blanche","title":{"rendered":"Bouquet de roses rouges et blanche"},"content":{"rendered":"<p style=\"text-align: left;\"><strong>Bouquet rond de roses rouges gros bouton avec une rose blanche au centre. <\/strong>Vari\u00e9t\u00e9 de roses gros boutons, \u00e0 tige plut\u00f4t courtes entre 40 et 60cm de long. Le prix des roses peut beaucoup varier d&rsquo;une semaine \u00e0 l&rsquo;autre, mais hors p\u00e9riode de f\u00eate, ce bouquet comprend une vingtaine de roses<strong><br \/>\n<\/strong><!--more--><\/p>\n<h5><em>\u00a0lors des p\u00e9riode de f\u00eates \u00e0 fleurs comme la f\u00eate des m\u00e8res, la saint valentin, No\u00ebl etc&#8230; le prix des roses peut varier du simple au triple, ce que aura un impact sur le nombre de roses pour un m\u00eame prix.<br \/>\n<\/em><\/h5>\n","protected":false},"excerpt":{"rendered":"<p><strong>Bouquet rond de roses rouges gros bouton avec une rose blanche au centre. <\/strong>Vari\u00e9t\u00e9 de roses gros boutons, \u00e0 tige plut\u00f4t courtes entre 40 et 60cm de long. Le prix des roses peut beaucoup varier d&rsquo;une semaine \u00e0 l&rsquo;autre, mais hors p\u00e9riode de f\u00eate, ce bouquet comprend une vingtaine de roses<strong><br \/>\n<\/strong><!--more--><\/p>\n<h5><em>\u00a0lors des p\u00e9riode de f\u00eates \u00e0 fleurs comme la f\u00eate des m\u00e8res, la saint valentin, No\u00ebl etc&#8230; le prix des roses peut varier du simple au triple, ce que aura un impact sur le nombre de roses pour un m\u00eame prix.<br \/>\n<\/em><\/h5>\n","protected":false},"featured_media":479,"comment_status":"closed","ping_status":"closed","template":"","meta":[],"product_brand":[],"product_cat":[15,223],"product_tag":[38,60,22,48,49,83,35,80,81,40],"class_list":{"0":"post-475","1":"product","2":"type-product","3":"status-publish","4":"has-post-thumbnail","6":"product_cat-bouquets-de-fleurs-et-roses","7":"product_cat-roses-rouges-amour","8":"product_tag-amour","9":"product_tag-argeles-sur-mer","10":"product_tag-blanc","11":"product_tag-bouquet-de-fleurs","12":"product_tag-fleur","13":"product_tag-idee-cadeau-fete-des-meres","14":"product_tag-livraison-de-fleurs","15":"product_tag-maman","16":"product_tag-plante","17":"product_tag-roses","18":"product_shipping_class-liv-locale","19":"latest_post","21":"first","22":"instock","23":"taxable","24":"shipping-taxable","25":"purchasable","26":"product-type-variable"},"_links":{"self":[{"href":"https:\/\/artfloral-boutique.com\/index.php?rest_route=\/wp\/v2\/product\/475","targetHints":{"allow":["GET"]}}],"collection":[{"href":"https:\/\/artfloral-boutique.com\/index.php?rest_route=\/wp\/v2\/product"}],"about":[{"href":"https:\/\/artfloral-boutique.com\/index.php?rest_route=\/wp\/v2\/types\/product"}],"replies":[{"embeddable":true,"href":"https:\/\/artfloral-boutique.com\/index.php?rest_route=%2Fwp%2Fv2%2Fcomments&post=475"}],"wp:featuredmedia":[{"embeddable":true,"href":"https:\/\/artfloral-boutique.com\/index.php?rest_route=\/wp\/v2\/media\/479"}],"wp:attachment":[{"href":"https:\/\/artfloral-boutique.com\/index.php?rest_route=%2Fwp%2Fv2%2Fmedia&parent=475"}],"wp:term":[{"taxonomy":"product_brand","embeddable":true,"href":"https:\/\/artfloral-boutique.com\/index.php?rest_route=%2Fwp%2Fv2%2Fproduct_brand&post=475"},{"taxonomy":"product_cat","embeddable":true,"href":"https:\/\/artfloral-boutique.com\/index.php?rest_route=%2Fwp%2Fv2%2Fproduct_cat&post=475"},{"taxonomy":"product_tag","embeddable":true,"href":"https:\/\/artfloral-boutique.com\/index.php?rest_route=%2Fwp%2Fv2%2Fproduct_tag&post=475"}],"curies":[{"name":"wp","href":"https:\/\/api.w.org\/{rel}","templated":true}]}}