{"id":547,"date":"2021-08-14T10:51:50","date_gmt":"2021-08-14T08:51:50","guid":{"rendered":"https:\/\/artfloral-boutique.com\/?post_type=product&#038;p=547"},"modified":"2026-03-12T14:08:17","modified_gmt":"2026-03-12T13:08:17","slug":"gerbe-raquette-tons-colores","status":"publish","type":"product","link":"https:\/\/artfloral-boutique.com\/?product=gerbe-raquette-tons-colores","title":{"rendered":"Raquette allong\u00e9e tons color\u00e9s"},"content":{"rendered":"<p>La <strong>RAQUETTE<\/strong> est une composition de fleurs piqu\u00e9es de forme allong\u00e9e. Elle peut \u00eatre offerte par la famille, des amis ou des coll\u00e8gues, une institution ou des voisins.<\/p>\n<p>Les fleurs qui composent cette <strong>gerbe florale<\/strong> varient en fonction des saisons et de la dominante de couleur choisie. De <strong>tons chauds ou color\u00e9s<\/strong> elle est g\u00e9n\u00e9ralement choisie pour les fun\u00e9railles d&rsquo;un Homme ou d&rsquo;une Dame ayant aim\u00e9 les couleurs gaies. Lors du recueillement et de la c\u00e9r\u00e9monie, vos fleurs am\u00e8neront un peu de chaleur en ce moment de deuil, rendant un dernier hommage au d\u00e9funt.<\/p>\n","protected":false},"excerpt":{"rendered":"<p>La <strong>RAQUETTE<\/strong> est une composition de fleurs piqu\u00e9es de forme allong\u00e9e. Elle peut \u00eatre offerte par la famille, des amis ou des coll\u00e8gues, une institution ou des voisins.<\/p>\n<p>Les fleurs qui composent cette <strong>gerbe florale<\/strong> varient en fonction des saisons et de la dominante de couleur choisie. De <strong>tons chauds ou color\u00e9s<\/strong> elle est g\u00e9n\u00e9ralement choisie pour les fun\u00e9railles d&rsquo;un Homme ou d&rsquo;une Dame ayant aim\u00e9 les couleurs gaies. Lors du recueillement et de la c\u00e9r\u00e9monie, vos fleurs am\u00e8neront un peu de chaleur en ce moment de deuil, rendant un dernier hommage au d\u00e9funt.<\/p>\n","protected":false},"featured_media":704,"comment_status":"closed","ping_status":"closed","template":"","meta":[],"product_brand":[],"product_cat":[233,16,225],"product_tag":[22,20,17,21,19,18],"class_list":{"0":"post-547","1":"product","2":"type-product","3":"status-publish","4":"has-post-thumbnail","6":"product_cat-deuil-tons-colores","7":"product_cat-fleurs-deuil","8":"product_cat-raquettes","9":"product_tag-blanc","10":"product_tag-ceremonie","11":"product_tag-deuil","12":"product_tag-fleurs","13":"product_tag-funeraire","14":"product_tag-gerbe","15":"product_shipping_class-liv-locale","16":"latest_post","18":"first","19":"instock","20":"taxable","21":"shipping-taxable","22":"purchasable","23":"product-type-variable"},"_links":{"self":[{"href":"https:\/\/artfloral-boutique.com\/index.php?rest_route=\/wp\/v2\/product\/547","targetHints":{"allow":["GET"]}}],"collection":[{"href":"https:\/\/artfloral-boutique.com\/index.php?rest_route=\/wp\/v2\/product"}],"about":[{"href":"https:\/\/artfloral-boutique.com\/index.php?rest_route=\/wp\/v2\/types\/product"}],"replies":[{"embeddable":true,"href":"https:\/\/artfloral-boutique.com\/index.php?rest_route=%2Fwp%2Fv2%2Fcomments&post=547"}],"wp:featuredmedia":[{"embeddable":true,"href":"https:\/\/artfloral-boutique.com\/index.php?rest_route=\/wp\/v2\/media\/704"}],"wp:attachment":[{"href":"https:\/\/artfloral-boutique.com\/index.php?rest_route=%2Fwp%2Fv2%2Fmedia&parent=547"}],"wp:term":[{"taxonomy":"product_brand","embeddable":true,"href":"https:\/\/artfloral-boutique.com\/index.php?rest_route=%2Fwp%2Fv2%2Fproduct_brand&post=547"},{"taxonomy":"product_cat","embeddable":true,"href":"https:\/\/artfloral-boutique.com\/index.php?rest_route=%2Fwp%2Fv2%2Fproduct_cat&post=547"},{"taxonomy":"product_tag","embeddable":true,"href":"https:\/\/artfloral-boutique.com\/index.php?rest_route=%2Fwp%2Fv2%2Fproduct_tag&post=547"}],"curies":[{"name":"wp","href":"https:\/\/api.w.org\/{rel}","templated":true}]}}