{"id":563,"date":"2021-08-14T11:40:41","date_gmt":"2021-08-14T09:40:41","guid":{"rendered":"https:\/\/artfloral-boutique.com\/?post_type=product&#038;p=563"},"modified":"2026-03-12T14:06:55","modified_gmt":"2026-03-12T13:06:55","slug":"raquette-allongee-blanche","status":"publish","type":"product","link":"https:\/\/artfloral-boutique.com\/?product=raquette-allongee-blanche","title":{"rendered":"Raquette allong\u00e9e blanche"},"content":{"rendered":"<p>La <strong>RAQUETTE<\/strong> est une composition de fleurs piqu\u00e9es de forme allong\u00e9e. Elle peut \u00eatre offerte par la famille, des amis ou des coll\u00e8gues, une institution ou des voisins.<\/p>\n<p>Les fleurs qui composent cette <strong>gerbe florale<\/strong> varient en fonction des saisons et des fleurs disponibles au moment de la commande. Ce <strong>monochrome blanc<\/strong> est g\u00e9n\u00e9ralement choisi pour les fun\u00e9railles d&rsquo;une Dame ou d&rsquo;un Monsieur, quelque soit l&rsquo;\u00e2ge du d\u00e9funt. Lors du recueillement et de la c\u00e9r\u00e9monie, vos fleurs am\u00e8neront un peu de douceur en ce moment de deuil, rendant un dernier hommage au d\u00e9funt.<\/p>\n<p>En raison du caract\u00e8re tr\u00e8s sp\u00e9cifique de ce monochrome blanc vert, nous vous conseillons de nous appeler pour vous assurer de la disponibilit\u00e9 selon la date du deuil et le d\u00e9lai. T\u00e9l\u00e9phone du magasin 04 68 81 06 89 (appel non surtax\u00e9, aux heures d&rsquo;ouverture)<\/p>\n","protected":false},"excerpt":{"rendered":"<p>La <strong>RAQUETTE<\/strong> est une composition de fleurs piqu\u00e9es de forme allong\u00e9e. Elle peut \u00eatre offerte par la famille, des amis ou des coll\u00e8gues, une institution ou des voisins.<\/p>\n<p>Les fleurs qui composent cette <strong>gerbe florale<\/strong> varient en fonction des saisons et des fleurs disponibles au moment de la commande. Ce <strong>monochrome blanc<\/strong> est g\u00e9n\u00e9ralement choisi pour les fun\u00e9railles d&rsquo;une Dame ou d&rsquo;un Monsieur, quelque soit l&rsquo;\u00e2ge du d\u00e9funt. Lors du recueillement et de la c\u00e9r\u00e9monie, vos fleurs am\u00e8neront un peu de douceur en ce moment de deuil, rendant un dernier hommage au d\u00e9funt.<\/p>\n<p>En raison du caract\u00e8re tr\u00e8s sp\u00e9cifique de ce monochrome blanc vert, nous vous conseillons de nous appeler pour vous assurer de la disponibilit\u00e9 selon la date du deuil et le d\u00e9lai. T\u00e9l\u00e9phone du magasin 04 68 81 06 89 (appel non surtax\u00e9, aux heures d&rsquo;ouverture)<\/p>\n","protected":false},"featured_media":2148,"comment_status":"closed","ping_status":"closed","template":"","meta":[],"product_brand":[],"product_cat":[232,16,225],"product_tag":[22,20,17,21,19,18],"class_list":{"0":"post-563","1":"product","2":"type-product","3":"status-publish","4":"has-post-thumbnail","6":"product_cat-tons-pastels","7":"product_cat-fleurs-deuil","8":"product_cat-raquettes","9":"product_tag-blanc","10":"product_tag-ceremonie","11":"product_tag-deuil","12":"product_tag-fleurs","13":"product_tag-funeraire","14":"product_tag-gerbe","15":"latest_post","17":"first","18":"instock","19":"taxable","20":"shipping-taxable","21":"purchasable","22":"product-type-variable"},"_links":{"self":[{"href":"https:\/\/artfloral-boutique.com\/index.php?rest_route=\/wp\/v2\/product\/563","targetHints":{"allow":["GET"]}}],"collection":[{"href":"https:\/\/artfloral-boutique.com\/index.php?rest_route=\/wp\/v2\/product"}],"about":[{"href":"https:\/\/artfloral-boutique.com\/index.php?rest_route=\/wp\/v2\/types\/product"}],"replies":[{"embeddable":true,"href":"https:\/\/artfloral-boutique.com\/index.php?rest_route=%2Fwp%2Fv2%2Fcomments&post=563"}],"wp:featuredmedia":[{"embeddable":true,"href":"https:\/\/artfloral-boutique.com\/index.php?rest_route=\/wp\/v2\/media\/2148"}],"wp:attachment":[{"href":"https:\/\/artfloral-boutique.com\/index.php?rest_route=%2Fwp%2Fv2%2Fmedia&parent=563"}],"wp:term":[{"taxonomy":"product_brand","embeddable":true,"href":"https:\/\/artfloral-boutique.com\/index.php?rest_route=%2Fwp%2Fv2%2Fproduct_brand&post=563"},{"taxonomy":"product_cat","embeddable":true,"href":"https:\/\/artfloral-boutique.com\/index.php?rest_route=%2Fwp%2Fv2%2Fproduct_cat&post=563"},{"taxonomy":"product_tag","embeddable":true,"href":"https:\/\/artfloral-boutique.com\/index.php?rest_route=%2Fwp%2Fv2%2Fproduct_tag&post=563"}],"curies":[{"name":"wp","href":"https:\/\/api.w.org\/{rel}","templated":true}]}}