{"id":605,"date":"2021-08-16T12:53:58","date_gmt":"2021-08-16T10:53:58","guid":{"rendered":"https:\/\/artfloral-boutique.com\/?post_type=product&#038;p=605"},"modified":"2021-08-16T12:53:59","modified_gmt":"2021-08-16T10:53:59","slug":"coeur-tendre","status":"publish","type":"product","link":"https:\/\/artfloral-boutique.com\/?product=coeur-tendre","title":{"rendered":"c\u0153ur tendre"},"content":{"rendered":"<p>Petite <strong>composition de fleurs piqu\u00e9es<\/strong> fraiches dans des <strong>tons pastels<\/strong>, en forme de <strong>petit c\u0153ur d&rsquo;environ 20 \/30 cm de diam\u00e8tre<\/strong>. Les fleurs sont piqu\u00e9es dans une mousse imbib\u00e9e d&rsquo;eau et se posera avec tendresse sur la table ou un meuble de la personne chanceuse qui le recevra. Joli t\u00e9moignage de sentiments tout en douceur.<\/p>\n","protected":false},"excerpt":{"rendered":"<p>Petite <strong>composition de fleurs piqu\u00e9es<\/strong> fraiches dans des <strong>tons pastels<\/strong>, en forme de <strong>petit c\u0153ur d&rsquo;environ 20 \/30 cm de diam\u00e8tre<\/strong>. Les fleurs sont piqu\u00e9es dans une mousse imbib\u00e9e d&rsquo;eau et se posera avec tendresse sur la table ou un meuble de la personne chanceuse qui le recevra. Joli t\u00e9moignage de sentiments tout en douceur.<\/p>\n","protected":false},"featured_media":606,"comment_status":"closed","ping_status":"closed","template":"","meta":[],"product_brand":[],"product_cat":[15],"product_tag":[38,56,21,35,58],"class_list":{"0":"post-605","1":"product","2":"type-product","3":"status-publish","4":"has-post-thumbnail","6":"product_cat-bouquets-de-fleurs-et-roses","7":"product_tag-amour","8":"product_tag-coeur","9":"product_tag-fleurs","10":"product_tag-livraison-de-fleurs","11":"product_tag-tendresse","12":"product_shipping_class-liv-locale","13":"latest_post","15":"first","16":"instock","17":"taxable","18":"shipping-taxable","19":"purchasable","20":"product-type-simple"},"_links":{"self":[{"href":"https:\/\/artfloral-boutique.com\/index.php?rest_route=\/wp\/v2\/product\/605","targetHints":{"allow":["GET"]}}],"collection":[{"href":"https:\/\/artfloral-boutique.com\/index.php?rest_route=\/wp\/v2\/product"}],"about":[{"href":"https:\/\/artfloral-boutique.com\/index.php?rest_route=\/wp\/v2\/types\/product"}],"replies":[{"embeddable":true,"href":"https:\/\/artfloral-boutique.com\/index.php?rest_route=%2Fwp%2Fv2%2Fcomments&post=605"}],"wp:featuredmedia":[{"embeddable":true,"href":"https:\/\/artfloral-boutique.com\/index.php?rest_route=\/wp\/v2\/media\/606"}],"wp:attachment":[{"href":"https:\/\/artfloral-boutique.com\/index.php?rest_route=%2Fwp%2Fv2%2Fmedia&parent=605"}],"wp:term":[{"taxonomy":"product_brand","embeddable":true,"href":"https:\/\/artfloral-boutique.com\/index.php?rest_route=%2Fwp%2Fv2%2Fproduct_brand&post=605"},{"taxonomy":"product_cat","embeddable":true,"href":"https:\/\/artfloral-boutique.com\/index.php?rest_route=%2Fwp%2Fv2%2Fproduct_cat&post=605"},{"taxonomy":"product_tag","embeddable":true,"href":"https:\/\/artfloral-boutique.com\/index.php?rest_route=%2Fwp%2Fv2%2Fproduct_tag&post=605"}],"curies":[{"name":"wp","href":"https:\/\/api.w.org\/{rel}","templated":true}]}}