{"id":621,"date":"2021-08-18T18:29:29","date_gmt":"2021-08-18T16:29:29","guid":{"rendered":"https:\/\/artfloral-boutique.com\/?post_type=product&#038;p=621"},"modified":"2026-03-16T19:40:56","modified_gmt":"2026-03-16T18:40:56","slug":"raquette-allongee-rose-soutenu","status":"publish","type":"product","link":"https:\/\/artfloral-boutique.com\/?product=raquette-allongee-rose-soutenu","title":{"rendered":"Raquette allong\u00e9e Rose et couleur plus soutenue"},"content":{"rendered":"<p>La <strong>RAQUETTE<\/strong> est une composition de fleurs piqu\u00e9es de forme allong\u00e9e. Elle peut \u00eatre offerte par la famille, des amis ou des coll\u00e8gues, une institution ou des voisins.<\/p>\n<p>Les fleurs qui composent cette <strong>gerbe florale<\/strong> varient en fonction des saisons et des fleurs disponibles au moment de la commande. Cette gerbe est de dominantes <strong>roses soutenue et peut contenir du rouge ou du violet<\/strong>, aussi bien choisie pour les fun\u00e9railles d&rsquo;une Dame comme d&rsquo;un Monsieur, quelque soit l&rsquo;\u00e2ge du d\u00e9funt. Lors du recueillement et de la c\u00e9r\u00e9monie, vos fleurs am\u00e8neront un peu de douceur en ce moment de deuil, rendant un dernier hommage au d\u00e9funt.<\/p>\n<p>Pour tous conseils, vous pouvez nous appeler par T\u00e9l\u00e9phone du magasin 04 68 81 06 89 (appel non surtax\u00e9, aux heures d&rsquo;ouverture)<\/p>\n","protected":false},"excerpt":{"rendered":"<p>La <strong>RAQUETTE<\/strong> est une composition de fleurs piqu\u00e9es de forme allong\u00e9e. Elle peut \u00eatre offerte par la famille, des amis ou des coll\u00e8gues, une institution ou des voisins.<\/p>\n<p>Les fleurs qui composent cette <strong>gerbe florale<\/strong> varient en fonction des saisons et des fleurs disponibles au moment de la commande. Cette gerbe est de dominantes <strong>roses soutenue et peut contenir du rouge ou du violet<\/strong>, aussi bien choisie pour les fun\u00e9railles d&rsquo;une Dame comme d&rsquo;un Monsieur, quelque soit l&rsquo;\u00e2ge du d\u00e9funt. Lors du recueillement et de la c\u00e9r\u00e9monie, vos fleurs am\u00e8neront un peu de douceur en ce moment de deuil, rendant un dernier hommage au d\u00e9funt.<\/p>\n<p>Pour tous conseils, vous pouvez nous appeler par T\u00e9l\u00e9phone du magasin 04 68 81 06 89 (appel non surtax\u00e9, aux heures d&rsquo;ouverture)<\/p>\n","protected":false},"featured_media":627,"comment_status":"closed","ping_status":"closed","template":"","meta":[],"product_brand":[],"product_cat":[232,233,16,225],"product_tag":[22,20,17,21,19,18],"class_list":{"0":"post-621","1":"product","2":"type-product","3":"status-publish","4":"has-post-thumbnail","6":"product_cat-tons-pastels","7":"product_cat-deuil-tons-colores","8":"product_cat-fleurs-deuil","9":"product_cat-raquettes","10":"product_tag-blanc","11":"product_tag-ceremonie","12":"product_tag-deuil","13":"product_tag-fleurs","14":"product_tag-funeraire","15":"product_tag-gerbe","16":"product_shipping_class-liv-locale","17":"latest_post","19":"first","20":"instock","21":"taxable","22":"shipping-taxable","23":"purchasable","24":"product-type-variable"},"_links":{"self":[{"href":"https:\/\/artfloral-boutique.com\/index.php?rest_route=\/wp\/v2\/product\/621","targetHints":{"allow":["GET"]}}],"collection":[{"href":"https:\/\/artfloral-boutique.com\/index.php?rest_route=\/wp\/v2\/product"}],"about":[{"href":"https:\/\/artfloral-boutique.com\/index.php?rest_route=\/wp\/v2\/types\/product"}],"replies":[{"embeddable":true,"href":"https:\/\/artfloral-boutique.com\/index.php?rest_route=%2Fwp%2Fv2%2Fcomments&post=621"}],"wp:featuredmedia":[{"embeddable":true,"href":"https:\/\/artfloral-boutique.com\/index.php?rest_route=\/wp\/v2\/media\/627"}],"wp:attachment":[{"href":"https:\/\/artfloral-boutique.com\/index.php?rest_route=%2Fwp%2Fv2%2Fmedia&parent=621"}],"wp:term":[{"taxonomy":"product_brand","embeddable":true,"href":"https:\/\/artfloral-boutique.com\/index.php?rest_route=%2Fwp%2Fv2%2Fproduct_brand&post=621"},{"taxonomy":"product_cat","embeddable":true,"href":"https:\/\/artfloral-boutique.com\/index.php?rest_route=%2Fwp%2Fv2%2Fproduct_cat&post=621"},{"taxonomy":"product_tag","embeddable":true,"href":"https:\/\/artfloral-boutique.com\/index.php?rest_route=%2Fwp%2Fv2%2Fproduct_tag&post=621"}],"curies":[{"name":"wp","href":"https:\/\/api.w.org\/{rel}","templated":true}]}}