{"id":641,"date":"2021-08-20T14:43:29","date_gmt":"2021-08-20T12:43:29","guid":{"rendered":"https:\/\/artfloral-boutique.com\/?post_type=product&#038;p=641"},"modified":"2026-03-12T13:52:59","modified_gmt":"2026-03-12T12:52:59","slug":"grand-coussin-carre-pastel-pour-ceremonie-deuil","status":"publish","type":"product","link":"https:\/\/artfloral-boutique.com\/?product=grand-coussin-carre-pastel-pour-ceremonie-deuil","title":{"rendered":"Grand Coussin carr\u00e9 pastel pour c\u00e9r\u00e9monie deuil"},"content":{"rendered":"<p>Le <strong>COUSSIN CARR\u00c9<\/strong> est un Assemblage de fleurs piqu\u00e9es de c\u00e9r\u00e9monie fun\u00e9raire. S&rsquo;il est Offert par la famille, il peut \u00eatre pos\u00e9 sur le cercueil est faire office de dessus de cercueil. Offert par des amis ou des proches, il sera un \u00e9l\u00e9ment fleuri \u00e9l\u00e9gant lors de la c\u00e9r\u00e9monie. De forme structur\u00e9e, le coussin carr\u00e9 est compos\u00e9 tel un patchwork de couleur. Le choix des fleurs et des couleurs varient selon les fleurs disponibles et la saison.<\/p>\n<p>La dominante de ce mod\u00e8le est pastel mais d&rsquo;autres couleurs sont envisageables en se contactant par t\u00e9l\u00e9phone au 04 68 81 06 89. Les fleurs sont choisies selon la saison et la disponibilit\u00e9 des vari\u00e9t\u00e9s et couleurs au moment de la commande. Le Ruban n&rsquo;est pas inclus dans le prix.<\/p>\n","protected":false},"excerpt":{"rendered":"<p>Le <strong>COUSSIN CARR\u00c9<\/strong> est un Assemblage de fleurs piqu\u00e9es de c\u00e9r\u00e9monie fun\u00e9raire. S&rsquo;il est Offert par la famille, il peut \u00eatre pos\u00e9 sur le cercueil est faire office de dessus de cercueil. Offert par des amis ou des proches, il sera un \u00e9l\u00e9ment fleuri \u00e9l\u00e9gant lors de la c\u00e9r\u00e9monie. De forme structur\u00e9e, le coussin carr\u00e9 est compos\u00e9 tel un patchwork de couleur. Le choix des fleurs et des couleurs varient selon les fleurs disponibles et la saison.<\/p>\n<p>La dominante de ce mod\u00e8le est pastel mais d&rsquo;autres couleurs sont envisageables en se contactant par t\u00e9l\u00e9phone au 04 68 81 06 89. Les fleurs sont choisies selon la saison et la disponibilit\u00e9 des vari\u00e9t\u00e9s et couleurs au moment de la commande. Le Ruban n&rsquo;est pas inclus dans le prix.<\/p>\n","protected":false},"featured_media":642,"comment_status":"open","ping_status":"closed","template":"","meta":[],"product_brand":[],"product_cat":[232,16,226],"product_tag":[20,56,86,17,21,19,18],"class_list":{"0":"post-641","1":"product","2":"type-product","3":"status-publish","4":"has-post-thumbnail","6":"product_cat-tons-pastels","7":"product_cat-fleurs-deuil","8":"product_cat-coussins","9":"product_tag-ceremonie","10":"product_tag-coeur","11":"product_tag-coussin","12":"product_tag-deuil","13":"product_tag-fleurs","14":"product_tag-funeraire","15":"product_tag-gerbe","16":"product_shipping_class-liv-locale","17":"latest_post","19":"first","20":"instock","21":"taxable","22":"shipping-taxable","23":"purchasable","24":"product-type-simple"},"_links":{"self":[{"href":"https:\/\/artfloral-boutique.com\/index.php?rest_route=\/wp\/v2\/product\/641","targetHints":{"allow":["GET"]}}],"collection":[{"href":"https:\/\/artfloral-boutique.com\/index.php?rest_route=\/wp\/v2\/product"}],"about":[{"href":"https:\/\/artfloral-boutique.com\/index.php?rest_route=\/wp\/v2\/types\/product"}],"replies":[{"embeddable":true,"href":"https:\/\/artfloral-boutique.com\/index.php?rest_route=%2Fwp%2Fv2%2Fcomments&post=641"}],"wp:featuredmedia":[{"embeddable":true,"href":"https:\/\/artfloral-boutique.com\/index.php?rest_route=\/wp\/v2\/media\/642"}],"wp:attachment":[{"href":"https:\/\/artfloral-boutique.com\/index.php?rest_route=%2Fwp%2Fv2%2Fmedia&parent=641"}],"wp:term":[{"taxonomy":"product_brand","embeddable":true,"href":"https:\/\/artfloral-boutique.com\/index.php?rest_route=%2Fwp%2Fv2%2Fproduct_brand&post=641"},{"taxonomy":"product_cat","embeddable":true,"href":"https:\/\/artfloral-boutique.com\/index.php?rest_route=%2Fwp%2Fv2%2Fproduct_cat&post=641"},{"taxonomy":"product_tag","embeddable":true,"href":"https:\/\/artfloral-boutique.com\/index.php?rest_route=%2Fwp%2Fv2%2Fproduct_tag&post=641"}],"curies":[{"name":"wp","href":"https:\/\/api.w.org\/{rel}","templated":true}]}}