{"id":658,"date":"2021-08-21T11:03:10","date_gmt":"2021-08-21T09:03:10","guid":{"rendered":"https:\/\/artfloral-boutique.com\/?post_type=product&#038;p=658"},"modified":"2021-09-12T20:38:34","modified_gmt":"2021-09-12T18:38:34","slug":"10-bouquets-de-tables-de-mariage-taille-standard","status":"publish","type":"product","link":"https:\/\/artfloral-boutique.com\/?product=10-bouquets-de-tables-de-mariage-taille-standard","title":{"rendered":"10 Bouquets de tables de Mariage &#8211; taille standard"},"content":{"rendered":"<p>Pour fleurir les tables de vos invit\u00e9s <strong>lors de la r\u00e9ception<\/strong>, nous proposons des <strong>centres de tables<\/strong> sous forme de <strong>bouquets de fleurs fra\u00eeches pr\u00e9sent\u00e9es dans un vase en verre rond<\/strong>. <\/p>\n<p>Cette formule comprend :<br \/>\n&#8211; le bouquet selon les couleurs et le th\u00e8me du mariage en fleurs de saison<br \/>\n&#8211; le pr\u00eat du vase de <strong>taille standard<\/strong> de dimensions : largeur +\/-14.50cm ; hauteur 11.50cm<\/p>\n<p>L&rsquo;ensemble repr\u00e9sente un centre de table d&rsquo;une hauteur globale de 20 cm et d&rsquo;une largeur\/diam\u00e8tre d&rsquo;environ 20 cm selon les fleurs et le style a\u00e9rien ou serr\u00e9. <\/p>\n<p>La location des vases est gratuite pour la formule \u00e0 partir de 10 centres de table, mais une location payante peut \u00e9galement \u00eatre possible pour une commande inf\u00e9rieure en quantit\u00e9. <\/p>\n<p>Le pr\u00eat ou la location des vases sont soumis \u00e0 un ch\u00e8que de caution d&rsquo;un montant de 10\u20ac par vase en cas de casse, dommage ou non restitution dans les 24h apr\u00e8s le mariage.<\/p>\n","protected":false},"excerpt":{"rendered":"<p>Pour fleurir les tables de vos invit\u00e9s <strong>lors de la r\u00e9ception<\/strong>, nous proposons des <strong>centres de tables<\/strong> sous forme de <strong>bouquets de fleurs fra\u00eeches pr\u00e9sent\u00e9es dans un vase en verre rond<\/strong>. <\/p>\n<p>Cette formule comprend :<br \/>\n&#8211; le bouquet selon les couleurs et le th\u00e8me du mariage en fleurs de saison<br \/>\n&#8211; le pr\u00eat du vase de <strong>taille standard<\/strong> de dimensions : largeur +\/-14.50cm ; hauteur 11.50cm<\/p>\n<p>L&rsquo;ensemble repr\u00e9sente un centre de table d&rsquo;une hauteur globale de 20 cm et d&rsquo;une largeur\/diam\u00e8tre d&rsquo;environ 20 cm selon les fleurs et le style a\u00e9rien ou serr\u00e9. <\/p>\n<p>La location des vases est gratuite pour la formule \u00e0 partir de 10 centres de table, mais une location payante peut \u00e9galement \u00eatre possible pour une commande inf\u00e9rieure en quantit\u00e9. <\/p>\n<p>Le pr\u00eat ou la location des vases sont soumis \u00e0 un ch\u00e8que de caution d&rsquo;un montant de 10\u20ac par vase en cas de casse, dommage ou non restitution dans les 24h apr\u00e8s le mariage.<\/p>\n","protected":false},"featured_media":657,"comment_status":"closed","ping_status":"closed","template":"","meta":[],"product_brand":[],"product_cat":[88],"product_tag":[106,96],"class_list":{"0":"post-658","1":"product","2":"type-product","3":"status-publish","4":"has-post-thumbnail","6":"product_cat-mariage","7":"product_tag-centre-de-table-mariage","8":"product_tag-mariage","9":"product_shipping_class-liv-locale","10":"latest_post","12":"first","13":"instock","14":"taxable","15":"shipping-taxable","16":"purchasable","17":"product-type-simple"},"_links":{"self":[{"href":"https:\/\/artfloral-boutique.com\/index.php?rest_route=\/wp\/v2\/product\/658","targetHints":{"allow":["GET"]}}],"collection":[{"href":"https:\/\/artfloral-boutique.com\/index.php?rest_route=\/wp\/v2\/product"}],"about":[{"href":"https:\/\/artfloral-boutique.com\/index.php?rest_route=\/wp\/v2\/types\/product"}],"replies":[{"embeddable":true,"href":"https:\/\/artfloral-boutique.com\/index.php?rest_route=%2Fwp%2Fv2%2Fcomments&post=658"}],"wp:featuredmedia":[{"embeddable":true,"href":"https:\/\/artfloral-boutique.com\/index.php?rest_route=\/wp\/v2\/media\/657"}],"wp:attachment":[{"href":"https:\/\/artfloral-boutique.com\/index.php?rest_route=%2Fwp%2Fv2%2Fmedia&parent=658"}],"wp:term":[{"taxonomy":"product_brand","embeddable":true,"href":"https:\/\/artfloral-boutique.com\/index.php?rest_route=%2Fwp%2Fv2%2Fproduct_brand&post=658"},{"taxonomy":"product_cat","embeddable":true,"href":"https:\/\/artfloral-boutique.com\/index.php?rest_route=%2Fwp%2Fv2%2Fproduct_cat&post=658"},{"taxonomy":"product_tag","embeddable":true,"href":"https:\/\/artfloral-boutique.com\/index.php?rest_route=%2Fwp%2Fv2%2Fproduct_tag&post=658"}],"curies":[{"name":"wp","href":"https:\/\/api.w.org\/{rel}","templated":true}]}}