{"id":710,"date":"2021-08-25T18:11:14","date_gmt":"2021-08-25T16:11:14","guid":{"rendered":"https:\/\/artfloral-boutique.com\/?post_type=product&#038;p=710"},"modified":"2021-08-25T18:12:29","modified_gmt":"2021-08-25T16:12:29","slug":"composition-piquee-rosemantic","status":"publish","type":"product","link":"https:\/\/artfloral-boutique.com\/?product=composition-piquee-rosemantic","title":{"rendered":"Composition piqu\u00e9e Rosemantic"},"content":{"rendered":"<p>Composition piqu\u00e9e de fleurs coup\u00e9es de saison, pouvant \u00eatre utilis\u00e9 en centre de table. Couleurs \u00e0 dominante rose. Le contenant peut changer selon le stock disponible.<\/p>\n","protected":false},"excerpt":{"rendered":"<p>Composition piqu\u00e9e de fleurs coup\u00e9es de saison, pouvant \u00eatre utilis\u00e9 en centre de table. Couleurs \u00e0 dominante rose. Le contenant peut changer selon le stock disponible.<\/p>\n","protected":false},"featured_media":709,"comment_status":"closed","ping_status":"closed","template":"","meta":[],"product_brand":[],"product_cat":[15],"product_tag":[],"class_list":{"0":"post-710","1":"product","2":"type-product","3":"status-publish","4":"has-post-thumbnail","6":"product_cat-bouquets-de-fleurs-et-roses","7":"product_shipping_class-liv-locale","8":"latest_post","10":"first","11":"instock","12":"taxable","13":"shipping-taxable","14":"purchasable","15":"product-type-simple"},"_links":{"self":[{"href":"https:\/\/artfloral-boutique.com\/index.php?rest_route=\/wp\/v2\/product\/710","targetHints":{"allow":["GET"]}}],"collection":[{"href":"https:\/\/artfloral-boutique.com\/index.php?rest_route=\/wp\/v2\/product"}],"about":[{"href":"https:\/\/artfloral-boutique.com\/index.php?rest_route=\/wp\/v2\/types\/product"}],"replies":[{"embeddable":true,"href":"https:\/\/artfloral-boutique.com\/index.php?rest_route=%2Fwp%2Fv2%2Fcomments&post=710"}],"wp:featuredmedia":[{"embeddable":true,"href":"https:\/\/artfloral-boutique.com\/index.php?rest_route=\/wp\/v2\/media\/709"}],"wp:attachment":[{"href":"https:\/\/artfloral-boutique.com\/index.php?rest_route=%2Fwp%2Fv2%2Fmedia&parent=710"}],"wp:term":[{"taxonomy":"product_brand","embeddable":true,"href":"https:\/\/artfloral-boutique.com\/index.php?rest_route=%2Fwp%2Fv2%2Fproduct_brand&post=710"},{"taxonomy":"product_cat","embeddable":true,"href":"https:\/\/artfloral-boutique.com\/index.php?rest_route=%2Fwp%2Fv2%2Fproduct_cat&post=710"},{"taxonomy":"product_tag","embeddable":true,"href":"https:\/\/artfloral-boutique.com\/index.php?rest_route=%2Fwp%2Fv2%2Fproduct_tag&post=710"}],"curies":[{"name":"wp","href":"https:\/\/api.w.org\/{rel}","templated":true}]}}