{"id":714,"date":"2021-08-26T12:18:12","date_gmt":"2021-08-26T10:18:12","guid":{"rendered":"https:\/\/artfloral-boutique.com\/?post_type=product&#038;p=714"},"modified":"2026-03-12T13:51:18","modified_gmt":"2026-03-12T12:51:18","slug":"bouquet-long-blanc-deuil","status":"publish","type":"product","link":"https:\/\/artfloral-boutique.com\/?product=bouquet-long-blanc-deuil","title":{"rendered":"bouquet long blanc deuil"},"content":{"rendered":"<p>Bouquet long et \u00e9lanc\u00e9 de fleurs de saison blanches pour c\u00e9r\u00e9monie deuil.<\/p>\n","protected":false},"excerpt":{"rendered":"<p>Bouquet long et \u00e9lanc\u00e9 de fleurs de saison blanches pour c\u00e9r\u00e9monie deuil.<\/p>\n","protected":false},"featured_media":703,"comment_status":"closed","ping_status":"closed","template":"","meta":[],"product_brand":[],"product_cat":[232,229,16],"product_tag":[],"class_list":{"0":"post-714","1":"product","2":"type-product","3":"status-publish","4":"has-post-thumbnail","6":"product_cat-tons-pastels","7":"product_cat-bouquets-deuil","8":"product_cat-fleurs-deuil","9":"product_shipping_class-liv-locale","10":"latest_post","12":"first","13":"instock","14":"taxable","15":"shipping-taxable","16":"purchasable","17":"product-type-simple"},"_links":{"self":[{"href":"https:\/\/artfloral-boutique.com\/index.php?rest_route=\/wp\/v2\/product\/714","targetHints":{"allow":["GET"]}}],"collection":[{"href":"https:\/\/artfloral-boutique.com\/index.php?rest_route=\/wp\/v2\/product"}],"about":[{"href":"https:\/\/artfloral-boutique.com\/index.php?rest_route=\/wp\/v2\/types\/product"}],"replies":[{"embeddable":true,"href":"https:\/\/artfloral-boutique.com\/index.php?rest_route=%2Fwp%2Fv2%2Fcomments&post=714"}],"wp:featuredmedia":[{"embeddable":true,"href":"https:\/\/artfloral-boutique.com\/index.php?rest_route=\/wp\/v2\/media\/703"}],"wp:attachment":[{"href":"https:\/\/artfloral-boutique.com\/index.php?rest_route=%2Fwp%2Fv2%2Fmedia&parent=714"}],"wp:term":[{"taxonomy":"product_brand","embeddable":true,"href":"https:\/\/artfloral-boutique.com\/index.php?rest_route=%2Fwp%2Fv2%2Fproduct_brand&post=714"},{"taxonomy":"product_cat","embeddable":true,"href":"https:\/\/artfloral-boutique.com\/index.php?rest_route=%2Fwp%2Fv2%2Fproduct_cat&post=714"},{"taxonomy":"product_tag","embeddable":true,"href":"https:\/\/artfloral-boutique.com\/index.php?rest_route=%2Fwp%2Fv2%2Fproduct_tag&post=714"}],"curies":[{"name":"wp","href":"https:\/\/api.w.org\/{rel}","templated":true}]}}