{"id":736,"date":"2021-08-28T11:10:07","date_gmt":"2021-08-28T09:10:07","guid":{"rendered":"https:\/\/artfloral-boutique.com\/?post_type=product&#038;p=736"},"modified":"2024-05-18T12:46:04","modified_gmt":"2024-05-18T10:46:04","slug":"gros-bouquet-rond-genereux-couleur","status":"publish","type":"product","link":"https:\/\/artfloral-boutique.com\/?product=gros-bouquet-rond-genereux-couleur","title":{"rendered":"Gros Bouquet Rond G\u00e9n\u00e9reux Color\u00e9"},"content":{"rendered":"<p><strong>Rond, g\u00e9n\u00e9reux, plein d&rsquo;Amour et de tendresse<\/strong>&#8230; c&rsquo;est tout <strong>VOUS<\/strong> ? Alors ce bouquet vous repr\u00e9sente ! <\/p>\n<p>Compos\u00e9 de fleurs de saison de tons color\u00e9s, ce bouquet devrait d\u00e9clencher quelques larmes de bonheur et combler d&rsquo;attention ! si vous n&rsquo;avez pas de vase assez gros, on vous laissera un seau pour qu&rsquo;il soit gard\u00e9 et ch\u00e9ri plus longtemps.<\/p>\n","protected":false},"excerpt":{"rendered":"<p><strong>Rond, g\u00e9n\u00e9reux, plein d&rsquo;Amour et de tendresse<\/strong>&#8230; c&rsquo;est tout <strong>VOUS<\/strong> ? Alors ce bouquet vous repr\u00e9sente ! <\/p>\n<p>Compos\u00e9 de fleurs de saison de tons color\u00e9s, ce bouquet devrait d\u00e9clencher quelques larmes de bonheur et combler d&rsquo;attention ! si vous n&rsquo;avez pas de vase assez gros, on vous laissera un seau pour qu&rsquo;il soit gard\u00e9 et ch\u00e9ri plus longtemps.<\/p>\n","protected":false},"featured_media":724,"comment_status":"closed","ping_status":"closed","template":"","meta":[],"product_brand":[],"product_cat":[15,218,110],"product_tag":[38,57,55,104,105],"class_list":{"0":"post-736","1":"product","2":"type-product","3":"status-publish","4":"has-post-thumbnail","6":"product_cat-bouquets-de-fleurs-et-roses","7":"product_cat-fete-des-meres","8":"product_cat-nos-gros-bouquets","9":"product_tag-amour","10":"product_tag-bouquet","11":"product_tag-bouquet-rond","12":"product_tag-genereux","13":"product_tag-love","14":"product_shipping_class-liv-locale","15":"latest_post","17":"first","18":"instock","19":"taxable","20":"shipping-taxable","21":"purchasable","22":"product-type-variable"},"_links":{"self":[{"href":"https:\/\/artfloral-boutique.com\/index.php?rest_route=\/wp\/v2\/product\/736","targetHints":{"allow":["GET"]}}],"collection":[{"href":"https:\/\/artfloral-boutique.com\/index.php?rest_route=\/wp\/v2\/product"}],"about":[{"href":"https:\/\/artfloral-boutique.com\/index.php?rest_route=\/wp\/v2\/types\/product"}],"replies":[{"embeddable":true,"href":"https:\/\/artfloral-boutique.com\/index.php?rest_route=%2Fwp%2Fv2%2Fcomments&post=736"}],"wp:featuredmedia":[{"embeddable":true,"href":"https:\/\/artfloral-boutique.com\/index.php?rest_route=\/wp\/v2\/media\/724"}],"wp:attachment":[{"href":"https:\/\/artfloral-boutique.com\/index.php?rest_route=%2Fwp%2Fv2%2Fmedia&parent=736"}],"wp:term":[{"taxonomy":"product_brand","embeddable":true,"href":"https:\/\/artfloral-boutique.com\/index.php?rest_route=%2Fwp%2Fv2%2Fproduct_brand&post=736"},{"taxonomy":"product_cat","embeddable":true,"href":"https:\/\/artfloral-boutique.com\/index.php?rest_route=%2Fwp%2Fv2%2Fproduct_cat&post=736"},{"taxonomy":"product_tag","embeddable":true,"href":"https:\/\/artfloral-boutique.com\/index.php?rest_route=%2Fwp%2Fv2%2Fproduct_tag&post=736"}],"curies":[{"name":"wp","href":"https:\/\/api.w.org\/{rel}","templated":true}]}}